{"id":145119,"date":"2023-11-30T20:20:00","date_gmt":"2023-11-30T17:20:00","guid":{"rendered":"https:\/\/medclinics.com\/haartransplantation-ohne-rasur\/"},"modified":"2025-01-26T23:28:56","modified_gmt":"2025-01-26T20:28:56","slug":"haartransplantation-ohne-rasur","status":"publish","type":"page","link":"https:\/\/medclinics.com\/de\/haartransplantation-ohne-rasur\/","title":{"rendered":"Haartransplantation ohne Rasur"},"content":{"rendered":"\n<h2 class=\"wp-block-heading\">Die Haartransplantation ohne Rasur, auch bekannt als unrasierte oder rasurfreie Haartransplantation, ist vor allem bei Frauen sehr beliebt.<\/h2>\n\n<p>Welche Frau m\u00f6chte schon mit einer Glatze herumlaufen, und sei es nur vor\u00fcbergehend?<\/p>\n\n<p>Normalerweise wird bei einer <a href=\"https:\/\/istanbul-tourist-information.com\/en\/category\/hair\/\" target=\"_blank\" rel=\"noreferrer noopener\">Haartransplantation<\/a> der gesamte Kopf rasiert. Dies geschieht, damit der Arzt einen besseren Zugang zu den Haarfollikeln und auch zum Empf\u00e4ngerbereich hat.<\/p>\n\n<p>Bei der Haartransplantation ohne Rasur wird nur das Haar im Spenderbereich auf eine bestimmte L\u00e4nge gek\u00fcrzt, damit der Chirurg Zugang zu den Haarfollikeln hat. Der Empf\u00e4ngerbereich wird \u00fcberhaupt nicht rasiert.<\/p>\n\n<p>Diese Technik wird h\u00e4ufig angewandt, wenn nur ein kleiner Teil der Kopfhaut behandelt werden muss, wie z. B. der Haaransatz oder der Scheitel.<\/p>\n\n<p>In diesem Fall wird in der Regel die FUE-Methode als Transplantationsmethode verwendet.<\/p>\n\n<p>Die Haartransplantation ohne Rasur dauert l\u00e4nger als die mit, da der Chirurg die Haarfollikel sorgf\u00e4ltig k\u00fcrzen und entnehmen muss, wobei das vorhandene Haar im Spenderbereich erhalten bleibt.<\/p>\n\n<p>Nach einer Transplantation ohne Rasur kann sich vor\u00fcbergehend ein Schorf bilden. Mit Schwellungen und R\u00f6tungen ist ebenfalls zu rechnen.<br\/>Im Allgemeinen ist die Erholungszeit jedoch k\u00fcrzer als bei einer normalen Haartransplantation.<\/p>\n\n<h3 class=\"wp-block-heading\">Alles, was Sie \u00fcber <a href=\"https:\/\/medclinics.com\/de\/haartransplantation\/\" target=\"_blank\" rel=\"noreferrer noopener\">Haartransplantationen<\/a> wissen m\u00fcssen, einschlie\u00dflich Preis, Nachbehandlung und Heilungsprozess, oder <a href=\"#requestform\">kontaktieren Sie uns<\/a>!<\/h3>\n\n<figure class=\"wp-block-image size-full is-resized\"><img fetchpriority=\"high\" decoding=\"async\" width=\"711\" height=\"400\" src=\"https:\/\/medclinics.com\/wp-content\/uploads\/2023\/10\/hair-transplant-without-shaving-near-me-edited.jpg\" alt=\"Haartransplantation ohne Rasur\" class=\"wp-image-116039\" style=\"object-fit:cover;width:960px;height:540px\" srcset=\"https:\/\/medclinics.com\/wp-content\/uploads\/2023\/10\/hair-transplant-without-shaving-near-me-edited.jpg 711w, https:\/\/medclinics.com\/wp-content\/uploads\/2023\/10\/hair-transplant-without-shaving-near-me-edited-500x281.jpg 500w, https:\/\/medclinics.com\/wp-content\/uploads\/2023\/10\/hair-transplant-without-shaving-near-me-edited-24x14.jpg 24w, https:\/\/medclinics.com\/wp-content\/uploads\/2023\/10\/hair-transplant-without-shaving-near-me-edited-36x20.jpg 36w, https:\/\/medclinics.com\/wp-content\/uploads\/2023\/10\/hair-transplant-without-shaving-near-me-edited-48x27.jpg 48w\" sizes=\"(max-width: 711px) 100vw, 711px\" \/><\/figure>\n\n<h2 class=\"wp-block-heading\">FAQ <\/h2>\n<div id=\"rank-math-faq\" class=\"rank-math-block\">\n<div class=\"rank-math-list \">\n<div id=\"faq-question-1683391548998\" class=\"rank-math-list-item\">\n<h3 class=\"rank-math-question \">Wie wird eine Haartransplantation ohne Rasur durchgef\u00fchrt?<\/h3>\n<div class=\"rank-math-answer \">\n\n<p>Bei der rasurfreien Haartransplantation muss nur der Spenderbereich auf eine bestimmte L\u00e4nge getrimmt werden. Der Empf\u00e4ngerbereich wird \u00fcberhaupt nicht rasiert. Diese Methode erfordert eine Menge Erfahrung.<\/p>\n\n<\/div>\n<\/div>\n<div id=\"faq-question-1683391585179\" class=\"rank-math-list-item\">\n<h3 class=\"rank-math-question \">Wird die Haartransplantationsmethode f\u00fcr eine Haartransplantation ohne Rasur verwendet?<\/h3>\n<div class=\"rank-math-answer \">\n\n<p>Im Allgemeinen wird die FUE-Technik f\u00fcr Haartransplantationen ohne Rasur verwendet.<\/p>\n\n<\/div>\n<\/div>\n<div id=\"faq-question-1683391788739\" class=\"rank-math-list-item\">\n<h3 class=\"rank-math-question \">Ist die Haartransplantation ohne Rasur teurer als die klassischen Haartransplantationsmethoden?  <\/h3>\n<div class=\"rank-math-answer \">\n\n<p>Im Allgemeinen kann die unrasierte Haartransplantationstechnik teurer sein als herk\u00f6mmliche Haartransplantationstechniken, da der zus\u00e4tzliche Zeit- und Arbeitsaufwand f\u00fcr die Durchf\u00fchrung des Verfahrens ohne Rasieren des gesamten Kopfes erforderlich ist.  <\/p>\n\n<\/div>\n<\/div>\n<div id=\"faq-question-1683392049787\" class=\"rank-math-list-item\">\n<h3 class=\"rank-math-question \">Wann wird eine Haartransplantation ohne Rasur bevorzugt?<\/h3>\n<div class=\"rank-math-answer \">\n\n<p>Diese Technik wird h\u00e4ufig angewandt, wenn nur ein kleiner Teil der Kopfhaut behandelt werden muss, wie z. B. der Haaransatz oder der Scheitel.<\/p>\n\n<\/div>\n<\/div>\n<\/div>\n<\/div>\n<p><\/p>\n\n<h3 class=\"wp-block-heading\">Kontaktieren Sie uns jetzt, falls Sie Fragen haben!<\/h3>\n","protected":false},"excerpt":{"rendered":"<p>Die Haartransplantation ohne Rasur, auch bekannt als unrasierte oder rasurfreie Haartransplantation, ist vor allem bei Frauen sehr beliebt. Welche Frau [&hellip;]<\/p>\n","protected":false},"author":4,"featured_media":91876,"parent":0,"menu_order":0,"comment_status":"closed","ping_status":"closed","template":"","meta":{"site-sidebar-layout":"default","site-content-layout":"","ast-site-content-layout":"default","site-content-style":"default","site-sidebar-style":"default","ast-global-header-display":"","ast-banner-title-visibility":"","ast-main-header-display":"","ast-hfb-above-header-display":"","ast-hfb-below-header-display":"","ast-hfb-mobile-header-display":"","site-post-title":"","ast-breadcrumbs-content":"","ast-featured-img":"","footer-sml-layout":"","ast-disable-related-posts":"","theme-transparent-header-meta":"","adv-header-id-meta":"","stick-header-meta":"","header-above-stick-meta":"","header-main-stick-meta":"","header-below-stick-meta":"","astra-migrate-meta-layouts":"default","ast-page-background-enabled":"default","ast-page-background-meta":{"desktop":{"background-color":"var(--ast-global-color-4)","background-image":"","background-repeat":"repeat","background-position":"center center","background-size":"auto","background-attachment":"scroll","background-type":"","background-media":"","overlay-type":"","overlay-color":"","overlay-opacity":"","overlay-gradient":""},"tablet":{"background-color":"","background-image":"","background-repeat":"repeat","background-position":"center center","background-size":"auto","background-attachment":"scroll","background-type":"","background-media":"","overlay-type":"","overlay-color":"","overlay-opacity":"","overlay-gradient":""},"mobile":{"background-color":"","background-image":"","background-repeat":"repeat","background-position":"center center","background-size":"auto","background-attachment":"scroll","background-type":"","background-media":"","overlay-type":"","overlay-color":"","overlay-opacity":"","overlay-gradient":""}},"ast-content-background-meta":{"desktop":{"background-color":"var(--ast-global-color-5)","background-image":"","background-repeat":"repeat","background-position":"center center","background-size":"auto","background-attachment":"scroll","background-type":"","background-media":"","overlay-type":"","overlay-color":"","overlay-opacity":"","overlay-gradient":""},"tablet":{"background-color":"var(--ast-global-color-5)","background-image":"","background-repeat":"repeat","background-position":"center center","background-size":"auto","background-attachment":"scroll","background-type":"","background-media":"","overlay-type":"","overlay-color":"","overlay-opacity":"","overlay-gradient":""},"mobile":{"background-color":"var(--ast-global-color-5)","background-image":"","background-repeat":"repeat","background-position":"center center","background-size":"auto","background-attachment":"scroll","background-type":"","background-media":"","overlay-type":"","overlay-color":"","overlay-opacity":"","overlay-gradient":""}},"footnotes":""},"class_list":["post-145119","page","type-page","status-publish","has-post-thumbnail","hentry"],"_links":{"self":[{"href":"https:\/\/medclinics.com\/de\/wp-json\/wp\/v2\/pages\/145119","targetHints":{"allow":["GET"]}}],"collection":[{"href":"https:\/\/medclinics.com\/de\/wp-json\/wp\/v2\/pages"}],"about":[{"href":"https:\/\/medclinics.com\/de\/wp-json\/wp\/v2\/types\/page"}],"author":[{"embeddable":true,"href":"https:\/\/medclinics.com\/de\/wp-json\/wp\/v2\/users\/4"}],"replies":[{"embeddable":true,"href":"https:\/\/medclinics.com\/de\/wp-json\/wp\/v2\/comments?post=145119"}],"version-history":[{"count":0,"href":"https:\/\/medclinics.com\/de\/wp-json\/wp\/v2\/pages\/145119\/revisions"}],"wp:featuredmedia":[{"embeddable":true,"href":"https:\/\/medclinics.com\/de\/wp-json\/wp\/v2\/media\/91876"}],"wp:attachment":[{"href":"https:\/\/medclinics.com\/de\/wp-json\/wp\/v2\/media?parent=145119"}],"curies":[{"name":"wp","href":"https:\/\/api.w.org\/{rel}","templated":true}]}}