{"id":145033,"date":"2023-05-25T18:52:31","date_gmt":"2023-05-25T18:52:31","guid":{"rendered":"https:\/\/medclinics.com\/vollstandiger-medizinischer-check-up\/"},"modified":"2024-04-01T14:59:10","modified_gmt":"2024-04-01T11:59:10","slug":"vollstandiger-medizinischer-check-up","status":"publish","type":"page","link":"https:\/\/medclinics.com\/de\/vollstandiger-medizinischer-check-up\/","title":{"rendered":"Vollst\u00e4ndiger medizinischer Check-up"},"content":{"rendered":"\n<h2 class=\"wp-block-heading\" id=\"medical-check-up\">Medizinischer Check-up<\/h2>\n\n<p>ist ein Programm f\u00fcr K\u00f6rperchecks und die Fr\u00fcherkennung von Krankheiten, das eine ganze Reihe von Tests und Untersuchungen umfasst, mit denen Sie \u00fcberpr\u00fcfen k\u00f6nnen, ob mit Ihrem K\u00f6rper alles in Ordnung ist.<\/p>\n\n<div class=\"wp-block-rank-math-toc-block\" id=\"rank-math-toc\"><h2>Inhaltsverzeichnis<\/h2><nav><ul><li><a href=\"#medical-check-up\">Medizinischer Check-up<\/a><\/li><li><a href=\"#so-what-is\">Was ist also<\/a><\/li><li><a href=\"#treatment-plan\">Behandlungsplan<\/a><\/li><li><a href=\"#types-and-methods\">Arten und Methoden<\/a><\/li><li><a href=\"#medical-check-up-costs-by-country\">Medizinische Untersuchung Kosten nach Land<\/a><\/li><li><a href=\"#faq\">FAQ<\/a><\/li><li><a href=\"#history\">Geschichte<\/a><\/li><\/ul><\/nav><\/div>\n\n<h2 class=\"wp-block-heading\" id=\"so-what-is\">Was ist also<\/h2>\n\n<ul class=\"wp-block-list\">\n<li>Medical Check-up ist ein Programm zur K\u00f6rperkontrolle und Fr\u00fchdiagnose von Krankheiten, das eine ganze Reihe von Tests und Untersuchungen umfasst, mit denen Sie in 1-2 Tagen (je nach Komplexit\u00e4t) feststellen k\u00f6nnen, ob mit Ihrem K\u00f6rper alles in Ordnung ist.  <\/li>\n\n\n\n<li>Die Weltgesundheitsorganisation empfiehlt, vor dem 40. Lebensjahr alle 2-3 Jahre und nach dem 40. Lebensjahr jedes Jahr eine \u00e4rztliche Untersuchung durchzuf\u00fchren.<\/li>\n\n\n\n<li>Das Programm der \u00e4rztlichen Untersuchung wird f\u00fcr jeden Patienten individuell auf der Grundlage seines Gesundheitszustands, seiner Beschwerden und seines Alters ausgew\u00e4hlt.<\/li>\n\n\n\n<li>Die \u00e4rztliche Untersuchung erm\u00f6glicht es Ihnen, vielen Krankheiten vorzubeugen, und gibt Ihnen auch die M\u00f6glichkeit, die notwendige Behandlung in den fr\u00fchen Stadien der Krankheit einzuleiten. <\/li>\n<\/ul>\n\n<h2 class=\"wp-block-heading\" id=\"treatment-plan\">Behandlungsplan<\/h2>\n<div id=\"rank-math-faq\" class=\"rank-math-block\">\n<div class=\"rank-math-list \">\n<div id=\"faq-question-1686304666791\" class=\"rank-math-list-item\">\n<h3 class=\"rank-math-question \">1. Tag<\/h3>\n<div class=\"rank-math-answer \">\n\n<p>Konsultation mit dem behandelnden Onkologen<br \/>Bitte kommen Sie mit n\u00fcchternem Magen in die Klinik<br \/>Bestimmung der 4 zu definierenden Tumormarker<br \/>Leistung von PET CT<br \/>Sie werden von einem englischsprachigen Assistenten begleitet<\/p>\n\n<\/div>\n<\/div>\n<div id=\"faq-question-1686304680037\" class=\"rank-math-list-item\">\n<h3 class=\"rank-math-question \">2. Tag<\/h3>\n<div class=\"rank-math-answer \">\n\n<p>Ihre Ergebnisse sind jetzt verf\u00fcgbar<br \/>Zweite Konsultation mit Ihrem behandelnden Onkologen<br \/>Ausf\u00fchrliche Beratung und ggf. Empfehlung zur weiteren Behandlung<br \/>Sie erhalten alle Ergebnisse in schriftlicher Form und auf Englisch<\/p>\n\n<\/div>\n<\/div>\n<\/div>\n<\/div>\n<figure class=\"wp-block-image size-full\"><img fetchpriority=\"high\" decoding=\"async\" width=\"960\" height=\"550\" src=\"https:\/\/medclinics.com\/wp-content\/uploads\/2023\/05\/medical-check-up-in-istanbul-1.jpg\" alt=\"medizinische-untersuchung-in-istanbul\" class=\"wp-image-86681\" srcset=\"https:\/\/medclinics.com\/wp-content\/uploads\/2023\/05\/medical-check-up-in-istanbul-1.jpg 960w, https:\/\/medclinics.com\/wp-content\/uploads\/2023\/05\/medical-check-up-in-istanbul-1-500x286.jpg 500w, https:\/\/medclinics.com\/wp-content\/uploads\/2023\/05\/medical-check-up-in-istanbul-1-768x440.jpg 768w, https:\/\/medclinics.com\/wp-content\/uploads\/2023\/05\/medical-check-up-in-istanbul-1-24x14.jpg 24w, https:\/\/medclinics.com\/wp-content\/uploads\/2023\/05\/medical-check-up-in-istanbul-1-36x21.jpg 36w, https:\/\/medclinics.com\/wp-content\/uploads\/2023\/05\/medical-check-up-in-istanbul-1-48x28.jpg 48w\" sizes=\"(max-width: 960px) 100vw, 960px\" \/><\/figure>\n\n<h2 class=\"wp-block-heading\" id=\"types-and-methods\">Arten und Methoden<\/h2>\n\n<h3 class=\"wp-block-heading\" id=\"medical-check-up-types\">Arten von medizinischen Untersuchungen:<\/h3>\n\n<p>Die <strong>Vorsorgeuntersuchungen<\/strong> sind auf Alter und Geschlecht des Kunden, seinen aktuellen Gesundheitszustand, seine Krankengeschichte, Risikofaktoren, Diagnoseziele und mehr zugeschnitten. Auf der Grundlage der Ergebnisse eines Vorgespr\u00e4chs entscheidet der Arzt, welche Tests er dem einzelnen Patienten verschreiben wird. Die allgemeinen Vorsorgeuntersuchungen ber\u00fccksichtigen Geschlecht und Alter. So gibt es beispielsweise Vorsorgeuntersuchungen f\u00fcr Frauen im Alter von 25-40, 40-50 und \u00fcber 50 Jahren. \u00c4hnliche Programme gibt es auch f\u00fcr M\u00e4nner in den entsprechenden Altersgruppen.<\/p>\n\n<p>Neben der allgemeinen Diagnostik bieten verschiedene Kliniken <strong>spezialisierte Vorsorgeuntersuchungen<\/strong> zur Erkennung bestimmter Krankheiten sowie zur Untersuchung bestimmter Organe und Systeme an. Einige Programme sind auf bestimmte Zwecke zugeschnitten, z. B. auf die Planung einer Schwangerschaft. Spezialisierte Check-up-Programme k\u00f6nnen wie folgt aussehen:<\/p>\n\n<ul class=\"wp-block-list\">\n<li>Herz<\/li>\n\n\n\n<li>Urogenitalbereich<\/li>\n\n\n\n<li>Onkologie<\/li>\n\n\n\n<li>Neurologisch<\/li>\n\n\n\n<li>Dermatologisch<\/li>\n\n\n\n<li>Endokrinologie<\/li>\n\n\n\n<li>Gyn\u00e4kologie<\/li>\n\n\n\n<li>Orthop\u00e4disch<\/li>\n<\/ul>\n\n<h3 class=\"wp-block-heading\" id=\"what-is-included-in-the-standard-medical-check-up-program\">Was ist im Standardprogramm f\u00fcr medizinische Untersuchungen enthalten?<\/h3>\n\n<ul class=\"wp-block-list\">\n<li>Ein Termin bei einem Allgemeinmediziner,<\/li>\n\n\n\n<li>Blut- und Urinuntersuchungen,<\/li>\n\n\n\n<li>Eine Ultraschalluntersuchung der inneren Organe,<\/li>\n\n\n\n<li>Konsultation von Fach\u00e4rzten (Gyn\u00e4kologe, Mammologe, Gastroenterologe, Neurologe, usw.),<\/li>\n\n\n\n<li>EKG und Echokardiographie.<\/li>\n<\/ul>\n\n<h3 class=\"wp-block-heading\" id=\"medical-check-up-for\">Medizinischer Check-up f\u00fcr:<\/h3>\n\n<ul class=\"wp-block-list\">\n<li>Allen M\u00e4nnern und Frauen im Alter von 25 bis 30 Jahren wird empfohlen, alle zwei bis drei Jahre eine Ganzk\u00f6rperuntersuchung durchf\u00fchren zu lassen.<\/li>\n\n\n\n<li>Menschen mit chronischen Krankheiten oder einer Veranlagung f\u00fcr bestimmte Krankheiten sollten sich jedes Jahr untersuchen lassen.<\/li>\n\n\n\n<li>Nach dem 40. Lebensjahr, wenn das Krankheitsrisiko steigt, ist es ratsam, sich <a href=\"https:\/\/medclinics.com\/de\/umfassender-check-up-fur-manner-uber-40\/\" target=\"_blank\" rel=\"noreferrer noopener\">j\u00e4hrlich untersuchen<\/a> zu lassen.<\/li>\n\n\n\n<li>Menschen mit unbestimmten Gesundheitsbeschwerden.<\/li>\n\n\n\n<li>Menschen mit ung\u00fcnstiger Veranlagung. Wenn ein naher Verwandter an Krebs oder anderen Krankheiten erkrankt ist, k\u00f6nnen regelm\u00e4\u00dfige Vorsorgeuntersuchungen dazu beitragen, m\u00f6gliche Krankheiten in einem fr\u00fchen Stadium zu erkennen.<\/li>\n<\/ul>\n\n<p>Ein hochqualifiziertes Team von \u00c4rzten, jeder ein Spezialist auf seinem Gebiet, steht den Patienten jederzeit zur Verf\u00fcgung und bietet Service auf h\u00f6chstem Niveau. Ihre Behandlung wird von einem dieser Experten durchgef\u00fchrt und von Anfang bis Ende \u00fcberwacht. Hier sind Sie in den besten H\u00e4nden!<\/p>\n\n<p>Sie erhalten alle Ergebnisse in schriftlicher Form und in englischer Sprache.<br\/>Sollte eine weitere Behandlung notwendig sein oder empfohlen werden, stehen Ihnen unsere Experten mit Beratung und Unterst\u00fctzung zur Seite und erarbeiten mit Ihnen den bestm\u00f6glichen Behandlungsplan, den Sie in Ihrem Heimatland weiterverfolgen k\u00f6nnen.<\/p>\n\n<figure class=\"wp-block-image size-full\"><img decoding=\"async\" width=\"960\" height=\"550\" src=\"https:\/\/medclinics.com\/wp-content\/uploads\/2023\/05\/medical-check-up-istanbul-turkey-1.jpg\" alt=\"Check-up in Istanbul in der T&#xFC;rkei\" class=\"wp-image-89108\" srcset=\"https:\/\/medclinics.com\/wp-content\/uploads\/2023\/05\/medical-check-up-istanbul-turkey-1.jpg 960w, https:\/\/medclinics.com\/wp-content\/uploads\/2023\/05\/medical-check-up-istanbul-turkey-1-500x286.jpg 500w, https:\/\/medclinics.com\/wp-content\/uploads\/2023\/05\/medical-check-up-istanbul-turkey-1-768x440.jpg 768w, https:\/\/medclinics.com\/wp-content\/uploads\/2023\/05\/medical-check-up-istanbul-turkey-1-24x14.jpg 24w, https:\/\/medclinics.com\/wp-content\/uploads\/2023\/05\/medical-check-up-istanbul-turkey-1-36x21.jpg 36w, https:\/\/medclinics.com\/wp-content\/uploads\/2023\/05\/medical-check-up-istanbul-turkey-1-48x28.jpg 48w\" sizes=\"(max-width: 960px) 100vw, 960px\" \/><\/figure>\n\n<h2 class=\"wp-block-heading\" id=\"medical-check-up-costs-by-country\">Medizinische Untersuchung Kosten nach Land<\/h2>\n\n<p>Die Kosten f\u00fcr eine \u00e4rztliche Untersuchung h\u00e4ngen von dem von Ihnen gew\u00e4hlten Paket und der bevorzugten Klinik oder dem Krankenhaus ab.<br\/>Die unten aufgef\u00fchrten Preise sollen Ihnen eine ungef\u00e4hre Vorstellung vermitteln und sind kein endg\u00fcltiges Angebot. Ihr MedClincs-Berater wird Sie gerne \u00fcber die Einzelheiten informieren.<\/p>\n\n<figure class=\"wp-block-table\"><table><thead><tr><th>Land<\/th><th>Preis (Basispaket)<\/th><th>Bewertung<\/th><\/tr><\/thead><tbody><tr><td>T\u00fcrkei<\/td><td>~ 450\u20ac<\/td><td>\u2605\u2605\u2605\u2605\u2605<\/td><\/tr><tr><td>Thailand<\/td><td>~ 750\u20ac<\/td><td>\u2605\u2605\u2605<\/td><\/tr><tr><td>Mexiko<\/td><td>~ 1000\u20ac<\/td><td>\u2605\u2605\u2605<\/td><\/tr><tr><td>Spanien<\/td><td>~ 1800\u20ac<\/td><td>\u2605\u2605\u2605<\/td><\/tr><tr><td>Deutschland<\/td><td>~ 2200\u20ac<\/td><td>\u2605\u2605\u2605<\/td><\/tr><tr><td>Vereinigtes K\u00f6nigreich<\/td><td>~ 3100\u20ac<\/td><td>\u2605\u2605\u2605<\/td><\/tr><\/tbody><\/table><\/figure>\n\n<h2 class=\"wp-block-heading\" id=\"faq\">FAQ<\/h2>\n<div id=\"rank-math-faq\" class=\"rank-math-block\">\n<div class=\"rank-math-list \">\n<div id=\"faq-question-1682793841034\" class=\"rank-math-list-item\">\n<h3 class=\"rank-math-question \">Inwiefern ist eine \u00e4rztliche Untersuchung vorteilhafter, als die gleichen Tests selbst durchzuf\u00fchren?<\/h3>\n<div class=\"rank-math-answer \">\n\n<p>Das Check-up-Programm ist eine umfassende K\u00f6rperuntersuchung, die Tests und instrumentelle Untersuchungen umfasst, die in der obligatorischen Liste der Weltgesundheitsorganisation (WHO) aufgef\u00fchrt sind. Die Pakete werden entsprechend Ihren Zielen zusammengestellt, wobei Ihr Alter, Ihre Vererbung und Ihre gesundheitlichen Probleme ber\u00fccksichtigt werden. Mit diesem Programm brauchen Sie sich nicht selbst um eine Untersuchung zu k\u00fcmmern, zu welchem Arzt Sie gehen und wo Sie sie durchf\u00fchren lassen. Au\u00dferdem ist es billiger als alle Untersuchungen und Tests beim eigenen Arzt, und es dauert nur sehr kurz (1-3 Tage).<\/p>\n\n<\/div>\n<\/div>\n<div id=\"faq-question-1682793850782\" class=\"rank-math-list-item\">\n<h3 class=\"rank-math-question \">Wer braucht einen Check-up?<\/h3>\n<div class=\"rank-math-answer \">\n\n<p>Jeder gesundheitsbewusste Mensch sollte jedes Jahr zur Vorsorgeuntersuchung gehen, denn viele Krankheiten zeigen sich nicht im Fr\u00fchstadium und k\u00f6nnen nur durch eine Diagnose erkannt werden. Auch f\u00fcr Risikopersonen, z. B. Menschen mit gutartigen Tumoren, Menschen mit erblichen Faktoren, Menschen mit schlechten Gewohnheiten, Menschen, die in gesundheitssch\u00e4dlichen Branchen arbeiten, und Menschen \u00fcber vierzig Jahren, ist eine K\u00f6rperuntersuchung wichtig.<\/p>\n\n<\/div>\n<\/div>\n<div id=\"faq-question-1682793869814\" class=\"rank-math-list-item\">\n<h3 class=\"rank-math-question \">An welche Kliniken \u00fcberweisen Sie die Patienten?<\/h3>\n<div class=\"rank-math-answer \">\n\n<p>Wir \u00fcberweisen Patienten an zertifizierte Kliniken mit internationalen Abteilungen und Koordinatoren, die verschiedene Sprachen wie Englisch, Deutsch, Spanisch, Russisch, Arabisch, Portugiesisch, T\u00fcrkisch usw. sprechen.<\/p>\n\n<\/div>\n<\/div>\n<div id=\"faq-question-1682793890409\" class=\"rank-math-list-item\">\n<h3 class=\"rank-math-question \">Kann ich die Ergebnisse von Tests und Pr\u00fcfungen in meiner Muttersprache erhalten?<\/h3>\n<div class=\"rank-math-answer \">\n\n<p>Sie erhalten alle Ergebnisse und Pr\u00fcfungen schriftlich und in englischer Sprache.<\/p>\n\n<\/div>\n<\/div>\n<div id=\"faq-question-1682793908042\" class=\"rank-math-list-item\">\n<h3 class=\"rank-math-question \">Was ist, wenn ich bestimmte Beschwerden habe?<\/h3>\n<div class=\"rank-math-answer \">\n\n<p>Wenn Sie sich an uns wenden, f\u00fchren Sie alle Ihre Beschwerden auf und legen Sie gegebenenfalls die Ergebnisse Ihrer Untersuchungen vor. Wir werden eine Klinik finden, die auf Ihr Problem spezialisiert ist.<\/p>\n\n<\/div>\n<\/div>\n<div id=\"faq-question-1682793923540\" class=\"rank-math-list-item\">\n<h3 class=\"rank-math-question \">Wie werde ich gepr\u00fcft?<\/h3>\n<div class=\"rank-math-answer \">\n\n<p>Je nach Ihren W\u00fcnschen bieten wir verschiedene Pakete an: Basic, Premium, Platinum oder organspezifische Untersuchungen. Es ist auch m\u00f6glich, einen pers\u00f6nlichen, auf Sie zugeschnittenen Untersuchungsplan zu erstellen. In der Regel werden alle Untersuchungen an einem Tag durchgef\u00fchrt, ausf\u00fchrlichere Untersuchungen k\u00f6nnen jedoch 2 bis 3 Tage dauern.<\/p>\n\n<\/div>\n<\/div>\n<div id=\"faq-question-1682793940377\" class=\"rank-math-list-item\">\n<h3 class=\"rank-math-question \">Ist es schmerzhaft?<\/h3>\n<div class=\"rank-math-answer \">\n\n<p>Die meisten Tests sind schmerzlos. Koloskopie und Fibrogastroskopie sind unangenehm, daher werden sie unter Sedierung &#8211; einem kurzen medikament\u00f6sen Schlaf &#8211; durchgef\u00fchrt. W\u00e4hrend der Sedierung sp\u00fcrt der Patient nichts.<\/p>\n\n<\/div>\n<\/div>\n<div id=\"faq-question-1682793958640\" class=\"rank-math-list-item\">\n<h3 class=\"rank-math-question \">Angenommen, bei mir wird eine Krankheit festgestellt. Was dann?<\/h3>\n<div class=\"rank-math-answer \">\n\n<p>Wenn die Diagnose ergibt, dass weitere Untersuchungen erforderlich sind, m\u00fcssen Sie m\u00f6glicherweise einige Tage in der T\u00fcrkei bleiben. Sp\u00e4ter h\u00e4ngt es von den Umst\u00e4nden ab. Sie k\u00f6nnen einen Abschlussbericht und eine Beratung durch einen Spezialisten erhalten, nach Hause fahren und sich dort behandeln lassen oder in der T\u00fcrkei bleiben.<\/p>\n\n<\/div>\n<\/div>\n<div id=\"faq-question-1682793976303\" class=\"rank-math-list-item\">\n<h3 class=\"rank-math-question \">Wie soll ich den Arzt verstehen, wenn ich seine Sprache nicht spreche?<\/h3>\n<div class=\"rank-math-answer \">\n\n<p>Sie werden stets von einem Koordinator oder Dolmetscher begleitet. Er oder sie ist bei den Konsultationen mit allen \u00c4rzten anwesend, so dass Sie keine Probleme haben werden, die Sprache zu verstehen.<\/p>\n\n<\/div>\n<\/div>\n<\/div>\n<\/div>\n<h2 class=\"wp-block-heading\" id=\"history\">Geschichte<\/h2>\n\n<h3 class=\"wp-block-heading\" id=\"check-up-diagnostics-was-first-used-in-the-us-in-the-late-1970-s\">Die Check-up-Diagnostik wurde erstmals Ende der 1970er Jahre in den USA eingesetzt.<\/h3>\n\n<p>zur Durchf\u00fchrung von Vorsorgeuntersuchungen f\u00fcr dreitausend F\u00fchrungskr\u00e4fte der mittleren und oberen Ebene im Alter von 35 bis 55 Jahren.<\/p>\n\n<p>Der Untersuchungsplan war recht einfach, aber f\u00fcr die damalige Zeit ziemlich revolution\u00e4r &#8211; Blutuntersuchungen, <a href=\"https:\/\/de.wikipedia.org\/wiki\/X-Ray\" target=\"_blank\" rel=\"noreferrer noopener\">Ganzk\u00f6rperr\u00f6ntgen<\/a> und EKG in Ruhe und unter Belastung. Die Studie ergab, dass die meisten der auf den ersten Blick gesunden M\u00e4nner und Frauen irgendwelche Anomalien aufwiesen, die sowohl vorbeugende Ma\u00dfnahmen als auch eine Behandlung erforderten. Es sei darauf hingewiesen, dass die \u00c4rzte nach Abschluss des Experiments ihre Patienten weiterhin regelm\u00e4\u00dfig (alle zwei Jahre) untersuchten und gleichzeitig die Behandlungs- und Pr\u00e4ventionsma\u00dfnahmen anpassten.<\/p>\n\n<p>Die Ergebnisse ihrer Arbeit wurden im Jahr 2000 ver\u00f6ffentlicht. Es stellte sich heraus, dass es durch die in der untersuchten Gruppe durchgef\u00fchrten Untersuchungen m\u00f6glich war, die Morbidit\u00e4t um ein Zehnfaches und die Mortalit\u00e4t um fast die H\u00e4lfte im Vergleich zu den Durchschnittswerten der Branchen zu senken.<\/p>\n","protected":false},"excerpt":{"rendered":"<p>Medizinischer Check-up ist ein Programm f\u00fcr K\u00f6rperchecks und die Fr\u00fcherkennung von Krankheiten, das eine ganze Reihe von Tests und Untersuchungen [&hellip;]<\/p>\n","protected":false},"author":4,"featured_media":33390,"parent":0,"menu_order":0,"comment_status":"closed","ping_status":"closed","template":"","meta":{"site-sidebar-layout":"default","site-content-layout":"","ast-site-content-layout":"default","site-content-style":"default","site-sidebar-style":"default","ast-global-header-display":"","ast-banner-title-visibility":"","ast-main-header-display":"","ast-hfb-above-header-display":"","ast-hfb-below-header-display":"","ast-hfb-mobile-header-display":"","site-post-title":"","ast-breadcrumbs-content":"","ast-featured-img":"","footer-sml-layout":"","ast-disable-related-posts":"","theme-transparent-header-meta":"","adv-header-id-meta":"","stick-header-meta":"","header-above-stick-meta":"","header-main-stick-meta":"","header-below-stick-meta":"","astra-migrate-meta-layouts":"default","ast-page-background-enabled":"default","ast-page-background-meta":{"desktop":{"background-color":"var(--ast-global-color-4)","background-image":"","background-repeat":"repeat","background-position":"center center","background-size":"auto","background-attachment":"scroll","background-type":"","background-media":"","overlay-type":"","overlay-color":"","overlay-opacity":"","overlay-gradient":""},"tablet":{"background-color":"","background-image":"","background-repeat":"repeat","background-position":"center center","background-size":"auto","background-attachment":"scroll","background-type":"","background-media":"","overlay-type":"","overlay-color":"","overlay-opacity":"","overlay-gradient":""},"mobile":{"background-color":"","background-image":"","background-repeat":"repeat","background-position":"center center","background-size":"auto","background-attachment":"scroll","background-type":"","background-media":"","overlay-type":"","overlay-color":"","overlay-opacity":"","overlay-gradient":""}},"ast-content-background-meta":{"desktop":{"background-color":"var(--ast-global-color-5)","background-image":"","background-repeat":"repeat","background-position":"center center","background-size":"auto","background-attachment":"scroll","background-type":"","background-media":"","overlay-type":"","overlay-color":"","overlay-opacity":"","overlay-gradient":""},"tablet":{"background-color":"var(--ast-global-color-5)","background-image":"","background-repeat":"repeat","background-position":"center center","background-size":"auto","background-attachment":"scroll","background-type":"","background-media":"","overlay-type":"","overlay-color":"","overlay-opacity":"","overlay-gradient":""},"mobile":{"background-color":"var(--ast-global-color-5)","background-image":"","background-repeat":"repeat","background-position":"center center","background-size":"auto","background-attachment":"scroll","background-type":"","background-media":"","overlay-type":"","overlay-color":"","overlay-opacity":"","overlay-gradient":""}},"footnotes":""},"class_list":["post-145033","page","type-page","status-publish","has-post-thumbnail","hentry"],"_links":{"self":[{"href":"https:\/\/medclinics.com\/de\/wp-json\/wp\/v2\/pages\/145033","targetHints":{"allow":["GET"]}}],"collection":[{"href":"https:\/\/medclinics.com\/de\/wp-json\/wp\/v2\/pages"}],"about":[{"href":"https:\/\/medclinics.com\/de\/wp-json\/wp\/v2\/types\/page"}],"author":[{"embeddable":true,"href":"https:\/\/medclinics.com\/de\/wp-json\/wp\/v2\/users\/4"}],"replies":[{"embeddable":true,"href":"https:\/\/medclinics.com\/de\/wp-json\/wp\/v2\/comments?post=145033"}],"version-history":[{"count":0,"href":"https:\/\/medclinics.com\/de\/wp-json\/wp\/v2\/pages\/145033\/revisions"}],"wp:featuredmedia":[{"embeddable":true,"href":"https:\/\/medclinics.com\/de\/wp-json\/wp\/v2\/media\/33390"}],"wp:attachment":[{"href":"https:\/\/medclinics.com\/de\/wp-json\/wp\/v2\/media?parent=145033"}],"curies":[{"name":"wp","href":"https:\/\/api.w.org\/{rel}","templated":true}]}}