{"id":145021,"date":"2023-04-29T18:25:04","date_gmt":"2023-04-29T15:25:04","guid":{"rendered":"https:\/\/medclinics.com\/pcr-test-schnell-sicher-und-vertrauenswurdig\/"},"modified":"2025-01-02T19:04:08","modified_gmt":"2025-01-02T16:04:08","slug":"pcr-test-schnell-sicher-und-vertrauenswurdig","status":"publish","type":"page","link":"https:\/\/medclinics.com\/de\/pcr-test-schnell-sicher-und-vertrauenswurdig\/","title":{"rendered":"PCR-Test &#8211; schnell, sicher und vertrauensw\u00fcrdig"},"content":{"rendered":"\n<h2 class=\"wp-block-heading\" id=\"pcr-test\">PCR-Test<\/h2>\n\n<p>Buchen Sie Ihren Covid-19 PCR-Test und erhalten Sie Ihr Ergebnis noch am selben Tag!<\/p>\n\n<figure class=\"wp-block-image size-full\"><img fetchpriority=\"high\" decoding=\"async\" width=\"960\" height=\"540\" src=\"https:\/\/medclinics.com\/wp-content\/uploads\/2023\/07\/pcr-test-in-turkey.jpg\" alt=\"PCR-Test in der T&#xFC;rkei\" class=\"wp-image-97529\" srcset=\"https:\/\/medclinics.com\/wp-content\/uploads\/2023\/07\/pcr-test-in-turkey.jpg 960w, https:\/\/medclinics.com\/wp-content\/uploads\/2023\/07\/pcr-test-in-turkey-500x281.jpg 500w, https:\/\/medclinics.com\/wp-content\/uploads\/2023\/07\/pcr-test-in-turkey-768x432.jpg 768w, https:\/\/medclinics.com\/wp-content\/uploads\/2023\/07\/pcr-test-in-turkey-24x14.jpg 24w, https:\/\/medclinics.com\/wp-content\/uploads\/2023\/07\/pcr-test-in-turkey-36x20.jpg 36w, https:\/\/medclinics.com\/wp-content\/uploads\/2023\/07\/pcr-test-in-turkey-48x27.jpg 48w\" sizes=\"(max-width: 960px) 100vw, 960px\" \/><\/figure>\n\n<div class=\"wp-block-rank-math-toc-block\" id=\"rank-math-toc\"><h2>Inhaltsverzeichnis<\/h2><nav><ul><li><a href=\"#pcr-test\">PCR-Test<\/a><\/li><li><a href=\"#treatment-plan\">Behandlungsplan<\/a><\/li><li><a href=\"#so-what-is\">Was ist also<\/a><\/li><li><a href=\"#types-and-methods\">Arten und Methoden<\/a><\/li><li><a href=\"#faq\">FAQ<\/a><\/li><\/ul><\/nav><\/div>\n\n<h2 class=\"wp-block-heading\" id=\"treatment-plan\">Behandlungsplan<\/h2>\n\n<h3 class=\"wp-block-heading\">PCR-Test Schritt f\u00fcr Schritt!<\/h3>\n\n<h4 class=\"wp-block-heading\">Buchen Sie online und erhalten Sie Ihre sofortige Best\u00e4tigung.<br\/>Zeigen Sie Ihre Best\u00e4tigung an der Rezeption des Labors vor!<\/h4>\n\n<h2 class=\"wp-block-heading\" id=\"so-what-is\">Was ist also<\/h2>\n\n<p><strong>PCR-Test im Labor Details:<\/strong><\/p>\n\n<ul class=\"wp-block-list\">\n<li>W\u00e4hlen Sie die Anzahl der zu testenden Personen, w\u00e4hlen Sie Ihr <a href=\"https:\/\/medclinics.com\/check-up\/\">Test<\/a>datum und klicken Sie auf Jetzt buchen<\/li>\n\n\n\n<li>Bitte geben Sie beim Bestellvorgang Ihre Adresse an, damit wir Sie zu dem Labor in Ihrer N\u00e4he leiten k\u00f6nnen.<\/li>\n\n\n\n<li>Wenn Sie mehr als eine Person sind, die getestet werden soll, geben Sie bitte auch die Namen der anderen G\u00e4ste an<\/li>\n\n\n\n<li>Zeigen Sie dem Laborpersonal Ihre Best\u00e4tigungsmail, machen Sie Ihren <a href=\"https:\/\/istanbul-tourist-information.com\/en\/medical-treatment\/\" target=\"_blank\" rel=\"noreferrer noopener\">PCR-Test<\/a> und w\u00e4hlen Sie, ob Mund oder Nase<\/li>\n\n\n\n<li>Erhalten Sie Ihr Ergebnis noch am selben Tag nach 3-4 Stunden, \u00fcberpr\u00fcfen Sie Ihr Ergebnis online<\/li>\n\n\n\n<li>Speichern Sie das Ergebnis auf Ihrem Smartphone, zeigen Sie Ihr Testergebnis am Flughafen vor<\/li>\n<\/ul>\n\n<p><strong>Die \u00d6ffnungszeiten der Labore k\u00f6nnen sich \u00e4ndern. Bitte informieren Sie sich vor Ihrem Besuch \u00fcber die \u00d6ffnungszeiten!<\/strong><\/p>\n\n<p><strong>Wenn Sie bereits ein positives Testergebnis erhalten haben, k\u00f6nnen Sie erst 10 Tage sp\u00e4ter erneut getestet werden!<\/strong>  Sie werden verstehen, dass eine R\u00fcckerstattung nicht in Frage kommt, wenn das Laborpersonal herausfindet, dass Sie innerhalb der letzten 10 Tage positiv getestet wurden.<\/p>\n\n<p>Bitte beachten Sie, dass unsere Plattform nicht f\u00fcr Probleme verantwortlich ist, die w\u00e4hrend des Testprozesses auftreten k\u00f6nnen.<\/p>\n\n<figure class=\"wp-block-image size-full\"><img decoding=\"async\" width=\"960\" height=\"540\" src=\"https:\/\/medclinics.com\/wp-content\/uploads\/2023\/07\/pcr-test-in-istanbul-turkey.jpg\" alt=\"PCR-Test im Labor in der T&#xFC;rkei\" class=\"wp-image-97536\" srcset=\"https:\/\/medclinics.com\/wp-content\/uploads\/2023\/07\/pcr-test-in-istanbul-turkey.jpg 960w, https:\/\/medclinics.com\/wp-content\/uploads\/2023\/07\/pcr-test-in-istanbul-turkey-500x281.jpg 500w, https:\/\/medclinics.com\/wp-content\/uploads\/2023\/07\/pcr-test-in-istanbul-turkey-768x432.jpg 768w, https:\/\/medclinics.com\/wp-content\/uploads\/2023\/07\/pcr-test-in-istanbul-turkey-24x14.jpg 24w, https:\/\/medclinics.com\/wp-content\/uploads\/2023\/07\/pcr-test-in-istanbul-turkey-36x20.jpg 36w, https:\/\/medclinics.com\/wp-content\/uploads\/2023\/07\/pcr-test-in-istanbul-turkey-48x27.jpg 48w\" sizes=\"(max-width: 960px) 100vw, 960px\" \/><\/figure>\n\n<h2 class=\"wp-block-heading\" id=\"types-and-methods\">Arten und Methoden<\/h2>\n\n<h3 class=\"wp-block-heading\">Worauf wird bei einem PCR-Test getestet?<\/h3>\n\n<p>Polymerase-Kettenreaktionstests, wie der PCR-Test auch genannt wird, sind im Grunde nichts anderes als Nukleins\u00e4uretests.<\/p>\n\n<p>Eine Probe wird aus der Nase oder dem Mund entnommen. Im Labor kann anhand dieser Probe festgestellt werden, ob sie das genetische Material des SARS-CoV-2-Virus enth\u00e4lt. COVID-19 wird durch dieses Virus verursacht.<\/p>\n\n<p>Mit einem einfachen Test kann das Virus in einem sehr fr\u00fchen Stadium nachgewiesen werden, oft bevor der Patient Symptome zeigt.<\/p>\n\n<figure class=\"wp-block-image size-full is-resized\"><img decoding=\"async\" width=\"960\" height=\"540\" src=\"https:\/\/medclinics.com\/wp-content\/uploads\/2023\/02\/pcr-test-at-laboratory-in-marmaris-1.png\" alt=\"PCR-Test im Labor in der T&#xFC;rkei\" class=\"wp-image-17171\" style=\"width:960px;height:540px\" srcset=\"https:\/\/medclinics.com\/wp-content\/uploads\/2023\/02\/pcr-test-at-laboratory-in-marmaris-1.png 960w, https:\/\/medclinics.com\/wp-content\/uploads\/2023\/02\/pcr-test-at-laboratory-in-marmaris-1-300x169.png 300w, https:\/\/medclinics.com\/wp-content\/uploads\/2023\/02\/pcr-test-at-laboratory-in-marmaris-1-768x432.png 768w, https:\/\/medclinics.com\/wp-content\/uploads\/2023\/02\/pcr-test-at-laboratory-in-marmaris-1-600x338.png 600w\" sizes=\"(max-width: 960px) 100vw, 960px\" \/><\/figure>\n\n<h2 class=\"wp-block-heading\" id=\"faq\">FAQ<\/h2>\n<div id=\"rank-math-faq\" class=\"rank-math-block\">\n<div class=\"rank-math-list \">\n<div id=\"faq-question-1682792545763\" class=\"rank-math-list-item\">\n<h3 class=\"rank-math-question \">Kann ich auch an Wochenenden getestet werden?<\/h3>\n<div class=\"rank-math-answer \">\n\n<p>Ja, Sie k\u00f6nnen sich auch am Wochenende in ausgew\u00e4hlten Labors testen lassen.<\/p>\n\n<\/div>\n<\/div>\n<div id=\"faq-question-1682792561203\" class=\"rank-math-list-item\">\n<h3 class=\"rank-math-question \">Kann ich mich in einem Labor in der N\u00e4he meines Hotels testen lassen?<\/h3>\n<div class=\"rank-math-answer \">\n\n<p>Bitte geben Sie beim Bestellvorgang Ihre Adresse an, damit wir Sie an das n\u00e4chstgelegene Labor weiterleiten k\u00f6nnen!<\/p>\n\n<\/div>\n<\/div>\n<div id=\"faq-question-1682792581196\" class=\"rank-math-list-item\">\n<h3 class=\"rank-math-question \">In welcher Sprache ist das Ergebnis?<\/h3>\n<div class=\"rank-math-answer \">\n\n<p>Sie erhalten Ihr Ergebnis in englischer Sprache.<\/p>\n\n<\/div>\n<\/div>\n<div id=\"faq-question-1682792601618\" class=\"rank-math-list-item\">\n<h3 class=\"rank-math-question \">Muss ich noch einmal zum Labor gehen, um das Ergebnis zu erhalten?<\/h3>\n<div class=\"rank-math-answer \">\n\n<p>Nein, Sie k\u00f6nnen das Ergebnis als PDF auf Ihr Smartphone herunterladen.<\/p>\n\n<\/div>\n<\/div>\n<div id=\"faq-question-1682792617770\" class=\"rank-math-list-item\">\n<h3 class=\"rank-math-question \">Wird das Ergebnis dieses Tests am Flughafen akzeptiert?<\/h3>\n<div class=\"rank-math-answer \">\n\n<p>Ja, das Testergebnis ist am Flughafen und in 190 L\u00e4ndern au\u00dfer Katar und Jordanien g\u00fcltig.<\/p>\n\n<\/div>\n<\/div>\n<div id=\"faq-question-1682792638230\" class=\"rank-math-list-item\">\n<h3 class=\"rank-math-question \"><strong>Wie schnell kann ich das Ergebnis des Tests erhalten?<\/strong><\/h3>\n<div class=\"rank-math-answer \">\n\n<p>Sie k\u00f6nnen das Testergebnis noch am selben Tag einsehen und ausdrucken.<\/p>\n\n<\/div>\n<\/div>\n<div id=\"faq-question-1682792655872\" class=\"rank-math-list-item\">\n<h3 class=\"rank-math-question \"><strong>Was passiert, wenn ich bereits ein positives Testergebnis hatte, kann ich den Test wiederholen?<\/strong><\/h3>\n<div class=\"rank-math-answer \">\n\n<p>Wenn Sie schon einmal positiv getestet wurden, k\u00f6nnen Sie innerhalb der n\u00e4chsten 10 Tage keinen zweiten Test machen.<br \/>Wir k\u00f6nnen kein Geld zur\u00fcckerstatten, wenn das Laborpersonal herausfindet, dass Sie schon einmal positiv getestet wurden.<br \/>Bitte buchen Sie nicht, wenn Sie schon einmal positiv getestet worden sind.<\/p>\n\n<\/div>\n<\/div>\n<div id=\"faq-question-1682792680591\" class=\"rank-math-list-item\">\n<h3 class=\"rank-math-question \">Wie kann ich eine Reservierung f\u00fcr einen PCR-Covid-Test vornehmen?<\/h3>\n<div class=\"rank-math-answer \">\n\n<p>Unsere Mitarbeiter helfen Ihnen gerne bei der Buchung Ihres PCR-Tests.<\/p>\n\n<\/div>\n<\/div>\n<\/div>\n<\/div>\n<p>\u00a0<\/p>\n","protected":false},"excerpt":{"rendered":"<p>PCR-Test Buchen Sie Ihren Covid-19 PCR-Test und erhalten Sie Ihr Ergebnis noch am selben Tag! Behandlungsplan PCR-Test Schritt f\u00fcr Schritt! [&hellip;]<\/p>\n","protected":false},"author":4,"featured_media":45027,"parent":0,"menu_order":0,"comment_status":"closed","ping_status":"closed","template":"","meta":{"site-sidebar-layout":"default","site-content-layout":"","ast-site-content-layout":"default","site-content-style":"default","site-sidebar-style":"default","ast-global-header-display":"","ast-banner-title-visibility":"","ast-main-header-display":"","ast-hfb-above-header-display":"","ast-hfb-below-header-display":"","ast-hfb-mobile-header-display":"","site-post-title":"","ast-breadcrumbs-content":"","ast-featured-img":"","footer-sml-layout":"","ast-disable-related-posts":"","theme-transparent-header-meta":"","adv-header-id-meta":"","stick-header-meta":"","header-above-stick-meta":"","header-main-stick-meta":"","header-below-stick-meta":"","astra-migrate-meta-layouts":"default","ast-page-background-enabled":"default","ast-page-background-meta":{"desktop":{"background-color":"var(--ast-global-color-4)","background-image":"","background-repeat":"repeat","background-position":"center center","background-size":"auto","background-attachment":"scroll","background-type":"","background-media":"","overlay-type":"","overlay-color":"","overlay-opacity":"","overlay-gradient":""},"tablet":{"background-color":"","background-image":"","background-repeat":"repeat","background-position":"center center","background-size":"auto","background-attachment":"scroll","background-type":"","background-media":"","overlay-type":"","overlay-color":"","overlay-opacity":"","overlay-gradient":""},"mobile":{"background-color":"","background-image":"","background-repeat":"repeat","background-position":"center center","background-size":"auto","background-attachment":"scroll","background-type":"","background-media":"","overlay-type":"","overlay-color":"","overlay-opacity":"","overlay-gradient":""}},"ast-content-background-meta":{"desktop":{"background-color":"var(--ast-global-color-5)","background-image":"","background-repeat":"repeat","background-position":"center center","background-size":"auto","background-attachment":"scroll","background-type":"","background-media":"","overlay-type":"","overlay-color":"","overlay-opacity":"","overlay-gradient":""},"tablet":{"background-color":"var(--ast-global-color-5)","background-image":"","background-repeat":"repeat","background-position":"center center","background-size":"auto","background-attachment":"scroll","background-type":"","background-media":"","overlay-type":"","overlay-color":"","overlay-opacity":"","overlay-gradient":""},"mobile":{"background-color":"var(--ast-global-color-5)","background-image":"","background-repeat":"repeat","background-position":"center center","background-size":"auto","background-attachment":"scroll","background-type":"","background-media":"","overlay-type":"","overlay-color":"","overlay-opacity":"","overlay-gradient":""}},"footnotes":""},"class_list":["post-145021","page","type-page","status-publish","has-post-thumbnail","hentry"],"_links":{"self":[{"href":"https:\/\/medclinics.com\/de\/wp-json\/wp\/v2\/pages\/145021","targetHints":{"allow":["GET"]}}],"collection":[{"href":"https:\/\/medclinics.com\/de\/wp-json\/wp\/v2\/pages"}],"about":[{"href":"https:\/\/medclinics.com\/de\/wp-json\/wp\/v2\/types\/page"}],"author":[{"embeddable":true,"href":"https:\/\/medclinics.com\/de\/wp-json\/wp\/v2\/users\/4"}],"replies":[{"embeddable":true,"href":"https:\/\/medclinics.com\/de\/wp-json\/wp\/v2\/comments?post=145021"}],"version-history":[{"count":0,"href":"https:\/\/medclinics.com\/de\/wp-json\/wp\/v2\/pages\/145021\/revisions"}],"wp:featuredmedia":[{"embeddable":true,"href":"https:\/\/medclinics.com\/de\/wp-json\/wp\/v2\/media\/45027"}],"wp:attachment":[{"href":"https:\/\/medclinics.com\/de\/wp-json\/wp\/v2\/media?parent=145021"}],"curies":[{"name":"wp","href":"https:\/\/api.w.org\/{rel}","templated":true}]}}