{"id":144879,"date":"2023-05-21T08:31:34","date_gmt":"2023-05-21T05:31:34","guid":{"rendered":"https:\/\/medclinics.com\/bruststraffung\/"},"modified":"2024-12-30T19:31:04","modified_gmt":"2024-12-30T16:31:04","slug":"bruststraffung","status":"publish","type":"page","link":"https:\/\/medclinics.com\/de\/bruststraffung\/","title":{"rendered":"Bruststraffung"},"content":{"rendered":"\n<h2 class=\"wp-block-heading\">Genie\u00dfen Sie mit der Bruststraffung zum ersten Mal Ihre sch\u00f6ne und freche Brustform!  <\/h2>\n\n<p>Eine Bruststraffung (Mastopexie) verleiht erschlafften Br\u00fcsten eine straffere, frechere und \u00e4sthetischere Form. Sie k\u00f6nnen diese Operation aus irgendeinem Grund durchf\u00fchren lassen. Zum Beispiel nach einer Schwangerschaft und dem Stillen bringt eine Bruststraffung die Brust wieder in eine bessere Form. Nach einer Gewichtsabnahme hilft es, die Brustkontur zu verbessern. Auch kann es richtige Option sein, wenn Sie f\u00fcr freche Brust suchen.<\/p>\n\n<p>Was die Arten der Bruststraffung betrifft, so ist der Crescent Lift f\u00fcr eine minimale Erschlaffung gedacht und wird mit einem kleinen Schnitt durchgef\u00fchrt. Das Peri-Areolar- oder Donut-Lifting eignet sich f\u00fcr leichte Erschlaffungen und kann auch zur Verkleinerung des Warzenhofs beitragen. Die Narbe folgt dem Rand des Warzenhofs.  <\/p>\n\n<p>Bei einem vertikalen oder Lollipop-Lifting entfernt der Chirurg die \u00fcbersch\u00fcssige Haut und formt die gesamte Brust neu. Die Narben (2 Narben) sind leicht zu verbergen. Es ist also eine g\u00e4ngige Methode. Inverted T- oder Anchor-Lifting Wenn Sie sehr h\u00e4ngende Br\u00fcste haben, k\u00f6nnte dies die beste Option sein. Der Eingriff umfasst 3 Schnitte.<\/p>\n\n<p>Die vampirgest\u00fctzte Bruststraffung hingegen ist ein nicht-chirurgischer Eingriff. Dabei wird pl\u00e4ttchenreiches Plasma (PRP) injiziert. Diese Technik ist mit geringeren Risiken verbunden. Sie ist jedoch nicht f\u00fcr Frauen geeignet, deren Br\u00fcste stark erschlaffen.  <\/p>\n\n<p>Die Bruststraffung wird h\u00e4ufig zusammen mit einer <a href=\"https:\/\/www.breastaugmentation.gen.tr\/\" target=\"_blank\" rel=\"noreferrer noopener nofollow\">Brustvergr\u00f6\u00dferung<\/a> durchgef\u00fchrt. Sie sollten Ihren Arzt konsultieren und gemeinsam die richtige Methode w\u00e4hlen.  <\/p>\n\n<h3 class=\"wp-block-heading\">Alles, was Sie \u00fcber <a href=\"https:\/\/medclinics.com\/breast-aesthetic-surgery\/\" target=\"_blank\" rel=\"noreferrer noopener\">\u00e4sthetische Brustoperationen<\/a> wissen m\u00fcssen, einschlie\u00dflich Preis, Nachsorge und Heilungsprozess, oder <a href=\"#requestform\">kontaktieren Sie uns<\/a>!<\/h3>\n\n<figure class=\"wp-block-image size-large\"><img fetchpriority=\"high\" decoding=\"async\" width=\"1440\" height=\"470\" src=\"https:\/\/medclinics.com\/wp-content\/uploads\/2023\/03\/breast-lift-istanbul.jpg\" alt=\"bruststraffung in Istanbul in der t&#xFC;rkei\" class=\"wp-image-53004\" srcset=\"https:\/\/medclinics.com\/wp-content\/uploads\/2023\/03\/breast-lift-istanbul.jpg 1440w, https:\/\/medclinics.com\/wp-content\/uploads\/2023\/03\/breast-lift-istanbul-500x163.jpg 500w, https:\/\/medclinics.com\/wp-content\/uploads\/2023\/03\/breast-lift-istanbul-1024x334.jpg 1024w, https:\/\/medclinics.com\/wp-content\/uploads\/2023\/03\/breast-lift-istanbul-768x251.jpg 768w\" sizes=\"(max-width: 1440px) 100vw, 1440px\" \/><\/figure>\n\n<h2 class=\"wp-block-heading\">FAQ.<\/h2>\n<div id=\"rank-math-faq\" class=\"rank-math-block\">\n<div class=\"rank-math-list \">\n<div id=\"faq-question-1682602684334\" class=\"rank-math-list-item\">\n<h3 class=\"rank-math-question \">Hinterl\u00e4sst eine Bruststraffung Narben?<\/h3>\n<div class=\"rank-math-answer \">\n\n<p>Die Bruststraffung ist ein chirurgischer Eingriff. Es werden Narben zur\u00fcckbleiben, die aber mit der Zeit verblassen und kaum sichtbar sind. Der Arzt wird versuchen, den Schnitt so zu setzen, dass er m\u00f6glichst unsichtbar ist.<\/p>\n\n<\/div>\n<\/div>\n<div id=\"faq-question-1682602700934\" class=\"rank-math-list-item\">\n<h3 class=\"rank-math-question \">Wie stark kann meine Brust gestrafft werden?<\/h3>\n<div class=\"rank-math-answer \">\n\n<p>Bei der Voruntersuchung wird Ihnen der behandelnde Arzt genau erkl\u00e4ren, um wie viel Ihre Brust gestrafft werden kann. Verschiedene individuelle Faktoren wie Alter und Elastizit\u00e4t der Haut spielen dabei eine entscheidende Rolle.<br \/>Manchmal muss auch die Brustwarze an eine h\u00f6here Stelle der Brust verlegt werden.<\/p>\n\n<\/div>\n<\/div>\n<div id=\"faq-question-1682602721732\" class=\"rank-math-list-item\">\n<h3 class=\"rank-math-question \">Sind Bruststraffungen erfolgreich?<\/h3>\n<div class=\"rank-math-answer \">\n\n<p>Eine Bruststraffung sollte nur von einem erfahrenen Chirurgen durchgef\u00fchrt werden, damit der Eingriff das gew\u00fcnschte Ergebnis erzielt. Es ist m\u00f6glich, ein \u00e4sthetischeres und jugendlicheres Aussehen der Brust zu erreichen.<\/p>\n\n<\/div>\n<\/div>\n<div id=\"faq-question-1682602747270\" class=\"rank-math-list-item\">\n<h3 class=\"rank-math-question \">Welche Operationstechniken gibt es bei der Brustverkleinerung?<\/h3>\n<div class=\"rank-math-answer \">\n\n<p>Es gibt verschiedene Techniken, die der Chirurg bei einer Bruststraffung anwenden kann. Dazu geh\u00f6ren die Anker- oder umgekehrte T-Technik, die vertikale oder Lollipop-Technik und die Sicheltechnik. Ihr Arzt wird mit Ihnen genau besprechen, welche Technik f\u00fcr Sie am besten geeignet ist und warum.<\/p>\n\n<\/div>\n<\/div>\n<\/div>\n<\/div>\n<h2 class=\"wp-block-heading\">Kontaktieren Sie uns jetzt, falls Sie Fragen haben!<\/h2>\n","protected":false},"excerpt":{"rendered":"<p>Genie\u00dfen Sie mit der Bruststraffung zum ersten Mal Ihre sch\u00f6ne und freche Brustform! Eine Bruststraffung (Mastopexie) verleiht erschlafften Br\u00fcsten eine [&hellip;]<\/p>\n","protected":false},"author":4,"featured_media":98744,"parent":0,"menu_order":0,"comment_status":"closed","ping_status":"closed","template":"","meta":{"site-sidebar-layout":"default","site-content-layout":"","ast-site-content-layout":"default","site-content-style":"default","site-sidebar-style":"default","ast-global-header-display":"","ast-banner-title-visibility":"","ast-main-header-display":"","ast-hfb-above-header-display":"","ast-hfb-below-header-display":"","ast-hfb-mobile-header-display":"","site-post-title":"","ast-breadcrumbs-content":"","ast-featured-img":"","footer-sml-layout":"","ast-disable-related-posts":"","theme-transparent-header-meta":"","adv-header-id-meta":"","stick-header-meta":"","header-above-stick-meta":"","header-main-stick-meta":"","header-below-stick-meta":"","astra-migrate-meta-layouts":"default","ast-page-background-enabled":"default","ast-page-background-meta":{"desktop":{"background-color":"var(--ast-global-color-4)","background-image":"","background-repeat":"repeat","background-position":"center center","background-size":"auto","background-attachment":"scroll","background-type":"","background-media":"","overlay-type":"","overlay-color":"","overlay-opacity":"","overlay-gradient":""},"tablet":{"background-color":"","background-image":"","background-repeat":"repeat","background-position":"center center","background-size":"auto","background-attachment":"scroll","background-type":"","background-media":"","overlay-type":"","overlay-color":"","overlay-opacity":"","overlay-gradient":""},"mobile":{"background-color":"","background-image":"","background-repeat":"repeat","background-position":"center center","background-size":"auto","background-attachment":"scroll","background-type":"","background-media":"","overlay-type":"","overlay-color":"","overlay-opacity":"","overlay-gradient":""}},"ast-content-background-meta":{"desktop":{"background-color":"var(--ast-global-color-5)","background-image":"","background-repeat":"repeat","background-position":"center center","background-size":"auto","background-attachment":"scroll","background-type":"","background-media":"","overlay-type":"","overlay-color":"","overlay-opacity":"","overlay-gradient":""},"tablet":{"background-color":"var(--ast-global-color-5)","background-image":"","background-repeat":"repeat","background-position":"center center","background-size":"auto","background-attachment":"scroll","background-type":"","background-media":"","overlay-type":"","overlay-color":"","overlay-opacity":"","overlay-gradient":""},"mobile":{"background-color":"var(--ast-global-color-5)","background-image":"","background-repeat":"repeat","background-position":"center center","background-size":"auto","background-attachment":"scroll","background-type":"","background-media":"","overlay-type":"","overlay-color":"","overlay-opacity":"","overlay-gradient":""}},"footnotes":""},"class_list":["post-144879","page","type-page","status-publish","has-post-thumbnail","hentry"],"_links":{"self":[{"href":"https:\/\/medclinics.com\/de\/wp-json\/wp\/v2\/pages\/144879","targetHints":{"allow":["GET"]}}],"collection":[{"href":"https:\/\/medclinics.com\/de\/wp-json\/wp\/v2\/pages"}],"about":[{"href":"https:\/\/medclinics.com\/de\/wp-json\/wp\/v2\/types\/page"}],"author":[{"embeddable":true,"href":"https:\/\/medclinics.com\/de\/wp-json\/wp\/v2\/users\/4"}],"replies":[{"embeddable":true,"href":"https:\/\/medclinics.com\/de\/wp-json\/wp\/v2\/comments?post=144879"}],"version-history":[{"count":0,"href":"https:\/\/medclinics.com\/de\/wp-json\/wp\/v2\/pages\/144879\/revisions"}],"wp:featuredmedia":[{"embeddable":true,"href":"https:\/\/medclinics.com\/de\/wp-json\/wp\/v2\/media\/98744"}],"wp:attachment":[{"href":"https:\/\/medclinics.com\/de\/wp-json\/wp\/v2\/media?parent=144879"}],"curies":[{"name":"wp","href":"https:\/\/api.w.org\/{rel}","templated":true}]}}