{"id":144869,"date":"2023-05-20T13:41:48","date_gmt":"2023-05-20T10:41:48","guid":{"rendered":"https:\/\/medclinics.com\/brustverkleinerung\/"},"modified":"2024-12-30T19:30:23","modified_gmt":"2024-12-30T16:30:23","slug":"brustverkleinerung","status":"publish","type":"page","link":"https:\/\/medclinics.com\/de\/brustverkleinerung\/","title":{"rendered":"Brustverkleinerung"},"content":{"rendered":"\n<h2 class=\"wp-block-heading\">Die Brustverkleinerung zielt darauf ab, die Gr\u00f6\u00dfe der Brust zu reduzieren und ihre Form zu korrigieren. <\/h2>\n\n<p>Bei dieser Operation werden Schnitte gesetzt, um \u00fcbersch\u00fcssiges Brustgewebe und Haut zu entfernen. Diese Operation kann auch die dunkle Haut um die Brustwarze (Areola) reduzieren. Gro\u00dfe Br\u00fcste verursachen einige Probleme. Dies k\u00f6nnen chronische Nacken-, R\u00fccken- und Schulterschmerzen, chronische R\u00f6tungen oder Hautreizungen unter den Br\u00fcsten sein.<\/p>\n\n<p>Au\u00dferdem haben Sie m\u00f6glicherweise Schwierigkeiten, in BHs und Kleider zu passen. Eine Brustverkleinerung f\u00fcr M\u00e4nner ist auch m\u00f6glich, wenn Sie Gyn\u00e4komastie usw. haben. Sie k\u00f6nnen sich f\u00fcr diese Operation entscheiden, wenn Sie Probleme mit einem dieser Punkte haben. F\u00fcr den Eingriff macht der Chirurg in der Regel einen Schnitt in und um die Brustwarze, unter jeder Brust. Anschlie\u00dfend werden \u00fcbersch\u00fcssiges Brustgewebe, Fett und Haut entfernt. Dadurch wird die Brust neu geformt.  <\/p>\n\n<p>F\u00fcr diese <a href=\"https:\/\/istanbul-tourist-information.com\/en\/category\/plastic-and-aesthetic-surgery\/\" target=\"_blank\" rel=\"noreferrer noopener\">\u00e4sthetische Operation<\/a> gibt es verschiedene Techniken. Traditionelle Verkleinerung, Verkleinerung nur durch Fettabsaugung und Brustverkleinerung durch vertikale Schnitte (Lollipop-Reduktion) sind am beliebtesten. Bei der <strong>traditionellen Brustverkleinerung<\/strong> wird \u00fcbersch\u00fcssiges Brustgewebe, Fett und Haut entfernt. Es ist m\u00f6glich, das verbleibende Gewebe f\u00fcr eine optimale \u00c4sthetik neu zu formen.  <\/p>\n\n<p>Die <strong>reine Fettabsaugung<\/strong> ist eine weniger invasive Methode. Es absorbiert nur Fettgewebe. Au\u00dferdem sind keine umfangreichen Gewebe- oder Konturierungsarbeiten erforderlich. Die Brustverkleinerung durch vertikale Schnitte (Lollipop-Reduktion) ist eine narbenarme Technik f\u00fcr eine moderate Verkleinerung. Es handelt sich um einen vertikalen Schnitt vom Warzenhof bis zur Brustfalte.<\/p>\n\n<p>Sie k\u00f6nnen die Brustverkleinerung auch mit einer Bruststraffung kombinieren. Als MedClinics sind wir hier, um die besten Kliniken und plastischen Chirurgen f\u00fcr Ihre Brustoperation zu finden!<\/p>\n\n<h3 class=\"wp-block-heading\">Alles, was Sie \u00fcber <a href=\"https:\/\/medclinics.com\/breast-aesthetic-surgery\/\" target=\"_blank\" rel=\"noreferrer noopener\">\u00e4sthetische Brustoperationen<\/a> wissen m\u00fcssen, einschlie\u00dflich Preis, Nachsorge und Heilungsprozess, oder <a href=\"#requestform\" target=\"_blank\" rel=\"noreferrer noopener\">kontaktieren Sie uns<\/a>!<\/h3>\n\n<figure class=\"wp-block-image size-large\"><img fetchpriority=\"high\" decoding=\"async\" width=\"1440\" height=\"470\" src=\"https:\/\/medclinics.com\/wp-content\/uploads\/2023\/02\/breast-eduction-istanbul.jpg\" alt=\"Brustverkleinerung in Istanbul in der T&#xFC;rkei\" class=\"wp-image-53074\" srcset=\"https:\/\/medclinics.com\/wp-content\/uploads\/2023\/02\/breast-eduction-istanbul.jpg 1440w, https:\/\/medclinics.com\/wp-content\/uploads\/2023\/02\/breast-eduction-istanbul-500x163.jpg 500w, https:\/\/medclinics.com\/wp-content\/uploads\/2023\/02\/breast-eduction-istanbul-1024x334.jpg 1024w, https:\/\/medclinics.com\/wp-content\/uploads\/2023\/02\/breast-eduction-istanbul-768x251.jpg 768w\" sizes=\"(max-width: 1440px) 100vw, 1440px\" \/><\/figure>\n\n<h2 class=\"wp-block-heading\">FAQ.<\/h2>\n<div id=\"rank-math-faq\" class=\"rank-math-block\">\n<div class=\"rank-math-list \">\n<div id=\"faq-question-1682602684334\" class=\"rank-math-list-item\">\n<h3 class=\"rank-math-question \">Wer ist f\u00fcr eine Brustverkleinerung geeignet?<\/h3>\n<div class=\"rank-math-answer \">\n\n<p>Jede Frau, die unter der Gr\u00f6\u00dfe ihrer Br\u00fcste leidet, ist f\u00fcr eine Brustverkleinerung geeignet. Zu gro\u00dfe Br\u00fcste k\u00f6nnen sowohl psychische als auch physische Beschwerden verursachen. H\u00e4ufig leiden Frauen unter R\u00fccken- und Nackenschmerzen oder Haltungssch\u00e4den.<\/p>\n\n<\/div>\n<\/div>\n<div id=\"faq-question-1682602700934\" class=\"rank-math-list-item\">\n<h3 class=\"rank-math-question \">Um wie viel kann meine Brust verkleinert werden?<\/h3>\n<div class=\"rank-math-answer \">\n\n<p>Das Ausma\u00df der Brustverkleinerung wird von Ihrem behandelnden Arzt gemeinsam mit Ihnen festgelegt. Je nach K\u00f6rperbau und Ausgangsgewicht k\u00f6nnen zwischen 200 und 1500 Gramm pro Seite entfernt werden.<\/p>\n\n<\/div>\n<\/div>\n<div id=\"faq-question-1682602721732\" class=\"rank-math-list-item\">\n<h3 class=\"rank-math-question \">K\u00f6nnen M\u00e4nner eine Brustverkleinerung bekommen?<\/h3>\n<div class=\"rank-math-answer \">\n\n<p>Ja, auch M\u00e4nner k\u00f6nnen eine Brustverkleinerung vornehmen lassen. Der medizinische Begriff daf\u00fcr lautet Gyn\u00e4komastie. Sie tritt kurz nach der Geburt, w\u00e4hrend der Pubert\u00e4t oder im h\u00f6heren Alter auf. Es handelt sich nicht um einen gef\u00e4hrlichen Zustand, aber viele M\u00e4nner empfinden die \u00fcbergro\u00dfe Brust als st\u00f6rend und leiden psychisch darunter<\/p>\n\n<\/div>\n<\/div>\n<div id=\"faq-question-1682602747270\" class=\"rank-math-list-item\">\n<h3 class=\"rank-math-question \">Welche Operationstechniken gibt es bei der Brustverkleinerung?<\/h3>\n<div class=\"rank-math-answer \">\n\n<p>Man unterscheidet zwischen der vertikalen Technik, bei der der Schnitt um den Warzenhof herum und zus\u00e4tzlich vertikal von der Brustwarze nach unten zur Brustfalte verl\u00e4uft. Diese Technik wird auch als Lollipop- oder Schl\u00fcssellochschnitt bezeichnet. Beim umgekehrten T verl\u00e4uft der Schnitt in der Brustfalte und zieht sich senkrecht nach oben bis zum Warzenhof. Diese Techniken werden vor allem bei Brustverkleinerungen eingesetzt.<\/p>\n\n<\/div>\n<\/div>\n<\/div>\n<\/div>\n<h2 class=\"wp-block-heading\">Kontaktieren Sie uns jetzt, falls Sie Fragen haben!<\/h2>\n","protected":false},"excerpt":{"rendered":"<p>Die Brustverkleinerung zielt darauf ab, die Gr\u00f6\u00dfe der Brust zu reduzieren und ihre Form zu korrigieren. Bei dieser Operation werden [&hellip;]<\/p>\n","protected":false},"author":4,"featured_media":98752,"parent":0,"menu_order":0,"comment_status":"closed","ping_status":"closed","template":"","meta":{"site-sidebar-layout":"default","site-content-layout":"","ast-site-content-layout":"default","site-content-style":"default","site-sidebar-style":"default","ast-global-header-display":"","ast-banner-title-visibility":"","ast-main-header-display":"","ast-hfb-above-header-display":"","ast-hfb-below-header-display":"","ast-hfb-mobile-header-display":"","site-post-title":"","ast-breadcrumbs-content":"","ast-featured-img":"","footer-sml-layout":"","ast-disable-related-posts":"","theme-transparent-header-meta":"","adv-header-id-meta":"","stick-header-meta":"","header-above-stick-meta":"","header-main-stick-meta":"","header-below-stick-meta":"","astra-migrate-meta-layouts":"default","ast-page-background-enabled":"default","ast-page-background-meta":{"desktop":{"background-color":"var(--ast-global-color-4)","background-image":"","background-repeat":"repeat","background-position":"center center","background-size":"auto","background-attachment":"scroll","background-type":"","background-media":"","overlay-type":"","overlay-color":"","overlay-opacity":"","overlay-gradient":""},"tablet":{"background-color":"","background-image":"","background-repeat":"repeat","background-position":"center center","background-size":"auto","background-attachment":"scroll","background-type":"","background-media":"","overlay-type":"","overlay-color":"","overlay-opacity":"","overlay-gradient":""},"mobile":{"background-color":"","background-image":"","background-repeat":"repeat","background-position":"center center","background-size":"auto","background-attachment":"scroll","background-type":"","background-media":"","overlay-type":"","overlay-color":"","overlay-opacity":"","overlay-gradient":""}},"ast-content-background-meta":{"desktop":{"background-color":"var(--ast-global-color-5)","background-image":"","background-repeat":"repeat","background-position":"center center","background-size":"auto","background-attachment":"scroll","background-type":"","background-media":"","overlay-type":"","overlay-color":"","overlay-opacity":"","overlay-gradient":""},"tablet":{"background-color":"var(--ast-global-color-5)","background-image":"","background-repeat":"repeat","background-position":"center center","background-size":"auto","background-attachment":"scroll","background-type":"","background-media":"","overlay-type":"","overlay-color":"","overlay-opacity":"","overlay-gradient":""},"mobile":{"background-color":"var(--ast-global-color-5)","background-image":"","background-repeat":"repeat","background-position":"center center","background-size":"auto","background-attachment":"scroll","background-type":"","background-media":"","overlay-type":"","overlay-color":"","overlay-opacity":"","overlay-gradient":""}},"footnotes":""},"class_list":["post-144869","page","type-page","status-publish","has-post-thumbnail","hentry"],"_links":{"self":[{"href":"https:\/\/medclinics.com\/de\/wp-json\/wp\/v2\/pages\/144869","targetHints":{"allow":["GET"]}}],"collection":[{"href":"https:\/\/medclinics.com\/de\/wp-json\/wp\/v2\/pages"}],"about":[{"href":"https:\/\/medclinics.com\/de\/wp-json\/wp\/v2\/types\/page"}],"author":[{"embeddable":true,"href":"https:\/\/medclinics.com\/de\/wp-json\/wp\/v2\/users\/4"}],"replies":[{"embeddable":true,"href":"https:\/\/medclinics.com\/de\/wp-json\/wp\/v2\/comments?post=144869"}],"version-history":[{"count":0,"href":"https:\/\/medclinics.com\/de\/wp-json\/wp\/v2\/pages\/144869\/revisions"}],"wp:featuredmedia":[{"embeddable":true,"href":"https:\/\/medclinics.com\/de\/wp-json\/wp\/v2\/media\/98752"}],"wp:attachment":[{"href":"https:\/\/medclinics.com\/de\/wp-json\/wp\/v2\/media?parent=144869"}],"curies":[{"name":"wp","href":"https:\/\/api.w.org\/{rel}","templated":true}]}}