{"id":144857,"date":"2023-05-22T13:50:50","date_gmt":"2023-05-22T10:50:50","guid":{"rendered":"https:\/\/medclinics.com\/brustvergroserung-mit-fetttransfer\/"},"modified":"2025-01-02T15:11:58","modified_gmt":"2025-01-02T12:11:58","slug":"brustvergroserung-mit-fetttransfer","status":"publish","type":"page","link":"https:\/\/medclinics.com\/de\/brustvergroserung-mit-fetttransfer\/","title":{"rendered":"Fetttransfer Brustvergr\u00f6\u00dferung"},"content":{"rendered":"\n<h2 class=\"wp-block-heading\">Eine Brustvergr\u00f6\u00dferung durch Fetttransfer kann die perfekte L\u00f6sung sein, wenn Sie Ihre Br\u00fcste vergr\u00f6\u00dfern und ein nat\u00fcrlicheres Aussehen erreichen m\u00f6chten.<\/h2>\n\n<p>Bei diesem Verfahren wird durch Fettabsaugung Fett aus bestimmten K\u00f6rperregionen (z. B. Bauch, Oberschenkel oder Ges\u00e4\u00df) entfernt. Das entnommene Fett wird dann gereinigt und auf die Br\u00fcste \u00fcbertragen, um deren Volumen zu vergr\u00f6\u00dfern.<\/p>\n\n<p>Die Brustvergr\u00f6\u00dferung mit Fetttransfer ist eine nat\u00fcrliche Methode zur Verbesserung der Brustform und -gr\u00f6\u00dfe. Chirurgen entfernen Fett an Bauch, H\u00fcften, R\u00fccken, Beinen oder Armen. Daher schrumpfen diese Bereiche Ihres K\u00f6rpers. Ihr Arzt injiziert Fettzellen in Ihre Br\u00fcste und vergr\u00f6\u00dfert sie dadurch. Br\u00fcste haben viel Fettgewebe. Die Zugabe von mehr Fett sorgt also f\u00fcr ein nat\u00fcrlicheres Aussehen und Gef\u00fchl.<\/p>\n\n<p>Bei dieser Methode gibt es einige Einschr\u00e4nkungen. Es kann sein, dass Sie mehr als eine Sitzung ben\u00f6tigen, um eine deutliche Verbesserung zu erzielen. Au\u00dferdem k\u00f6nnen einige Fette vom K\u00f6rper resorbiert werden. Dies kann die Ergebnisse ver\u00e4ndern. F\u00fcr Fetttransfer Brustvergr\u00f6\u00dferung, Kosten, Bewertungen und mehr, sollten Sie unsere <a href=\"https:\/\/www.breastaugmentation.gen.tr\/\" target=\"_blank\" rel=\"noreferrer noopener nofollow\">Brustvergr\u00f6\u00dferung Blog<\/a> f\u00fcr n\u00fctzliche Informationen zu lesen. <\/p>\n\n<h3 class=\"wp-block-heading\">Alles, was Sie \u00fcber <a href=\"https:\/\/medclinics.com\/breast-aesthetic-surgery\/\" target=\"_blank\" rel=\"noreferrer noopener\">Brustoperationen<\/a> wissen m\u00fcssen, einschlie\u00dflich Preis, Nachsorge und Heilungsprozess, oder <a href=\"#requestform\">kontaktieren Sie uns<\/a>!<\/h3>\n\n<figure class=\"wp-block-image size-full\"><img fetchpriority=\"high\" decoding=\"async\" width=\"960\" height=\"550\" src=\"https:\/\/medclinics.com\/wp-content\/uploads\/2023\/03\/breast-augmentation-in-istanbul-near-me.jpg\" alt=\"brustvergr&#xF6;&#xDF;erung-in-istanbul-in der n&#xE4;he\" class=\"wp-image-21590\" srcset=\"https:\/\/medclinics.com\/wp-content\/uploads\/2023\/03\/breast-augmentation-in-istanbul-near-me.jpg 960w, https:\/\/medclinics.com\/wp-content\/uploads\/2023\/03\/breast-augmentation-in-istanbul-near-me-300x172.jpg 300w, https:\/\/medclinics.com\/wp-content\/uploads\/2023\/03\/breast-augmentation-in-istanbul-near-me-280x160.jpg 280w, https:\/\/medclinics.com\/wp-content\/uploads\/2023\/03\/breast-augmentation-in-istanbul-near-me-768x440.jpg 768w, https:\/\/medclinics.com\/wp-content\/uploads\/2023\/03\/breast-augmentation-in-istanbul-near-me-600x344.jpg 600w\" sizes=\"(max-width: 960px) 100vw, 960px\" \/><\/figure>\n\n<h2 class=\"wp-block-heading\">FAQ <\/h2>\n<div id=\"rank-math-faq\" class=\"rank-math-block\">\n<div class=\"rank-math-list \">\n<div id=\"faq-question-1682603361561\" class=\"rank-math-list-item\">\n<h3 class=\"rank-math-question \">Brauche ich mehrere Lipofilling-Sitzungen?<\/h3>\n<div class=\"rank-math-answer \">\n\n<p>In der Regel reichen 1 bis 3 Sitzungen des Fetttransfers aus, um die Gr\u00f6\u00dfe Ihrer gew\u00fcnschten Br\u00fcste zu erh\u00f6hen.<\/p>\n\n<\/div>\n<\/div>\n<div id=\"faq-question-1682665852961\" class=\"rank-math-list-item\">\n<h3 class=\"rank-math-question \">Ist eine Brustvergr\u00f6\u00dferung mit Fetttransfer dauerhaft?<\/h3>\n<div class=\"rank-math-answer \">\n\n<p>Eine Brustvergr\u00f6\u00dferung mit Eigenfett ist langlebig, aber vielleicht nicht f\u00fcr immer. Mit der Zeit kann der K\u00f6rper einige Fettzellen absorbieren. Einige Fettzellen \u00fcberleben die Transplantation nicht oder wachsen nicht richtig<\/p>\n\n<\/div>\n<\/div>\n<div id=\"faq-question-1682666623404\" class=\"rank-math-list-item\">\n<h3 class=\"rank-math-question \">F\u00fchlen sich fett\u00fcbertragene Br\u00fcste nat\u00fcrlich an?<\/h3>\n<div class=\"rank-math-answer \">\n\n<p>Ja, Br\u00fcste, die mit Fetttransfer vergr\u00f6\u00dfert wurden, f\u00fchlen sich nat\u00fcrlich an, da das \u00fcbertragene Fett mit dem K\u00f6rper verschmilzt.<\/p>\n\n<\/div>\n<\/div>\n<div id=\"faq-question-1682666956133\" class=\"rank-math-list-item\">\n<h3 class=\"rank-math-question \">Kann ich nach einer Brustvergr\u00f6\u00dferung mit Fetttransfer stillen?<\/h3>\n<div class=\"rank-math-answer \">\n\n<p>Das Stillen ist auch nach einer Brustvergr\u00f6\u00dferung mit Eigenfett m\u00f6glich. Die Milchkan\u00e4le sind in der Regel nicht betroffen. durch den Fetttransfer.<\/p>\n\n<\/div>\n<\/div>\n<\/div>\n<\/div>\n<p><\/p>\n\n<h3 class=\"wp-block-heading\">Kontaktieren Sie uns jetzt, falls Sie Fragen haben!<\/h3>\n","protected":false},"excerpt":{"rendered":"<p>Eine Brustvergr\u00f6\u00dferung durch Fetttransfer kann die perfekte L\u00f6sung sein, wenn Sie Ihre Br\u00fcste vergr\u00f6\u00dfern und ein nat\u00fcrlicheres Aussehen erreichen m\u00f6chten. [&hellip;]<\/p>\n","protected":false},"author":4,"featured_media":53227,"parent":0,"menu_order":0,"comment_status":"closed","ping_status":"closed","template":"","meta":{"site-sidebar-layout":"default","site-content-layout":"","ast-site-content-layout":"default","site-content-style":"default","site-sidebar-style":"default","ast-global-header-display":"","ast-banner-title-visibility":"","ast-main-header-display":"","ast-hfb-above-header-display":"","ast-hfb-below-header-display":"","ast-hfb-mobile-header-display":"","site-post-title":"","ast-breadcrumbs-content":"","ast-featured-img":"","footer-sml-layout":"","ast-disable-related-posts":"","theme-transparent-header-meta":"","adv-header-id-meta":"","stick-header-meta":"","header-above-stick-meta":"","header-main-stick-meta":"","header-below-stick-meta":"","astra-migrate-meta-layouts":"default","ast-page-background-enabled":"default","ast-page-background-meta":{"desktop":{"background-color":"var(--ast-global-color-4)","background-image":"","background-repeat":"repeat","background-position":"center center","background-size":"auto","background-attachment":"scroll","background-type":"","background-media":"","overlay-type":"","overlay-color":"","overlay-opacity":"","overlay-gradient":""},"tablet":{"background-color":"","background-image":"","background-repeat":"repeat","background-position":"center center","background-size":"auto","background-attachment":"scroll","background-type":"","background-media":"","overlay-type":"","overlay-color":"","overlay-opacity":"","overlay-gradient":""},"mobile":{"background-color":"","background-image":"","background-repeat":"repeat","background-position":"center center","background-size":"auto","background-attachment":"scroll","background-type":"","background-media":"","overlay-type":"","overlay-color":"","overlay-opacity":"","overlay-gradient":""}},"ast-content-background-meta":{"desktop":{"background-color":"var(--ast-global-color-5)","background-image":"","background-repeat":"repeat","background-position":"center center","background-size":"auto","background-attachment":"scroll","background-type":"","background-media":"","overlay-type":"","overlay-color":"","overlay-opacity":"","overlay-gradient":""},"tablet":{"background-color":"var(--ast-global-color-5)","background-image":"","background-repeat":"repeat","background-position":"center center","background-size":"auto","background-attachment":"scroll","background-type":"","background-media":"","overlay-type":"","overlay-color":"","overlay-opacity":"","overlay-gradient":""},"mobile":{"background-color":"var(--ast-global-color-5)","background-image":"","background-repeat":"repeat","background-position":"center center","background-size":"auto","background-attachment":"scroll","background-type":"","background-media":"","overlay-type":"","overlay-color":"","overlay-opacity":"","overlay-gradient":""}},"footnotes":""},"class_list":["post-144857","page","type-page","status-publish","has-post-thumbnail","hentry"],"_links":{"self":[{"href":"https:\/\/medclinics.com\/de\/wp-json\/wp\/v2\/pages\/144857","targetHints":{"allow":["GET"]}}],"collection":[{"href":"https:\/\/medclinics.com\/de\/wp-json\/wp\/v2\/pages"}],"about":[{"href":"https:\/\/medclinics.com\/de\/wp-json\/wp\/v2\/types\/page"}],"author":[{"embeddable":true,"href":"https:\/\/medclinics.com\/de\/wp-json\/wp\/v2\/users\/4"}],"replies":[{"embeddable":true,"href":"https:\/\/medclinics.com\/de\/wp-json\/wp\/v2\/comments?post=144857"}],"version-history":[{"count":0,"href":"https:\/\/medclinics.com\/de\/wp-json\/wp\/v2\/pages\/144857\/revisions"}],"wp:featuredmedia":[{"embeddable":true,"href":"https:\/\/medclinics.com\/de\/wp-json\/wp\/v2\/media\/53227"}],"wp:attachment":[{"href":"https:\/\/medclinics.com\/de\/wp-json\/wp\/v2\/media?parent=144857"}],"curies":[{"name":"wp","href":"https:\/\/api.w.org\/{rel}","templated":true}]}}