{"id":144835,"date":"2023-06-09T13:57:00","date_gmt":"2023-06-09T10:57:00","guid":{"rendered":"https:\/\/medclinics.com\/asthetische-chirurgie-der-bruste\/"},"modified":"2025-01-03T01:57:23","modified_gmt":"2025-01-02T22:57:23","slug":"asthetische-chirurgie-der-bruste","status":"publish","type":"page","link":"https:\/\/medclinics.com\/de\/asthetische-chirurgie-der-bruste\/","title":{"rendered":"Brustchirurgie"},"content":{"rendered":"\n<h2 class=\"wp-block-heading\" id=\"breast-surgery-or-mammoplasty\">Brustchirurgie oder Mammaplastik<\/h2>\n\n<p><strong>dient dazu, die Form und Gr\u00f6\u00dfe der Br\u00fcste zu ver\u00e4ndern. Sie erm\u00f6glicht es Ihnen, Ihr Selbstvertrauen wiederzuerlangen und viele Komplexe zu beseitigen, die das normale Leben beeintr\u00e4chtigen.<\/strong><\/p>\n\n<div class=\"wp-block-rank-math-toc-block\" id=\"rank-math-toc\"><h2>Inhaltsverzeichnis<\/h2><nav><ul><li><a href=\"#breast-surgery-or-mammoplasty\">Brustchirurgie oder Mammaplastik<\/a><\/li><li><a href=\"#so-what-is\">Was ist also<\/a><\/li><li><a href=\"#treatment-plan\">Behandlungsplan<\/a><\/li><li><a href=\"#aftercare-healing-process\">Nachsorge &amp; Heilungsprozess<\/a><\/li><li><a href=\"#top-breast-surgery-costs-by-country\">Die h\u00f6chsten Kosten f\u00fcr Brustchirurgie nach Land<\/a><\/li><li><a href=\"#types-of-breast-aesthetic-surgery\">Arten der \u00e4sthetischen Brustchirurgie<\/a><\/li><li><a href=\"#faq\">FAQ<\/a><\/li><li><a href=\"#history\">Geschichte<\/a><\/li><li><a href=\"#cities-and-countries-for-breast-surgery\">St\u00e4dte und L\u00e4nder f\u00fcr die Brustchirurgie<\/a><\/li><\/ul><\/nav><\/div>\n\n<h2 class=\"wp-block-heading\" id=\"so-what-is\">Was ist also<\/h2>\n\n<ul class=\"wp-block-list\">\n<li>Die Brustchirurgie oder Mammoplastik ist eine Gruppe von chirurgischen Eingriffen, die darauf abzielen, die Form und Gr\u00f6\u00dfe der Brustdr\u00fcsen zu ver\u00e4ndern und den Warzenhof und die Brustwarzen zu korrigieren.<\/li>\n\n\n\n<li>Sie erm\u00f6glicht es Ihnen, Ihr Selbstvertrauen zur\u00fcckzugewinnen und eine Reihe von Komplexen loszuwerden, die das normale Leben beeintr\u00e4chtigen.<\/li>\n<\/ul>\n\n<figure class=\"wp-block-image size-full\"><img fetchpriority=\"high\" decoding=\"async\" width=\"960\" height=\"540\" src=\"https:\/\/medclinics.com\/wp-content\/uploads\/2023\/07\/breast-aesthetic-surgery-in-turkey.jpg\" alt=\"&#xC4;sthetische Brustchirurgie in Istanbul in der T&#xFC;rkei\" class=\"wp-image-96694\" srcset=\"https:\/\/medclinics.com\/wp-content\/uploads\/2023\/07\/breast-aesthetic-surgery-in-turkey.jpg 960w, https:\/\/medclinics.com\/wp-content\/uploads\/2023\/07\/breast-aesthetic-surgery-in-turkey-500x281.jpg 500w, https:\/\/medclinics.com\/wp-content\/uploads\/2023\/07\/breast-aesthetic-surgery-in-turkey-768x432.jpg 768w, https:\/\/medclinics.com\/wp-content\/uploads\/2023\/07\/breast-aesthetic-surgery-in-turkey-24x14.jpg 24w, https:\/\/medclinics.com\/wp-content\/uploads\/2023\/07\/breast-aesthetic-surgery-in-turkey-36x20.jpg 36w, https:\/\/medclinics.com\/wp-content\/uploads\/2023\/07\/breast-aesthetic-surgery-in-turkey-48x27.jpg 48w\" sizes=\"(max-width: 960px) 100vw, 960px\" \/><\/figure>\n\n<h2 class=\"wp-block-heading\" id=\"treatment-plan\">Behandlungsplan<\/h2>\n<div id=\"rank-math-faq\" class=\"rank-math-block\">\n<div class=\"rank-math-list \">\n<div id=\"faq-question-1686920579822\" class=\"rank-math-list-item\">\n<h3 class=\"rank-math-question \">1. Tag<\/h3>\n<div class=\"rank-math-answer \">\n\n<p>Treffen Sie Ihren medizinischen Berater<br \/>Ausf\u00fchrliche Untersuchung Ihrer Brust<br \/>Endg\u00fcltige Entscheidung \u00fcber die Operationsmethode sowie \u00fcber Form und Volumen der Implantate <\/p>\n\n<\/div>\n<\/div>\n<div id=\"faq-question-1686920626460\" class=\"rank-math-list-item\">\n<h3 class=\"rank-math-question \">2. Tag<\/h3>\n<div class=\"rank-math-answer \">\n\n<p>Kommen Sie mit leerem Magen in die Klinik und machen Sie die Blutkontrolle<br \/>Zweite Konsultation mit Ihrem behandelnden Arzt, nachdem die Ergebnisse der Blutuntersuchung vorliegen.<br \/>Vorbereitung und Beginn des Eingriffs: Der Eingriff wird unter Vollnarkose durchgef\u00fchrt, so dass Sie keine Schmerzen versp\u00fcren werden.<br \/>Eine Brustvergr\u00f6\u00dferung dauert in der Regel zwischen 2 und 3 Stunden.<br \/>Wird eine Bruststraffung oder Brustwarzenkorrektur in Verbindung mit einer Brustvergr\u00f6\u00dferung durchgef\u00fchrt, so verl\u00e4ngert sich die Operationsdauer um etwa 1 bis 2 Stunden.<br \/>Nach dem Aufwachen werden Sie in Ihr Privatzimmer im Krankenhaus gebracht.<br \/>Aufgrund der Vollnarkose werden Sie eine Nacht unter medizinischer \u00dcberwachung im Krankenhaus verbringen.<br \/>Bitte beachten Sie, dass Sie f\u00fcr ca. 1 Monat einen speziellen St\u00fctz-BH tragen m\u00fcssen, den Sie von unserer Klinik kostenlos erhalten.<\/p>\n\n<\/div>\n<\/div>\n<div id=\"faq-question-1686920640309\" class=\"rank-math-list-item\">\n<h3 class=\"rank-math-question \">3. Tag<\/h3>\n<div class=\"rank-math-answer \">\n\n<p>Besprechung mit Ihrem behandelnden Arzt<br \/>Kontrolle des Operationsgebietes<br \/>Entfernung der Drainagen<br \/>Informationen dar\u00fcber, was Sie in den n\u00e4chsten Tagen beachten sollten<br \/>Danach verlassen Sie das Krankenhaus, gehen in Ihr Hotel und erholen sich<br \/>Um m\u00f6glichen Schmerzen vorzubeugen und Schwellungen im Operationsgebiet zu reduzieren, empfehlen wir Ihnen dringend, die Medikamente, die Sie von unserer Klinik erhalten, gewissenhaft anzuwenden.<\/p>\n\n<\/div>\n<\/div>\n<div id=\"faq-question-1686920659005\" class=\"rank-math-list-item\">\n<h3 class=\"rank-math-question \">4. Tag<\/h3>\n<div class=\"rank-math-answer \">\n\n<p>Wenn Sie sich gut f\u00fchlen, k\u00f6nnen Sie jetzt die Stadt erkunden oder einkaufen gehen! Wenn Sie m\u00f6chten, k\u00f6nnen Sie sich im Hotel ausruhen!<\/p>\n\n<\/div>\n<\/div>\n<div id=\"faq-question-1686920742708\" class=\"rank-math-list-item\">\n<h3 class=\"rank-math-question \">5. Tag<\/h3>\n<div class=\"rank-math-answer \">\n\n<p>Endkontrolle durch Ihren behandelnden Arzt in unserem Krankenhaus<br \/>Ausf\u00fchrliche Untersuchung des Operationsgebietes<br \/>Reinigung der Wunde und Wechsel des Verbandes<br \/>Danach k\u00f6nnen Sie entspannt nach Hause gehen<\/p>\n\n<\/div>\n<\/div>\n<\/div>\n<\/div>\n<h3 class=\"wp-block-heading\" id=\"mammoplasty-for\">Mammaplastik f\u00fcr:<\/h3>\n\n<ul class=\"wp-block-list\">\n<li>Frauen, die bei guter Gesundheit sind.<\/li>\n\n\n\n<li>Frauen, die die Gr\u00f6\u00dfe und\/oder Form ihrer Brust ver\u00e4ndern m\u00f6chten.<\/li>\n\n\n\n<li>Frauen, die nach einer Operation oder einem Unfall eine Brustrekonstruktion w\u00fcnschen.<\/li>\n<\/ul>\n\n<h3 class=\"wp-block-heading\" id=\"mammoplasty-duration\">Mammaplastik Dauer:<\/h3>\n\n<ul class=\"wp-block-list\">\n<li>Eine Brustoperation kann zwischen 1 und 8 Stunden dauern, je nach Art und Schwierigkeit des Eingriffs.<\/li>\n<\/ul>\n\n<h3 class=\"wp-block-heading\" id=\"mammoplasty-recovery-timeline\">Zeitplan f\u00fcr die Genesung nach einer Mammaplastik:<\/h3>\n\n<ul class=\"wp-block-list\">\n<li>In der Regel dauert es etwa <a href=\"https:\/\/istanbul-tourist-information.com\/en\/medical-treatment\/\" target=\"_blank\" rel=\"noopener\">1-2 Wochen<\/a>, bis man sich von dem Eingriff erholt hat.<\/li>\n\n\n\n<li>K\u00f6rperliche Aktivit\u00e4ten k\u00f6nnen nach einem Monat wieder aufgenommen werden.<\/li>\n\n\n\n<li>In der Regel dauert es mindestens drei Monate, bis das volle Ergebnis der Behandlung sichtbar wird.<\/li>\n\n\n\n<li>Es kann bis zu 12 Monate dauern, bis Schwellungen und Narben nach einer Brustoperation vollst\u00e4ndig verschwunden sind.<\/li>\n<\/ul>\n\n<h3 class=\"wp-block-heading\" id=\"possible-risks-for-mammoplasty\">M\u00f6gliche Risiken der Mammaplastik:<\/h3>\n\n<ul class=\"wp-block-list\">\n<li>H\u00e4matom<\/li>\n\n\n\n<li>Fett-Embolsim<\/li>\n\n\n\n<li>Nekrose von Fettzellen<\/li>\n\n\n\n<li>Verlust von Sensibilit\u00e4t<\/li>\n\n\n\n<li>Schwierigkeiten oder Unf\u00e4higkeit zu stillen<\/li>\n\n\n\n<li>Verlust oder Verringerung der Empfindlichkeit der Brustwarzen<\/li>\n\n\n\n<li>Taubheit<\/li>\n<\/ul>\n\n<h2 class=\"wp-block-heading\" id=\"aftercare-healing-process\">Nachsorge &amp; Heilungsprozess<\/h2>\n<div id=\"rank-math-faq\" class=\"rank-math-block\">\n<div class=\"rank-math-list \">\n<div id=\"faq-question-1686920840200\" class=\"rank-math-list-item\">\n<h3 class=\"rank-math-question \">Nachsorge<\/h3>\n<div class=\"rank-math-answer \">\n\n<p>Nat\u00fcrlich k\u00fcmmern wir uns auch nach der Behandlung um Sie!<br \/>Unsere medizinischen Berater betreuen Sie 1 Jahr lang nach der Operation.<br \/>Wenn Sie Hilfe brauchen oder Fragen haben, k\u00f6nnen Sie sich an unser Personal wenden<br \/>Wir bitten Sie, uns Bilder zu schicken, um die Fortschritte 2 Wochen, 2 Monate, 6 Monate und 1 Jahr nach der Operation zu sehen.<\/p>\n\n<\/div>\n<\/div>\n<div id=\"faq-question-1686920853244\" class=\"rank-math-list-item\">\n<h3 class=\"rank-math-question \">Heilungsprozess<\/h3>\n<div class=\"rank-math-answer \">\n\n<p>Der gesamte Heilungsprozess dauert zwischen 6 und 12 Monaten.<br \/>In den ersten zwei Wochen nach der \u00e4sthetischen Brustoperation sollten Sie mit einem leichten Temperaturanstieg rechnen. Die Brust wird schmerzen, fest werden und in etwa 3 Monaten beginnen, weicher zu werden.<br \/>In den ersten Wochen nach der Operation sollten Sie die vom Arzt verschriebenen Medikamente einnehmen.  Es handelt sich um entz\u00fcndungshemmende Medikamente und Antibiotika. Sie werden verschrieben, um Schmerzen zu lindern, Entz\u00fcndungen zu hemmen und die Entwicklung von Infektionen zu verhindern.<br \/>Die Erholung nach einer \u00e4sthetischen Brustoperation ist immer mit der Entwicklung von Brustschwellungen und Bluterg\u00fcssen verbunden. Das ist ganz normal. Schwellungen und Bluterg\u00fcsse werden mit der Zeit verschwinden.<\/p>\n<p>Im ersten Monat nach einer \u00e4sthetischen Brustoperation kann die Empfindlichkeit der Brustwarzen gest\u00f6rt sein und die Empfindlichkeit der Brust selbst kann sich ver\u00e4ndern. Sie wird sich allm\u00e4hlich wieder normalisieren.<br \/>W\u00e4hrend der gesamten Heilungsphase m\u00fcssen Sie sich um die F\u00e4den k\u00fcmmern. Wie Sie dies tun, mit welcher Regelm\u00e4\u00dfigkeit, muss der Arzt sagen.<br \/>Um den Heilungsprozess zu beschleunigen, ist eine spezielle Massage von den ersten Wochen an vorgeschrieben. <\/p>\n\n<\/div>\n<\/div>\n<\/div>\n<\/div>\n<figure class=\"wp-block-image size-full\"><img decoding=\"async\" width=\"960\" height=\"540\" src=\"https:\/\/medclinics.com\/wp-content\/uploads\/2023\/07\/breast-aesthetic-surgery-in-turkey-2.jpg\" alt=\"&#xC4;sthetische Brustchirurgie in der T&#xFC;rkei 2\" class=\"wp-image-96701\" srcset=\"https:\/\/medclinics.com\/wp-content\/uploads\/2023\/07\/breast-aesthetic-surgery-in-turkey-2.jpg 960w, https:\/\/medclinics.com\/wp-content\/uploads\/2023\/07\/breast-aesthetic-surgery-in-turkey-2-500x281.jpg 500w, https:\/\/medclinics.com\/wp-content\/uploads\/2023\/07\/breast-aesthetic-surgery-in-turkey-2-768x432.jpg 768w, https:\/\/medclinics.com\/wp-content\/uploads\/2023\/07\/breast-aesthetic-surgery-in-turkey-2-24x14.jpg 24w, https:\/\/medclinics.com\/wp-content\/uploads\/2023\/07\/breast-aesthetic-surgery-in-turkey-2-36x20.jpg 36w, https:\/\/medclinics.com\/wp-content\/uploads\/2023\/07\/breast-aesthetic-surgery-in-turkey-2-48x27.jpg 48w\" sizes=\"(max-width: 960px) 100vw, 960px\" \/><\/figure>\n\n<h2 class=\"wp-block-heading\" id=\"top-breast-surgery-costs-by-country\">Die h\u00f6chsten Kosten f\u00fcr Brustchirurgie nach Land<\/h2>\n\n<p>Die Kosten f\u00fcr \u00e4sthetische Brustoperationen h\u00e4ngen von der Erfahrung des Chirurgen, der verwendeten Technik, der Klinik oder dem Krankenhaus und Ihrem individuellen Gesundheitszustand ab.<br\/>Die unten aufgef\u00fchrten Preise gelten f\u00fcr Brustvergr\u00f6\u00dferungen und k\u00f6nnen sich \u00e4ndern. Sie k\u00f6nnen sich mit uns in Verbindung setzen, um detaillierte Informationen dar\u00fcber zu erhalten.<\/p>\n\n<figure class=\"wp-block-table\"><table><thead><tr><th>Land <\/th><th>Preis  <\/th><th>Bewertung<\/th><\/tr><\/thead><tbody><tr><td>T\u00fcrkiye (T\u00fcrkei)<\/td><td>~ 3500\u20ac<\/td><td>\u2605\u2605\u2605\u2605\u2605<\/td><\/tr><tr><td>Deutschland<\/td><td>~ 5000\u20ac<\/td><td>\u2605\u2605\u2605\u2605<\/td><\/tr><tr><td>Polen<\/td><td>~ 6200\u20ac<\/td><td>\u2605\u2605\u2605<\/td><\/tr><tr><td>Indien<\/td><td>~ 7000\u20ac<\/td><td>\u2605\u2605\u2605<\/td><\/tr><\/tbody><\/table><\/figure>\n\n<h2 class=\"wp-block-heading\" id=\"types-of-breast-aesthetic-surgery\">Arten der \u00e4sthetischen Brustchirurgie<\/h2>\n<div class=\"jet-listing-grid--blocks   jet-sm-gb-wrapper jet-sm-gb-8ee14fe5-2e42-4d3b-9612-13db20e24f92\"data-element-id=\"8ee14fe5-2e42-4d3b-9612-13db20e24f92\"data-listing-type=\"blocks\"data-is-block=\"jet-engine\/listing-grid\"><div class=\"jet-listing-notice\">Please select listing to show.<\/div><\/div>\n<h2 class=\"wp-block-heading\" id=\"faq\">FAQ<\/h2>\n<div id=\"rank-math-faq\" class=\"rank-math-block\">\n<div class=\"rank-math-list \">\n<div id=\"faq-question-1682598236692\" class=\"rank-math-list-item\">\n<h3 class=\"rank-math-question \">Was ist Mammaplastik &#8211; \u00c4sthetische Brustchirurgie?<\/h3>\n<div class=\"rank-math-answer \">\n\n<p>Die plastische Brustchirurgie ist eine Operation, die darauf abzielt, die Form, die Lage und das Volumen der Brustdr\u00fcsen zu korrigieren. Chirurgische Eingriffe werden sowohl aus medizinischen Gr\u00fcnden als auch auf Wunsch des Patienten aus \u00e4sthetischen Gr\u00fcnden durchgef\u00fchrt. Je nach den Vorlieben der Frau erm\u00f6glicht die Mammaplastik eine Vergr\u00f6\u00dferung oder Verkleinerung der Brust, die Beseitigung von Asymmetrien, altersbedingten Ptosen, Traumafolgen oder chirurgischen Eingriffen.<\/p>\n\n<\/div>\n<\/div>\n<div id=\"faq-question-1682599778411\" class=\"rank-math-list-item\">\n<h3 class=\"rank-math-question \">Warum ist die \u00e4sthetische Brustchirurgie in der T\u00fcrkei billiger?<\/h3>\n<div class=\"rank-math-answer \">\n\n<p>In der T\u00fcrkei sind die Geh\u00e4lter und Lebenshaltungskosten niedriger als in Europa, au\u00dferdem unterst\u00fctzt die Regierung den Gesundheitssektor. Daher kann eine Brustoperation in der T\u00fcrkei ohne Abstriche bei der Qualit\u00e4t und dem Standard durchgef\u00fchrt werden, bei niedrigeren Kosten zu viel g\u00fcnstigeren Preisen.<\/p>\n\n<\/div>\n<\/div>\n<div id=\"faq-question-1682599810915\" class=\"rank-math-list-item\">\n<h3 class=\"rank-math-question \">Ist es sicher, sich in der T\u00fcrkei einer \u00e4sthetischen Brustoperation zu unterziehen?<\/h3>\n<div class=\"rank-math-answer \">\n\n<p>Mit \u00fcber 2 Millionen Medizintouristen pro Jahr geh\u00f6rt die T\u00fcrkei zu den drei weltweit f\u00fchrenden L\u00e4ndern im Gesundheitstourismus. Erfahrene \u00c4rzte k\u00fcmmern sich gemeinsam mit einem professionellen Team fachkundig und kompetent um die Patienten. Mit rund 86 Millionen Einwohnern steht die T\u00fcrkei an 17. Stelle der Weltbev\u00f6lkerung. Die \u00c4rzte verf\u00fcgen im Vergleich zu anderen L\u00e4ndern \u00fcber viel praktische Erfahrung, was sie zu kompetenten Fachleuten macht. Eine Brustoperation in der T\u00fcrkei ist sicher.<\/p>\n\n<\/div>\n<\/div>\n<div id=\"faq-question-1682599837003\" class=\"rank-math-list-item\">\n<h3 class=\"rank-math-question \">Was sind die Vorteile der \u00e4sthetischen Brustchirurgie in der T\u00fcrkei?<\/h3>\n<div class=\"rank-math-answer \">\n\n<p>Sie sparen Geld und Kosten, profitieren von internationaler Qualit\u00e4t und vermeiden lange Wartezeiten. In der T\u00fcrkei bekommen Sie den Termin f\u00fcr Ihre Brustoperation kurzfristig, in Deutschland m\u00fcssen Sie Wochen warten. Die kurze Flugzeit von Europa aus ist ein weiterer Vorteil.<\/p>\n\n<\/div>\n<\/div>\n<div id=\"faq-question-1682599872711\" class=\"rank-math-list-item\">\n<h3 class=\"rank-math-question \">Ist eine \u00e4sthetische Brustoperation schmerzhaft?<\/h3>\n<div class=\"rank-math-answer \">\n\n<p>Da der Eingriff unter Vollnarkose durchgef\u00fchrt wird, hat der Patient w\u00e4hrend des Eingriffs keine Schmerzen. In den ersten Tagen nach der Operation kann es zu leichten Schmerzen kommen, die sich aber mit herk\u00f6mmlichen Schmerzmitteln gut behandeln lassen.<\/p>\n\n<\/div>\n<\/div>\n<div id=\"faq-question-1682599930139\" class=\"rank-math-list-item\">\n<h3 class=\"rank-math-question \">Wann werden die F\u00e4den nach einer Brustoperation entfernt?<\/h3>\n<div class=\"rank-math-answer \">\n\n<p>Da in der Regel selbstaufl\u00f6sende F\u00e4den verwendet werden, m\u00fcssen diese nach der Operation nicht entfernt werden.<\/p>\n\n<\/div>\n<\/div>\n<div id=\"faq-question-1682599987623\" class=\"rank-math-list-item\">\n<h3 class=\"rank-math-question \">Welches ist das beste Alter f\u00fcr eine Brustoperation?<\/h3>\n<div class=\"rank-math-answer \">\n\n<p>Obwohl eine Brustoperation bei jeder Patientin \u00fcber 18 Jahren durchgef\u00fchrt werden kann, sind sich die \u00c4rzte einig, dass eine Operation nicht vor dem Alter von 20 Jahren ratsam ist, wenn die k\u00f6rperliche Entwicklung abgeschlossen ist.<\/p>\n\n<\/div>\n<\/div>\n<div id=\"faq-question-1682600021150\" class=\"rank-math-list-item\">\n<h3 class=\"rank-math-question \">Was sind die Indikationen f\u00fcr eine Brustoperation?<\/h3>\n<div class=\"rank-math-answer \">\n\n<p>Subjektiv-\u00e4sthetische Unzufriedenheit. Zu geringe Gr\u00f6\u00dfe, Asymmetrie, Unverh\u00e4ltnism\u00e4\u00dfigkeit im Vergleich zum Rest der Figur. Ptosis (Vorfall) des Dr\u00fcsengewebes aufgrund einer verminderten Produktion von Kollagen und Elastin. Der Verlust der fr\u00fcheren Elastizit\u00e4t des Busens durch altersbedingte Ver\u00e4nderungen oder nach einer Schwangerschaft wird mit Hilfe einer chirurgischen Straffung und Implantation wieder aufgef\u00fcllt. Wiederaufbau nach teilweiser oder vollst\u00e4ndiger Entfernung der Brustdr\u00fcsen aufgrund eines Tumors. Die Gr\u00f6\u00dfe ist zu gro\u00df. Viele Frauen empfinden k\u00f6rperliche Beschwerden durch die \u00fcberm\u00e4\u00dfige Bildung von Dr\u00fcsen- und Fettgewebe. Auch die m\u00e4nnliche Gyn\u00e4komastie ist eine Indikation.<\/p>\n\n<\/div>\n<\/div>\n<div id=\"faq-question-1682600050418\" class=\"rank-math-list-item\">\n<h3 class=\"rank-math-question \">Was sind Kontraindikationen f\u00fcr eine Brustoperation?<\/h3>\n<div class=\"rank-math-answer \">\n\n<p>Akute Infektionen oder verschlimmerte chronische Krankheiten, Onkologie, kardiovaskul\u00e4re und h\u00e4matologische Krankheiten, Diabetes im Stadium der Dekompensation, weniger als sechs Monate nach Ende der Stillzeit, psychische St\u00f6rungen. Dar\u00fcber hinaus ist jede Brustplastik f\u00fcr Personen unter 18 Jahren kontraindiziert.<\/p>\n\n<\/div>\n<\/div>\n<div id=\"faq-question-1682600076408\" class=\"rank-math-list-item\">\n<h3 class=\"rank-math-question \">Kann ich nach einer Brustoperation noch stillen?<\/h3>\n<div class=\"rank-math-answer \">\n\n<p>Entgegen der landl\u00e4ufigen Meinung bleibt die F\u00e4higkeit zur Laktation nach einer <a href=\"\/\/istanbul-tourist-information.com\/en\/medical-treatment\/u0022\">Brustplastik<\/a> erhalten. Die einzige Ausnahme ist die Mammareduktionsplastik (Brustverkleinerung), bei der die Resektion von \u00fcbersch\u00fcssigem Dr\u00fcsengewebe unvermeidlich ist.<\/p>\n\n<\/div>\n<\/div>\n<\/div>\n<\/div>\n<h2 class=\"wp-block-heading\" id=\"history\">Geschichte<\/h2>\n\n<h3 class=\"wp-block-heading\" id=\"the-first-mentions-of-breast-surgeries-date-back-to-ancient-times\">Brustoperationen sind seit Jahrhunderten dokumentiert, allerdings meist bei M\u00e4nnern.<\/h3>\n\n<p>Die ersten Versuche zur Brustvergr\u00f6\u00dferung wurden im 19. Jahrhundert unternommen, allerdings mit ungl\u00fccklichen Ergebnissen aufgrund der Verwendung von Paraffininjektionen. Erst 1962 wurden Silikonimplantate entwickelt, getestet und in Massenproduktion hergestellt, was einen wichtigen Meilenstein in der Brustvergr\u00f6\u00dferung darstellte. Im Laufe der Zeit wurden verschiedene Materialien als Brustimplantate verwendet, von Metall \u00fcber Kunststoff bis hin zu Elfenbein. Die Regeln f\u00fcr die Mammareduktionsplastik wurden Anfang des 20.<\/p>\n\n<h2 class=\"wp-block-heading\" id=\"cities-and-countries-for-breast-surgery\">St\u00e4dte und L\u00e4nder f\u00fcr die Brustchirurgie<\/h2>\n\n<p><em>demn\u00e4chst &#8230;.  <\/em><\/p>\n","protected":false},"excerpt":{"rendered":"<p>Brustchirurgie oder Mammaplastik dient dazu, die Form und Gr\u00f6\u00dfe der Br\u00fcste zu ver\u00e4ndern. Sie erm\u00f6glicht es Ihnen, Ihr Selbstvertrauen wiederzuerlangen [&hellip;]<\/p>\n","protected":false},"author":4,"featured_media":96522,"parent":0,"menu_order":0,"comment_status":"closed","ping_status":"closed","template":"","meta":{"site-sidebar-layout":"default","site-content-layout":"","ast-site-content-layout":"default","site-content-style":"default","site-sidebar-style":"default","ast-global-header-display":"","ast-banner-title-visibility":"","ast-main-header-display":"","ast-hfb-above-header-display":"","ast-hfb-below-header-display":"","ast-hfb-mobile-header-display":"","site-post-title":"","ast-breadcrumbs-content":"","ast-featured-img":"","footer-sml-layout":"","ast-disable-related-posts":"","theme-transparent-header-meta":"","adv-header-id-meta":"","stick-header-meta":"","header-above-stick-meta":"","header-main-stick-meta":"","header-below-stick-meta":"","astra-migrate-meta-layouts":"default","ast-page-background-enabled":"default","ast-page-background-meta":{"desktop":{"background-color":"var(--ast-global-color-4)","background-image":"","background-repeat":"repeat","background-position":"center center","background-size":"auto","background-attachment":"scroll","background-type":"","background-media":"","overlay-type":"","overlay-color":"","overlay-opacity":"","overlay-gradient":""},"tablet":{"background-color":"","background-image":"","background-repeat":"repeat","background-position":"center center","background-size":"auto","background-attachment":"scroll","background-type":"","background-media":"","overlay-type":"","overlay-color":"","overlay-opacity":"","overlay-gradient":""},"mobile":{"background-color":"","background-image":"","background-repeat":"repeat","background-position":"center center","background-size":"auto","background-attachment":"scroll","background-type":"","background-media":"","overlay-type":"","overlay-color":"","overlay-opacity":"","overlay-gradient":""}},"ast-content-background-meta":{"desktop":{"background-color":"var(--ast-global-color-5)","background-image":"","background-repeat":"repeat","background-position":"center center","background-size":"auto","background-attachment":"scroll","background-type":"","background-media":"","overlay-type":"","overlay-color":"","overlay-opacity":"","overlay-gradient":""},"tablet":{"background-color":"var(--ast-global-color-5)","background-image":"","background-repeat":"repeat","background-position":"center center","background-size":"auto","background-attachment":"scroll","background-type":"","background-media":"","overlay-type":"","overlay-color":"","overlay-opacity":"","overlay-gradient":""},"mobile":{"background-color":"var(--ast-global-color-5)","background-image":"","background-repeat":"repeat","background-position":"center center","background-size":"auto","background-attachment":"scroll","background-type":"","background-media":"","overlay-type":"","overlay-color":"","overlay-opacity":"","overlay-gradient":""}},"footnotes":""},"class_list":["post-144835","page","type-page","status-publish","has-post-thumbnail","hentry"],"_links":{"self":[{"href":"https:\/\/medclinics.com\/de\/wp-json\/wp\/v2\/pages\/144835","targetHints":{"allow":["GET"]}}],"collection":[{"href":"https:\/\/medclinics.com\/de\/wp-json\/wp\/v2\/pages"}],"about":[{"href":"https:\/\/medclinics.com\/de\/wp-json\/wp\/v2\/types\/page"}],"author":[{"embeddable":true,"href":"https:\/\/medclinics.com\/de\/wp-json\/wp\/v2\/users\/4"}],"replies":[{"embeddable":true,"href":"https:\/\/medclinics.com\/de\/wp-json\/wp\/v2\/comments?post=144835"}],"version-history":[{"count":0,"href":"https:\/\/medclinics.com\/de\/wp-json\/wp\/v2\/pages\/144835\/revisions"}],"wp:featuredmedia":[{"embeddable":true,"href":"https:\/\/medclinics.com\/de\/wp-json\/wp\/v2\/media\/96522"}],"wp:attachment":[{"href":"https:\/\/medclinics.com\/de\/wp-json\/wp\/v2\/media?parent=144835"}],"curies":[{"name":"wp","href":"https:\/\/api.w.org\/{rel}","templated":true}]}}