{"id":144827,"date":"2023-05-23T13:56:39","date_gmt":"2023-05-23T10:56:39","guid":{"rendered":"https:\/\/medclinics.com\/brustvergroserung-mit-implantaten\/"},"modified":"2024-12-30T19:30:29","modified_gmt":"2024-12-30T16:30:29","slug":"brustvergroserung-mit-implantaten","status":"publish","type":"page","link":"https:\/\/medclinics.com\/de\/brustvergroserung-mit-implantaten\/","title":{"rendered":"Brustvergr\u00f6\u00dferung mit Implantaten"},"content":{"rendered":"\n<h2 class=\"wp-block-heading\">Der Arzt wird die geeignete Gr\u00f6\u00dfe und Form f\u00fcr Ihre Brustvergr\u00f6\u00dferung mit Implantaten ausw\u00e4hlen.<\/h2>\n\n<p>Bei der <a href=\"http:\/\/breastaugmentation.gen.tr\" data-type=\"link\" data-id=\"breastaugmentation.gen.tr\" rel=\"nofollow noopener\" target=\"_blank\">Brustvergr\u00f6\u00dferung<\/a> (Boob Job) wird die Gr\u00f6\u00dfe, Form oder F\u00fclle der Brust erh\u00f6ht.<\/p>\n\n<p>Bei der Brustvergr\u00f6\u00dferung k\u00f6nnen Sie verschiedene Implantattypen verwenden. Sie h\u00e4ngt von der Gr\u00f6\u00dfe des Schnittes, dem nat\u00fcrlich aussehenden Ergebnis und der enthaltenen Substanz ab. Dabei kann es sich um Silikongelimplantate, Gummib\u00e4rchenimplantate, Kochsalzimplantate und strukturierte Implantate handeln.  <\/p>\n\n<p>Au\u00dferdem gibt es drei M\u00f6glichkeiten, Implantate zu setzen. Bei der Brustvergr\u00f6\u00dferung wird unter den Muskeln, \u00fcber den Muskeln oder in zwei Ebenen gearbeitet. Die Platzierung unter dem Muskel kann nat\u00fcrlichere Ergebnisse und ein geringeres Risiko f\u00fcr ein implantat\u00e4hnliches Aussehen bieten. Bei \u00fcberm\u00e4\u00dfigem Muskelersatz erfolgt eine schnellere Heilung, die jedoch st\u00e4rker sichtbar sein kann. Schlie\u00dflich bietet die Technik der doppelten Ebene Vorteile f\u00fcr beide Seiten.<\/p>\n\n<p>Die beste Option f\u00fcr Ihre Brustvergr\u00f6\u00dferung ist eine gr\u00fcndliche Diagnose und Analyse der physiologischen Aspekte des K\u00f6rpers. Genauere Informationen \u00fcber Risiken oder andere Faktoren sollten Sie mit Ihrem Arzt besprechen und dann entscheiden.  <\/p>\n\n<h3 class=\"wp-block-heading\">Alles, was Sie \u00fcber <a href=\"https:\/\/medclinics.com\/breast-aesthetic-surgery\/\" target=\"_blank\" rel=\"noreferrer noopener\">\u00e4sthetische Brustoperationen<\/a> wissen m\u00fcssen, einschlie\u00dflich Preis, Nachsorge und Heilungsprozess, oder <a href=\"#requestform\">kontaktieren Sie uns<\/a>!<\/h3>\n\n<figure class=\"wp-block-image size-large\"><img fetchpriority=\"high\" decoding=\"async\" width=\"1440\" height=\"470\" src=\"https:\/\/medclinics.com\/wp-content\/uploads\/2023\/03\/breast-augmentation-in-istanbul-7.jpg\" alt=\"Brustvergr&#xF6;&#xDF;erung in Istanbul in der T&#xFC;rkei\" class=\"wp-image-52953\" srcset=\"https:\/\/medclinics.com\/wp-content\/uploads\/2023\/03\/breast-augmentation-in-istanbul-7.jpg 1440w, https:\/\/medclinics.com\/wp-content\/uploads\/2023\/03\/breast-augmentation-in-istanbul-7-500x163.jpg 500w, https:\/\/medclinics.com\/wp-content\/uploads\/2023\/03\/breast-augmentation-in-istanbul-7-1024x334.jpg 1024w, https:\/\/medclinics.com\/wp-content\/uploads\/2023\/03\/breast-augmentation-in-istanbul-7-768x251.jpg 768w\" sizes=\"(max-width: 1440px) 100vw, 1440px\" \/><\/figure>\n\n<h2 class=\"wp-block-heading\">Brustvergr\u00f6\u00dferung mit Implantaten<\/h2>\n\n<figure class=\"wp-block-embed is-type-video is-provider-youtube wp-block-embed-youtube wp-embed-aspect-16-9 wp-has-aspect-ratio\"><div class=\"wp-block-embed__wrapper\">\n<iframe title=\"How breast enlargement surgery is carried out\" width=\"500\" height=\"281\" src=\"https:\/\/www.youtube.com\/embed\/z666AqMG2Ao?feature=oembed\" frameborder=\"0\" allow=\"accelerometer; autoplay; clipboard-write; encrypted-media; gyroscope; picture-in-picture; web-share\" referrerpolicy=\"strict-origin-when-cross-origin\" allowfullscreen><\/iframe>\n<\/div><figcaption class=\"wp-element-caption\">Brustvergr\u00f6\u00dferung mit Implantaten | Brustvergr\u00f6\u00dferung Operation<\/figcaption><\/figure>\n\n<h3 class=\"wp-block-heading\">FAQ<\/h3>\n<div id=\"rank-math-faq\" class=\"rank-math-block\">\n<div class=\"rank-math-list \">\n<div id=\"faq-question-1682600986649\" class=\"rank-math-list-item\">\n<h3 class=\"rank-math-question \">Um wie viel kann meine Brust mit Implantaten vergr\u00f6\u00dfert werden?<\/h3>\n<div class=\"rank-math-answer \">\n\n<p>Die Gr\u00f6\u00dfe des Implantats wird von Ihrem behandelnden Arzt zusammen mit Ihnen festgelegt. Es gibt Implantate mit einem Volumen von 80 bis 750 ml. Als Faustregel gilt, dass etwa 200 ml einer BH-Gr\u00f6\u00dfe entsprechen. Brustvergr\u00f6\u00dferungen mit einem Volumen von 250 bis 350 ml haben den nat\u00fcrlichsten Effekt.<\/p>\n\n<\/div>\n<\/div>\n<div id=\"faq-question-1682601014853\" class=\"rank-math-list-item\">\n<h3 class=\"rank-math-question \">Womit sind die Implantate gef\u00fcllt?<\/h3>\n<div class=\"rank-math-answer \">\n\n<p>In der Regel werden Brustimplantate mit Silikongel verwendet. Die Implantate der neuen Generation sind mit einem koh\u00e4siven Silikongel gef\u00fcllt. Dieses ist z\u00e4hfl\u00fcssiger als das bisherige Silikongel, was den Vorteil hat, dass die Implantate formstabil sind und auch bei kleinen Rissen kein Silikon ausl\u00e4uft. Dar\u00fcber hinaus gibt es Implantate mit Kochsalzl\u00f6sung, die erst nach der Verankerung in der Brust mit Kochsalzl\u00f6sung gef\u00fcllt werden. Daher kann die Operation mit relativ kleinen Schnitten durchgef\u00fchrt werden. Diese Implantate f\u00fchlen sich jedoch beim Tragen unnat\u00fcrlich an und verlieren mit der Zeit an Gr\u00f6\u00dfe, wodurch sich auch die Form der Brust ver\u00e4ndert.<\/p>\n\n<\/div>\n<\/div>\n<div id=\"faq-question-1682601039488\" class=\"rank-math-list-item\">\n<h3 class=\"rank-math-question \">Welche chirurgischen Techniken gibt es f\u00fcr die Augmentation mit Implantaten?<\/h3>\n<div class=\"rank-math-answer \">\n\n<p>Man unterscheidet zwischen der inframamm\u00e4ren Technik, bei der der Schnitt in der Brustfalte gesetzt wird und das Implantat bequem unter dem Brustmuskel platziert werden kann. Die axill\u00e4re Technik hat jedoch den Vorteil, dass die Brust v\u00f6llig narbenfrei bleibt, da der Schnitt in der Achselh\u00f6hle gesetzt wird. Bei dieser sehr anspruchsvollen Technik wird das Implantat \u00fcber dem Brustmuskel platziert.<\/p>\n\n<\/div>\n<\/div>\n<div id=\"faq-question-1682601070178\" class=\"rank-math-list-item\">\n<h3 class=\"rank-math-question \">Was sind anatomische Implantate?<\/h3>\n<div class=\"rank-math-answer \">\n\n<p>Implantate haben unterschiedliche Formen. Es wird zwischen runden und tropfenf\u00f6rmigen Implantaten unterschieden. Die tropfenf\u00f6rmigen sehen nat\u00fcrlicher aus, da sie der Form des Busens am \u00e4hnlichsten sind. Daher werden diese Implantate auch als anatomische Implantate bezeichnet. Runde Implantate hingegen werden vor allem dann eingesetzt, wenn das Dekollet\u00e9 betont werden soll.<\/p>\n\n<\/div>\n<\/div>\n<div id=\"faq-question-1682601091231\" class=\"rank-math-list-item\">\n<h3 class=\"rank-math-question \">Was sind glatte Implantate?<\/h3>\n<div class=\"rank-math-answer \">\n\n<p>Die Implantate unterscheiden sich durch ihre Oberfl\u00e4chenstruktur. Wenn sich Implantate mit einer glatten Oberfl\u00e4che auch nat\u00fcrlicher anf\u00fchlen, ist die Wahrscheinlichkeit einer Kapselfibrose bei diesem Typ gr\u00f6\u00dfer. Deshalb werden heute Implantate mit einer aufgerauten Oberfl\u00e4che bevorzugt.<\/p>\n\n<\/div>\n<\/div>\n<div id=\"faq-question-1682601112343\" class=\"rank-math-list-item\">\n<h3 class=\"rank-math-question \">Was ist eine Kapselfibrose?<\/h3>\n<div class=\"rank-math-answer \">\n\n<p>Die Kapselfibrose ist eine ebenso seltene wie gef\u00fcrchtete Komplikation bei Brustvergr\u00f6\u00dferungen. Der K\u00f6rper bildet eine d\u00fcnne Schicht von Narbengewebe um das Implantat herum. Dies ist eine normale Immunreaktion, da das Implantat als Fremdk\u00f6rper erkannt wird und der Organismus versucht, es abzusto\u00dfen. In seltenen F\u00e4llen \u00fcberreagiert das Immunsystem und die Narbenschicht wird zu dick. Dies wird als Kapselfibrose bezeichnet. In einem solchen Fall wird Ihr behandelnder Arzt die weitere Behandlung mit Ihnen besprechen<\/p>\n\n<\/div>\n<\/div>\n<div id=\"faq-question-1682601130982\" class=\"rank-math-list-item\">\n<h3 class=\"rank-math-question \">Wie lange halten Brustimplantate?<\/h3>\n<div class=\"rank-math-answer \">\n\n<p>Die Hersteller gew\u00e4hren eine Garantie von 10 Jahren. Im Durchschnitt halten die Brustimplantate der neuen Generation jedoch oft bis zu 20 Jahre. Ihr behandelnder Arzt wird entscheiden, ob und wann ein Brustimplantat ersetzt werden muss. Im Prinzip k\u00f6nnen Implantate im K\u00f6rper verbleiben, solange sie nicht besch\u00e4digt werden und Sie keine Beschwerden haben.<\/p>\n\n<\/div>\n<\/div>\n<div id=\"faq-question-1682601167548\" class=\"rank-math-list-item\">\n<h3 class=\"rank-math-question \">Kann ein Implantat die Qualit\u00e4t der Milch ver\u00e4ndern?<\/h3>\n<div class=\"rank-math-answer \">\n\n<p>Moderne Prothesen haben einen sicheren F\u00fcllstoff, aber auch dieser kann dank der Barriereschale in 1-3 Schichten nicht auslaufen.<\/p>\n\n<\/div>\n<\/div>\n<\/div>\n<\/div>\n<p>\u00a0<\/p>\n\n<h3 class=\"wp-block-heading\">Kontaktieren Sie uns jetzt, falls Sie Fragen haben!<\/h3>\n","protected":false},"excerpt":{"rendered":"<p>Der Arzt wird die geeignete Gr\u00f6\u00dfe und Form f\u00fcr Ihre Brustvergr\u00f6\u00dferung mit Implantaten ausw\u00e4hlen. Bei der Brustvergr\u00f6\u00dferung (Boob Job) wird [&hellip;]<\/p>\n","protected":false},"author":4,"featured_media":52953,"parent":0,"menu_order":0,"comment_status":"closed","ping_status":"closed","template":"","meta":{"site-sidebar-layout":"default","site-content-layout":"","ast-site-content-layout":"default","site-content-style":"default","site-sidebar-style":"default","ast-global-header-display":"","ast-banner-title-visibility":"","ast-main-header-display":"","ast-hfb-above-header-display":"","ast-hfb-below-header-display":"","ast-hfb-mobile-header-display":"","site-post-title":"","ast-breadcrumbs-content":"","ast-featured-img":"","footer-sml-layout":"","ast-disable-related-posts":"","theme-transparent-header-meta":"","adv-header-id-meta":"","stick-header-meta":"","header-above-stick-meta":"","header-main-stick-meta":"","header-below-stick-meta":"","astra-migrate-meta-layouts":"default","ast-page-background-enabled":"default","ast-page-background-meta":{"desktop":{"background-color":"var(--ast-global-color-4)","background-image":"","background-repeat":"repeat","background-position":"center center","background-size":"auto","background-attachment":"scroll","background-type":"","background-media":"","overlay-type":"","overlay-color":"","overlay-opacity":"","overlay-gradient":""},"tablet":{"background-color":"","background-image":"","background-repeat":"repeat","background-position":"center center","background-size":"auto","background-attachment":"scroll","background-type":"","background-media":"","overlay-type":"","overlay-color":"","overlay-opacity":"","overlay-gradient":""},"mobile":{"background-color":"","background-image":"","background-repeat":"repeat","background-position":"center center","background-size":"auto","background-attachment":"scroll","background-type":"","background-media":"","overlay-type":"","overlay-color":"","overlay-opacity":"","overlay-gradient":""}},"ast-content-background-meta":{"desktop":{"background-color":"var(--ast-global-color-5)","background-image":"","background-repeat":"repeat","background-position":"center center","background-size":"auto","background-attachment":"scroll","background-type":"","background-media":"","overlay-type":"","overlay-color":"","overlay-opacity":"","overlay-gradient":""},"tablet":{"background-color":"var(--ast-global-color-5)","background-image":"","background-repeat":"repeat","background-position":"center center","background-size":"auto","background-attachment":"scroll","background-type":"","background-media":"","overlay-type":"","overlay-color":"","overlay-opacity":"","overlay-gradient":""},"mobile":{"background-color":"var(--ast-global-color-5)","background-image":"","background-repeat":"repeat","background-position":"center center","background-size":"auto","background-attachment":"scroll","background-type":"","background-media":"","overlay-type":"","overlay-color":"","overlay-opacity":"","overlay-gradient":""}},"footnotes":""},"class_list":["post-144827","page","type-page","status-publish","has-post-thumbnail","hentry"],"_links":{"self":[{"href":"https:\/\/medclinics.com\/de\/wp-json\/wp\/v2\/pages\/144827","targetHints":{"allow":["GET"]}}],"collection":[{"href":"https:\/\/medclinics.com\/de\/wp-json\/wp\/v2\/pages"}],"about":[{"href":"https:\/\/medclinics.com\/de\/wp-json\/wp\/v2\/types\/page"}],"author":[{"embeddable":true,"href":"https:\/\/medclinics.com\/de\/wp-json\/wp\/v2\/users\/4"}],"replies":[{"embeddable":true,"href":"https:\/\/medclinics.com\/de\/wp-json\/wp\/v2\/comments?post=144827"}],"version-history":[{"count":0,"href":"https:\/\/medclinics.com\/de\/wp-json\/wp\/v2\/pages\/144827\/revisions"}],"wp:featuredmedia":[{"embeddable":true,"href":"https:\/\/medclinics.com\/de\/wp-json\/wp\/v2\/media\/52953"}],"wp:attachment":[{"href":"https:\/\/medclinics.com\/de\/wp-json\/wp\/v2\/media?parent=144827"}],"curies":[{"name":"wp","href":"https:\/\/api.w.org\/{rel}","templated":true}]}}