{"id":144643,"date":"2023-04-25T17:44:00","date_gmt":"2023-04-25T14:44:00","guid":{"rendered":"https:\/\/medclinics.com\/orthopadische-behandlungen\/"},"modified":"2025-01-02T19:07:58","modified_gmt":"2025-01-02T16:07:58","slug":"orthopadische-behandlungen","status":"publish","type":"page","link":"https:\/\/medclinics.com\/de\/orthopadische-behandlungen\/","title":{"rendered":"Orthop\u00e4dische Behandlungen"},"content":{"rendered":"\n<h2 class=\"wp-block-heading\">Die orthop\u00e4dischen Behandlungen werden immer fortschrittlicher und k\u00f6nnen oft die Immobilit\u00e4t \u00fcberwinden.<\/h2>\n\n<div class=\"wp-block-columns is-layout-flex wp-container-core-columns-is-layout-28f84493 wp-block-columns-is-layout-flex\">\n<div class=\"wp-block-column is-layout-flow wp-block-column-is-layout-flow\">\n<figure class=\"wp-block-image size-full\"><img fetchpriority=\"high\" decoding=\"async\" width=\"960\" height=\"540\" src=\"https:\/\/medclinics.com\/wp-content\/uploads\/2023\/07\/orthopedics-in-turkey.jpg\" alt=\"Orthop&#xE4;dische Behandlungen in der T&#xFC;rkei\" class=\"wp-image-96633\" srcset=\"https:\/\/medclinics.com\/wp-content\/uploads\/2023\/07\/orthopedics-in-turkey.jpg 960w, https:\/\/medclinics.com\/wp-content\/uploads\/2023\/07\/orthopedics-in-turkey-500x281.jpg 500w, https:\/\/medclinics.com\/wp-content\/uploads\/2023\/07\/orthopedics-in-turkey-768x432.jpg 768w, https:\/\/medclinics.com\/wp-content\/uploads\/2023\/07\/orthopedics-in-turkey-24x14.jpg 24w, https:\/\/medclinics.com\/wp-content\/uploads\/2023\/07\/orthopedics-in-turkey-36x20.jpg 36w, https:\/\/medclinics.com\/wp-content\/uploads\/2023\/07\/orthopedics-in-turkey-48x27.jpg 48w\" sizes=\"(max-width: 960px) 100vw, 960px\" \/><\/figure>\n<\/div>\n\n\n\n<div class=\"wp-block-column is-layout-flow wp-block-column-is-layout-flow\">\n<p><\/p>\n\n\n\n<p class=\"has-text-align-left\">Gelenkschmerzen, Unbeweglichkeit oder die Entt\u00e4uschung, den t\u00e4glichen Aktivit\u00e4ten nicht mehr nachgehen zu k\u00f6nnen &#8211; wenn Ihnen das bekannt vorkommt, sind Sie nicht allein. Ganz gleich, ob Sie mit einem nicht richtig funktionierenden Knie, H\u00fcftschmerzen oder R\u00fcckenproblemen zu k\u00e4mpfen haben, die richtige orthop\u00e4dische Behandlung kann einen gro\u00dfen Unterschied ausmachen. Immer mehr Menschen suchen jetzt in der <strong>T\u00fcrkei<\/strong> nach L\u00f6sungen. Mit professionellen \u00c4rzten, Top-Zentren und niedrigen Kosten ist die T\u00fcrkei jetzt ein Top-Ziel f\u00fcr orthop\u00e4dische Behandlungen und <strong>medizinischen Tourismus<\/strong>.   <\/p>\n<\/div>\n<\/div>\n\n<h3 class=\"wp-block-heading\">Ein vollst\u00e4ndiger Leitfaden f\u00fcr orthop\u00e4dische Behandlungen<\/h3>\n\n<p><\/p>\n\n<p>Schmerzende Gelenke und eingeschr\u00e4nkte Mobilit\u00e4t sollten Ihr Leben nicht einschr\u00e4nken. Vielleicht brauchen Sie eine <strong>Knieoperation<\/strong>, eine <strong><a href=\"https:\/\/pubmed.ncbi.nlm.nih.gov\/?term=hip+replacement\" target=\"_blank\" rel=\"noreferrer noopener\">H\u00fcftprothese<\/a><\/strong> oder sogar eine nicht-chirurgische Behandlung wie eine <strong>Stammzelltherapie.<\/strong> Die T\u00fcrkei bietet viele Alternativen. Sie m\u00fcssen nicht jahrelang auf eine L\u00f6sung warten oder hohe Zahlungen leisten.  <\/p>\n\n<p>Bei <strong>MedClinics<\/strong> bringen wir Menschen mit den besten Orthop\u00e4den in der T\u00fcrkei zusammen. Unsere \u00c4rzte sind sehr erfahren. Sie bieten sowohl traditionelle Operationen als auch modernere Therapien wie die <strong><a href=\"https:\/\/medclinics.com\/de\/stammzellen\/\" target=\"_blank\" rel=\"noreferrer noopener\">Stammzellentherapie<\/a><\/strong>an. Es handelt sich dabei um eine erg\u00e4nzende Therapie, die Ihnen bei vielen Dingen helfen kann, zum Beispiel bei der Erholung nach einer Operation.  <\/p>\n\n<h3 class=\"wp-block-heading\">H\u00e4ufige orthop\u00e4dische Behandlungen in der T\u00fcrkei<\/h3>\n\n<p><br\/>Die T\u00fcrkei ist bekannt f\u00fcr ihre hervorragenden klinischen Zentren und erfolgreichen orthop\u00e4dischen Eingriffe. Hier sind einige der bekanntesten Behandlungen, f\u00fcr die Menschen in die T\u00fcrkei reisen: <\/p>\n\n<p><strong><a href=\"https:\/\/medclinics.com\/de\/ersatz-des-kniegelenks\/\" target=\"_blank\" rel=\"noreferrer noopener\">Kniegelenkersatzoperation:<\/a><\/strong> Knieschmerzen k\u00f6nnen sehr einschr\u00e4nkend sein. Ob sie nun durch Arthrose oder eine Verletzung verursacht werden. Wenn Sie nicht mehr in der Lage sind, einfache Sportarten wie Gehen auszu\u00fcben, kann ein Knieersatz die L\u00f6sung sein. Das gebrochene Gelenk wird durch eine Prothese ersetzt. Dies erm\u00f6glicht eine bessere Beweglichkeit und weniger Schmerzen. Manche Menschen erg\u00e4nzen ihre Behandlung vor oder nach der Operation zus\u00e4tzlich mit einer Stammzellentherapie, die ihnen hilft.     <\/p>\n\n<p><strong><a href=\"https:\/\/medclinics.com\/de\/ersatz-des-huftgelenks\/\" target=\"_blank\" rel=\"noreferrer noopener\">H\u00fcfttotalendoprothese<\/a>:<\/strong>Chronische H\u00fcftschmerzen k\u00f6nnen Sie stark einschr\u00e4nken. Vor allem, wenn sie durch Arthrose verursacht werden. Bei der Operation wird das besch\u00e4digte Gelenk durch ein k\u00fcnstliches ersetzt. Das hilft, die Funktion wiederherzustellen und die Schmerzen zu lindern. Auch die Stammzellentherapie ist eine zus\u00e4tzliche Option, um die Genesung zu beschleunigen.    <\/p>\n\n<p><strong><a href=\"https:\/\/medclinics.com\/de\/ersatz-des-schultergelenks\/\" target=\"_blank\" rel=\"noreferrer noopener\">Schulterchirurgie<\/a><\/strong>: Verletzungen an der Schulter verursachen meist gro\u00dfe Schmerzen und schr\u00e4nken die Bewegung ein. Ob es sich um eine Schulteroperation handelt oder um die Reparatur einer gerissenen Sehne, eine chirurgische Behandlung kann Abhilfe schaffen. <\/p>\n\n<p><strong><a href=\"https:\/\/medclinics.com\/de\/wirbelsaulenchirurgie\/\" target=\"_blank\" rel=\"noreferrer noopener\">Skoliose-Chirurgie: <\/a><\/strong>Wenn Sie eine Skoliose oder eine andere Wirbels\u00e4ulenerkrankung haben, ist vielleicht eine chirurgische Behandlung notwendig. Eine Operation kann helfen, die Wirbels\u00e4ule zu begradigen und Schmerzen zu lindern.  <\/p>\n\n<p><strong>Gliedma\u00dfenverl\u00e4ngerung<\/strong>: Aus wissenschaftlichen oder kosmetischen Gr\u00fcnden k\u00f6nnen Gliedma\u00dfenverl\u00e4ngerungsoperationen helfen. <\/p>\n\n<p><strong><a href=\"https:\/\/medclinics.com\/de\/stammzellen\/\" target=\"_blank\" rel=\"noreferrer noopener\">Stammzelltherapie<\/a> zur Gelenkregeneration:<\/strong>Dieses Thema ist eines der beliebtesten in der orthop\u00e4dischen Behandlung. Es ist m\u00f6glich, Knorpel und Gewebe in besch\u00e4digten Gelenken zu regenerieren. Es gibt keine Garantie und jeder Mensch ist anders. Aber die Option zu haben, die unterst\u00fctzen kann, ist eine gute Sache.   <\/p>\n\n<h3 class=\"wp-block-heading\"><strong>Warum die T\u00fcrkei f\u00fcr Ihre orthop\u00e4dische Versorgung w\u00e4hlen?<\/strong><\/h3>\n\n<p><br\/>Die T\u00fcrkei entwickelt sich zu einem Hauptreiseziel f\u00fcr orthop\u00e4dische Behandlungen, weil sie ein fantastisches Gleichgewicht zwischen erstklassiger Gesundheitsversorgung und g\u00fcnstigen Kosten bietet. Ganz gleich, ob Sie einen chirurgischen Eingriff am Knie, eine H\u00fcftprothese oder eine Stammzellentherapie in Betracht ziehen, die T\u00fcrkei bietet eine Kombination aus erstklassiger Versorgung und kosteng\u00fcnstigen L\u00f6sungen. <\/p>\n\n<h3 class=\"wp-block-heading\"><strong>Wie MedClinics Ihnen helfen kann<\/strong><\/h3>\n\n<p><\/p>\n\n<p>Die Entscheidung f\u00fcr eine erstklassige Behandlung Ihres orthop\u00e4dischen Leidens kann \u00fcberw\u00e4ltigend sein. Wir von MedClinics sind hier, um Sie auf dem ganzen Weg zu unterst\u00fctzen. Wir versorgen Sie mit allen Details \u00fcber die verf\u00fcgbaren Alternativen. Sie werden von konventionellen Operationen wie dem Kniegelenkersatz h\u00f6ren, aber auch von moderneren und erg\u00e4nzenden Heilmethoden wie der Stammzelltherapie. Unser Ziel ist es, dass Sie gut informiert sind.    <\/p>\n\n<p>Wenn Sie bereit sind, Ihre Alternativen zu entdecken, setzen Sie sich mit uns in Verbindung. Wir helfen Ihnen mit f\u00fchrenden Orthop\u00e4die-Experten in der T\u00fcrkei und unterst\u00fctzen Sie dabei, die richtige Behandlung f\u00fcr Sie zu finden. <\/p>\n\n<h2 class=\"wp-block-heading\">Arten der orthop\u00e4dischen Behandlung<\/h2>\n<div class=\"jet-listing-grid--blocks   jet-sm-gb-wrapper jet-sm-gb-3c90ddee-abbd-4e1d-9bc7-33c2832e55ea\"data-element-id=\"3c90ddee-abbd-4e1d-9bc7-33c2832e55ea\"data-listing-type=\"blocks\"data-is-block=\"jet-engine\/listing-grid\"><div class=\"jet-listing-grid jet-listing\"><div class=\"jet-listing-grid__items grid-col-desk-1 grid-col-tablet-1 grid-col-mobile-1 jet-listing-grid--154774 jet-equal-columns__wrapper\" data-queried-id=\"144643|WP_Post\" data-nav=\"{&quot;enabled&quot;:false,&quot;type&quot;:null,&quot;more_el&quot;:null,&quot;query&quot;:[],&quot;widget_settings&quot;:{&quot;lisitng_id&quot;:154774,&quot;posts_num&quot;:1,&quot;columns&quot;:1,&quot;columns_tablet&quot;:1,&quot;columns_mobile&quot;:1,&quot;column_min_width&quot;:240,&quot;column_min_width_tablet&quot;:240,&quot;column_min_width_mobile&quot;:240,&quot;inline_columns_css&quot;:true,&quot;is_archive_template&quot;:&quot;&quot;,&quot;post_status&quot;:[&quot;publish&quot;],&quot;use_random_posts_num&quot;:&quot;&quot;,&quot;max_posts_num&quot;:6,&quot;not_found_message&quot;:&quot;No data was found&quot;,&quot;is_masonry&quot;:false,&quot;equal_columns_height&quot;:true,&quot;use_load_more&quot;:&quot;&quot;,&quot;load_more_id&quot;:&quot;&quot;,&quot;load_more_type&quot;:&quot;click&quot;,&quot;load_more_offset&quot;:null,&quot;use_custom_post_types&quot;:&quot;&quot;,&quot;custom_post_types&quot;:[],&quot;hide_widget_if&quot;:&quot;&quot;,&quot;carousel_enabled&quot;:&quot;&quot;,&quot;slides_to_scroll&quot;:1,&quot;arrows&quot;:true,&quot;arrow_icon&quot;:&quot;fa fa-angle-left&quot;,&quot;dots&quot;:&quot;&quot;,&quot;autoplay&quot;:true,&quot;pause_on_hover&quot;:true,&quot;autoplay_speed&quot;:5000,&quot;infinite&quot;:true,&quot;center_mode&quot;:&quot;&quot;,&quot;effect&quot;:&quot;slide&quot;,&quot;speed&quot;:500,&quot;inject_alternative_items&quot;:&quot;&quot;,&quot;injection_items&quot;:[],&quot;scroll_slider_enabled&quot;:&quot;&quot;,&quot;scroll_slider_on&quot;:[&quot;desktop&quot;,&quot;tablet&quot;,&quot;mobile&quot;],&quot;custom_query&quot;:false,&quot;custom_query_id&quot;:&quot;216&quot;,&quot;_element_id&quot;:&quot;&quot;,&quot;collapse_first_last_gap&quot;:false,&quot;list_tag_selection&quot;:&quot;&quot;,&quot;list_items_wrapper_tag&quot;:&quot;div&quot;,&quot;list_item_tag&quot;:&quot;div&quot;,&quot;empty_items_wrapper_tag&quot;:&quot;div&quot;}}\" data-page=\"1\" data-pages=\"1\" data-listing-source=\"posts\" data-listing-id=\"154774\" data-query-id=\"\"><style>.elementor-154772 .elementor-element.elementor-element-658edc4{--display:flex;--min-height:200px;--flex-direction:row;--container-widget-width:calc( ( 1 - var( --container-widget-flex-grow ) ) * 100% );--container-widget-height:100%;--container-widget-flex-grow:1;--container-widget-align-self:stretch;--flex-wrap-mobile:wrap;--align-items:stretch;--gap:10px 10px;--row-gap:10px;--column-gap:10px;--border-radius:10px 10px 10px 10px;box-shadow:0px 4px 6px 0px rgba(177, 182, 190, 0.25);}.elementor-154772 .elementor-element.elementor-element-658edc4:not(.elementor-motion-effects-element-type-background), .elementor-154772 .elementor-element.elementor-element-658edc4 > .elementor-motion-effects-container > .elementor-motion-effects-layer{background-color:#E1ECF3;}.elementor-154772 .elementor-element.elementor-element-dbaaf29{--display:flex;--justify-content:center;--gap:0px 0px;--row-gap:0px;--column-gap:0px;--border-radius:10px 0px 0px 10px;--margin-top:-10px;--margin-bottom:-10px;--margin-left:-10px;--margin-right:0px;--padding-top:0px;--padding-bottom:0px;--padding-left:10px;--padding-right:10px;}.elementor-154772 .elementor-element.elementor-element-dbaaf29:not(.elementor-motion-effects-element-type-background), .elementor-154772 .elementor-element.elementor-element-dbaaf29 > .elementor-motion-effects-container > .elementor-motion-effects-layer{background-color:#FFFFFF;background-position:center center;background-repeat:no-repeat;background-size:cover;}.elementor-154772 .elementor-element.elementor-element-dbaaf29.e-con{--order:-99999 \/* order start hack *\/;--flex-grow:0;--flex-shrink:0;}.elementor-154772 .elementor-element.elementor-element-fa35788{--display:flex;--gap:0px 0px;--row-gap:0px;--column-gap:0px;}.elementor-154772 .elementor-element.elementor-element-425556c .jet-listing-dynamic-link__link{align-self:flex-start;font-size:18px;font-weight:600;line-height:20px;color:#303437;flex-direction:row;}.elementor-154772 .elementor-element.elementor-element-425556c .jet-listing-dynamic-link__link:hover{color:#225B75;}.elementor-154772 .elementor-element.elementor-element-425556c .jet-listing-dynamic-link__icon{order:-1;}.elementor-widget-jet-button .jet-button__plane-normal{background-color:var( --e-global-color-primary );}.elementor-widget-jet-button .jet-button__plane-hover{background-color:var( --e-global-color-secondary );}.elementor-widget-jet-button  .jet-button__state-normal .jet-button__label{font-family:var( --e-global-typography-primary-font-family ), Sans-serif;font-weight:var( --e-global-typography-primary-font-weight );}.elementor-widget-jet-button  .jet-button__state-hover .jet-button__label{font-family:var( --e-global-typography-primary-font-family ), Sans-serif;font-weight:var( --e-global-typography-primary-font-weight );}.elementor-154772 .elementor-element.elementor-element-c1f6025 .jet-button__container{justify-content:center;}.elementor-154772 .elementor-element.elementor-element-c1f6025 .jet-button__instance{background-color:#63AACE;border-radius:10px 10px 10px 10px;}.elementor-154772 .elementor-element.elementor-element-c1f6025 .jet-button__instance:hover{background-color:var( --e-global-color-primary );}.elementor-154772 .elementor-element.elementor-element-c1f6025 .jet-button__plane-normal{background-color:#225B75;}.elementor-154772 .elementor-element.elementor-element-c1f6025 .jet-button__plane-hover{background-color:var( --e-global-color-primary );}.elementor-154772 .elementor-element.elementor-element-c1f6025 .jet-button__state-normal .jet-button__label{text-align:left;}.elementor-154772 .elementor-element.elementor-element-c1f6025 .jet-button__state-hover .jet-button__label{text-align:left;}.elementor-154772 .elementor-element.elementor-element-c1f6025  .jet-button__state-normal .jet-button__label{font-size:14px;}.elementor-154772 .elementor-element.elementor-element-c1f6025  .jet-button__state-hover .jet-button__label{font-size:14px;}.elementor-154772 .elementor-element.elementor-element-c1f6025 > .elementor-widget-container{margin:20px 0px 0px 0px;}.elementor-154772 .elementor-element.elementor-element-c1f6025.elementor-element{--align-self:flex-start;}@media(min-width:768px){.elementor-154772 .elementor-element.elementor-element-dbaaf29{--width:40%;}.elementor-154772 .elementor-element.elementor-element-fa35788{--width:60%;}}@media(max-width:767px){.elementor-154772 .elementor-element.elementor-element-658edc4{--padding-top:-5px;--padding-bottom:-5px;--padding-left:-5px;--padding-right:-5px;}.elementor-154772 .elementor-element.elementor-element-dbaaf29{--min-height:210px;--border-radius:10px 10px 0px 0px;--margin-top:0px;--margin-bottom:0px;--margin-left:0px;--margin-right:0px;--padding-top:0px;--padding-bottom:0px;--padding-left:0px;--padding-right:0px;}.elementor-154772 .elementor-element.elementor-element-c1f6025 .jet-button__instance{width:1000px;margin:10px 0px 0px 0px;border-radius:10px 10px 10px 10px;}.elementor-154772 .elementor-element.elementor-element-c1f6025 .jet-button__state-normal{justify-content:center;}.elementor-154772 .elementor-element.elementor-element-c1f6025 .jet-button__state-hover{justify-content:center;}.elementor-154772 .elementor-element.elementor-element-c1f6025 .jet-button__instance--icon-top .jet-button__state-normal{align-items:center;justify-content:center;}.elementor-154772 .elementor-element.elementor-element-c1f6025 .jet-button__instance--icon-top .jet-button__state-hover{align-items:center;justify-content:center;}.elementor-154772 .elementor-element.elementor-element-c1f6025 .jet-button__instance--icon-bottom .jet-button__state-normal{align-items:center;justify-content:center;}.elementor-154772 .elementor-element.elementor-element-c1f6025 .jet-button__instance--icon-bottom .jet-button__state-hover{align-items:center;justify-content:center;}.elementor-154772 .elementor-element.elementor-element-c1f6025 > .elementor-widget-container{margin:0px 0px 0px 0px;}.elementor-154772 .elementor-element.elementor-element-c1f6025.elementor-element{--align-self:stretch;}}<\/style><div class=\"jet-listing-grid__item jet-listing-dynamic-post-147496 jet-equal-columns\" data-post-id=\"147496\"  ><style type=\"text\/css\">.jet-listing-dynamic-post-147496 .elementor-element.elementor-element-dbaaf29:not(.elementor-motion-effects-element-type-background), .jet-listing-dynamic-post-147496 .elementor-element.elementor-element-dbaaf29 > .elementor-motion-effects-container > .elementor-motion-effects-layer{background-image:url(\"https:\/\/medclinics.com\/wp-content\/uploads\/2024\/02\/Orthopedic-Treatments.jpg\");}<\/style>\t\t<div data-elementor-type=\"jet-listing-items\" data-elementor-id=\"154772\" class=\"elementor elementor-154772 elementor-154744\" data-elementor-post-type=\"jet-engine\">\n\t\t\t\t<div class=\"elementor-element elementor-element-658edc4 e-con-full e-flex e-con e-parent\" data-id=\"658edc4\" data-element_type=\"container\" data-e-type=\"container\" data-settings=\"{&quot;background_background&quot;:&quot;classic&quot;,&quot;jet_parallax_layout_list&quot;:[]}\">\n\t\t<div class=\"elementor-element elementor-element-dbaaf29 e-con-full e-flex e-con e-child\" data-id=\"dbaaf29\" data-element_type=\"container\" data-e-type=\"container\" data-settings=\"{&quot;background_background&quot;:&quot;classic&quot;,&quot;jet_parallax_layout_list&quot;:[]}\">\n\t\t\t\t<\/div>\n\t\t<div class=\"elementor-element elementor-element-fa35788 e-con-full e-flex e-con e-child\" data-id=\"fa35788\" data-element_type=\"container\" data-e-type=\"container\" data-settings=\"{&quot;jet_parallax_layout_list&quot;:[]}\">\n\t\t\t\t<div class=\"elementor-element elementor-element-425556c elementor-widget elementor-widget-jet-listing-dynamic-link\" data-id=\"425556c\" data-element_type=\"widget\" data-e-type=\"widget\" data-widget_type=\"jet-listing-dynamic-link.default\">\n\t\t\t\t<div class=\"elementor-widget-container\">\n\t\t\t\t\t<a href=\"https:\/\/medclinics.com\/de\/orthopadische-behandlungen-in-istanbul-turkei-beste-kliniken-preise-chirurgen\/\" class=\"jet-listing-dynamic-link__link\">Orthop\u00e4dische Behandlungen in Istanbul, T\u00fcrkei | Beste Kliniken, Preise &amp; Chirurgen<\/a>\t\t\t\t<\/div>\n\t\t\t\t<\/div>\n\t\t\t\t<div class=\"elementor-element elementor-element-c1f6025 elementor-widget elementor-widget-jet-button\" data-id=\"c1f6025\" data-element_type=\"widget\" data-e-type=\"widget\" data-widget_type=\"jet-button.default\">\n\t\t\t\t<div class=\"elementor-widget-container\">\n\t\t\t\t\t<div class=\"elementor-jet-button jet-elements\"><div class=\"jet-button__container\">\n\t<a class=\"jet-button__instance jet-button__instance--icon-left hover-effect-0\" href=\"https:\/\/medclinics.com\/de\/orthopadische-behandlungen-in-istanbul-turkei-beste-kliniken-preise-chirurgen\/\">\n\t\t<div class=\"jet-button__plane jet-button__plane-normal\"><\/div>\n\t\t<div class=\"jet-button__plane jet-button__plane-hover\"><\/div>\n\t\t<div class=\"jet-button__state jet-button__state-normal\">\n\t\t\t<span class=\"jet-button__label\">Siehe Beitrag<\/span>\t\t<\/div>\n\t\t<div class=\"jet-button__state jet-button__state-hover\">\n\t\t\t<span class=\"jet-button__label\">Siehe Beitrag<\/span>\t\t<\/div>\n\t<\/a>\n<\/div>\n<\/div>\t\t\t\t<\/div>\n\t\t\t\t<\/div>\n\t\t\t\t<\/div>\n\t\t\t\t<\/div>\n\t\t\t\t<\/div>\n\t\t<\/div><\/div><\/div><\/div>\n<h2 class=\"wp-block-heading\">Kontaktieren Sie uns, Ihr pers\u00f6nlicher Berater wird Sie durch den Prozess f\u00fchren &amp; beraten!<\/h2>\n\n<p>Gemeinsam mit MedClinics finden Sie die beste Behandlung oder Operation f\u00fcr Sie. Wir erl\u00e4utern Ihnen alle Einzelheiten und helfen Ihnen, die f\u00fcr Ihre Bed\u00fcrfnisse am besten geeignete Klinik zu finden.<\/p>\n\n<p>Bitte setzen Sie sich mit uns in Verbindung, um die von Ihnen gew\u00fcnschte <a href=\"https:\/\/medclinics.com\/de\/orthopadische-behandlungen\/orthopedic-treatments-2\/\" target=\"_blank\" rel=\"noreferrer noopener\">orthop\u00e4dische Behandlung oder Operation<\/a> zu besprechen.<\/p>\n\n<div class=\"wp-block-buttons is-layout-flex wp-block-buttons-is-layout-flex\">\n<div class=\"wp-block-button has-custom-width wp-block-button__width-100 is-style-fill\"><a class=\"wp-block-button__link has-background wp-element-button\" href=\"#requestform\" style=\"border-radius:8px;background-color:#225b75\">Kostenlose Konsultation<\/a><\/div>\n<\/div>\n","protected":false},"excerpt":{"rendered":"<p>Die orthop\u00e4dischen Behandlungen werden immer fortschrittlicher und k\u00f6nnen oft die Immobilit\u00e4t \u00fcberwinden. Gelenkschmerzen, Unbeweglichkeit oder die Entt\u00e4uschung, den t\u00e4glichen Aktivit\u00e4ten [&hellip;]<\/p>\n","protected":false},"author":4,"featured_media":91709,"parent":0,"menu_order":0,"comment_status":"closed","ping_status":"closed","template":"","meta":{"site-sidebar-layout":"default","site-content-layout":"","ast-site-content-layout":"default","site-content-style":"default","site-sidebar-style":"default","ast-global-header-display":"","ast-banner-title-visibility":"","ast-main-header-display":"","ast-hfb-above-header-display":"","ast-hfb-below-header-display":"","ast-hfb-mobile-header-display":"","site-post-title":"","ast-breadcrumbs-content":"","ast-featured-img":"","footer-sml-layout":"","ast-disable-related-posts":"","theme-transparent-header-meta":"","adv-header-id-meta":"","stick-header-meta":"","header-above-stick-meta":"","header-main-stick-meta":"","header-below-stick-meta":"","astra-migrate-meta-layouts":"default","ast-page-background-enabled":"default","ast-page-background-meta":{"desktop":{"background-color":"var(--ast-global-color-4)","background-image":"","background-repeat":"repeat","background-position":"center center","background-size":"auto","background-attachment":"scroll","background-type":"","background-media":"","overlay-type":"","overlay-color":"","overlay-opacity":"","overlay-gradient":""},"tablet":{"background-color":"","background-image":"","background-repeat":"repeat","background-position":"center center","background-size":"auto","background-attachment":"scroll","background-type":"","background-media":"","overlay-type":"","overlay-color":"","overlay-opacity":"","overlay-gradient":""},"mobile":{"background-color":"","background-image":"","background-repeat":"repeat","background-position":"center center","background-size":"auto","background-attachment":"scroll","background-type":"","background-media":"","overlay-type":"","overlay-color":"","overlay-opacity":"","overlay-gradient":""}},"ast-content-background-meta":{"desktop":{"background-color":"var(--ast-global-color-5)","background-image":"","background-repeat":"repeat","background-position":"center center","background-size":"auto","background-attachment":"scroll","background-type":"","background-media":"","overlay-type":"","overlay-color":"","overlay-opacity":"","overlay-gradient":""},"tablet":{"background-color":"var(--ast-global-color-5)","background-image":"","background-repeat":"repeat","background-position":"center center","background-size":"auto","background-attachment":"scroll","background-type":"","background-media":"","overlay-type":"","overlay-color":"","overlay-opacity":"","overlay-gradient":""},"mobile":{"background-color":"var(--ast-global-color-5)","background-image":"","background-repeat":"repeat","background-position":"center center","background-size":"auto","background-attachment":"scroll","background-type":"","background-media":"","overlay-type":"","overlay-color":"","overlay-opacity":"","overlay-gradient":""}},"footnotes":""},"class_list":["post-144643","page","type-page","status-publish","has-post-thumbnail","hentry"],"_links":{"self":[{"href":"https:\/\/medclinics.com\/de\/wp-json\/wp\/v2\/pages\/144643","targetHints":{"allow":["GET"]}}],"collection":[{"href":"https:\/\/medclinics.com\/de\/wp-json\/wp\/v2\/pages"}],"about":[{"href":"https:\/\/medclinics.com\/de\/wp-json\/wp\/v2\/types\/page"}],"author":[{"embeddable":true,"href":"https:\/\/medclinics.com\/de\/wp-json\/wp\/v2\/users\/4"}],"replies":[{"embeddable":true,"href":"https:\/\/medclinics.com\/de\/wp-json\/wp\/v2\/comments?post=144643"}],"version-history":[{"count":0,"href":"https:\/\/medclinics.com\/de\/wp-json\/wp\/v2\/pages\/144643\/revisions"}],"wp:featuredmedia":[{"embeddable":true,"href":"https:\/\/medclinics.com\/de\/wp-json\/wp\/v2\/media\/91709"}],"wp:attachment":[{"href":"https:\/\/medclinics.com\/de\/wp-json\/wp\/v2\/media?parent=144643"}],"curies":[{"name":"wp","href":"https:\/\/api.w.org\/{rel}","templated":true}]}}