{"id":144603,"date":"2023-04-18T14:17:26","date_gmt":"2023-04-18T14:17:26","guid":{"rendered":"https:\/\/medclinics.com\/medizinische-vorsorgeuntersuchungen\/"},"modified":"2024-04-01T15:38:49","modified_gmt":"2024-04-01T12:38:49","slug":"medizinische-vorsorgeuntersuchungen","status":"publish","type":"page","link":"https:\/\/medclinics.com\/de\/medizinische-vorsorgeuntersuchungen\/","title":{"rendered":"Medizinische Vorsorgeuntersuchungen"},"content":{"rendered":"\n<h2 class=\"wp-block-heading\">Der Trend zum medizinischen Check-up erfreut sich wachsender Beliebtheit und ist zu einem der weltweit am meisten nachgefragten Verfahren geworden.<\/h2>\n\n<figure class=\"wp-block-image size-full\"><img fetchpriority=\"high\" decoding=\"async\" width=\"960\" height=\"550\" src=\"https:\/\/medclinics.com\/wp-content\/uploads\/2023\/05\/medical-check-up-in-istanbul-1.jpg\" alt=\"medizinische untersuchung in istanbul\" class=\"wp-image-86681\" srcset=\"https:\/\/medclinics.com\/wp-content\/uploads\/2023\/05\/medical-check-up-in-istanbul-1.jpg 960w, https:\/\/medclinics.com\/wp-content\/uploads\/2023\/05\/medical-check-up-in-istanbul-1-500x286.jpg 500w, https:\/\/medclinics.com\/wp-content\/uploads\/2023\/05\/medical-check-up-in-istanbul-1-768x440.jpg 768w, https:\/\/medclinics.com\/wp-content\/uploads\/2023\/05\/medical-check-up-in-istanbul-1-24x14.jpg 24w, https:\/\/medclinics.com\/wp-content\/uploads\/2023\/05\/medical-check-up-in-istanbul-1-36x21.jpg 36w, https:\/\/medclinics.com\/wp-content\/uploads\/2023\/05\/medical-check-up-in-istanbul-1-48x28.jpg 48w\" sizes=\"(max-width: 960px) 100vw, 960px\" \/><\/figure>\n\n<h3 class=\"wp-block-heading\">Entdecken Sie die am besten bewerteten Kliniken und Krankenh\u00e4user, die au\u00dfergew\u00f6hnliche Leistungen f\u00fcr Ihren umfassenden Gesundheits-Check-up anbieten.<\/h3>\n\n<p><strong>Vorbeugung rettet Leben<\/strong><\/p>\n\n<p>W\u00e4hrend in der Vergangenheit die Gesundheitsvorsorge weitgehend dem Hausarzt \u00fcberlassen wurde, hat der medizinische Fortschritt zur Entwicklung umfassender Screening-M\u00f6glichkeiten gef\u00fchrt.<\/p>\n\n<p>Neben der \u00dcberpr\u00fcfung von Standard-Blutwerten wie Zucker, Leberwerten und Cholesterin werden auch individuell zugeschnittene Pakete angeboten. Es wird zwischen Vorsorgeuntersuchungen f\u00fcr M\u00e4nner und Frauen unterschieden, die Koordination erfolgt nach dem Alter, und es gibt sogar Vorsorgeuntersuchungen f\u00fcr Kinder.<\/p>\n\n<p>Spezielle Krebsvorsorgeuntersuchungen, bei denen gezielt nach Krebsmarkern gesucht wird, eine Mammographie oder ein <a href=\"https:\/\/en.wikipedia.org\/wiki\/Pap_test\" target=\"_blank\" rel=\"noreferrer noopener\">Pap-Abstrich<\/a> f\u00fcr Frauen, eine Prostatauntersuchung f\u00fcr M\u00e4nner und eine Darmspiegelung oder ein anderer Screening-Test zur Erkennung von Darmkrebs sind heute gang und g\u00e4be.<\/p>\n\n<p>Dar\u00fcber hinaus kann der Arzt je nach den individuellen Risikofaktoren und der Krankengeschichte des Patienten weitere Untersuchungen empfehlen.<\/p>\n\n<p><strong>Mit<\/strong> <strong>MedClinics finden Sie die Vorsorgepakete, die Ihren Bed\u00fcrfnissen am besten entsprechen, zu einem erschwinglichen Preis!<\/strong> <strong><a href=\"https:\/\/medclinics.com\/eye\/#requestform\">Kontaktieren Sie<\/a> uns jetzt und finden Sie die f\u00fcr Sie am besten geeigneten Vorsorgeuntersuchungen!<\/strong><\/p>\n\n<h2 class=\"wp-block-heading\">Arten von medizinischen Vorsorgeuntersuchungen:<\/h2>\n<div class=\"jet-listing-grid--blocks   jet-sm-gb-wrapper jet-sm-gb-0cf7b254-192e-43d9-a62c-da60482c3509\"data-element-id=\"0cf7b254-192e-43d9-a62c-da60482c3509\"data-listing-type=\"blocks\"data-is-block=\"jet-engine\/listing-grid\"><div class=\"jet-listing-notice\">Please select listing to show.<\/div><\/div>\n<h2 class=\"wp-block-heading\">Kontaktieren Sie uns, Ihr pers\u00f6nlicher Berater wird Sie durch den Prozess f\u00fchren &amp; beraten!<\/h2>\n\n<p>Gemeinsam mit MedClinics finden Sie die f\u00fcr Sie beste L\u00f6sung und Behandlung im Bereich der plastischen und kosmetischen Chirurgie. Wir erkl\u00e4ren Ihnen alle Details und helfen Ihnen, die f\u00fcr Sie am besten geeignete Klinik zu finden. <\/p>\n\n<p> <\/p>\n","protected":false},"excerpt":{"rendered":"<p>Der Trend zum medizinischen Check-up erfreut sich wachsender Beliebtheit und ist zu einem der weltweit am meisten nachgefragten Verfahren geworden. [&hellip;]<\/p>\n","protected":false},"author":4,"featured_media":86681,"parent":0,"menu_order":0,"comment_status":"closed","ping_status":"closed","template":"","meta":{"site-sidebar-layout":"default","site-content-layout":"","ast-site-content-layout":"default","site-content-style":"default","site-sidebar-style":"default","ast-global-header-display":"","ast-banner-title-visibility":"","ast-main-header-display":"","ast-hfb-above-header-display":"","ast-hfb-below-header-display":"","ast-hfb-mobile-header-display":"","site-post-title":"","ast-breadcrumbs-content":"","ast-featured-img":"","footer-sml-layout":"","ast-disable-related-posts":"","theme-transparent-header-meta":"","adv-header-id-meta":"","stick-header-meta":"","header-above-stick-meta":"","header-main-stick-meta":"","header-below-stick-meta":"","astra-migrate-meta-layouts":"default","ast-page-background-enabled":"default","ast-page-background-meta":{"desktop":{"background-color":"var(--ast-global-color-4)","background-image":"","background-repeat":"repeat","background-position":"center center","background-size":"auto","background-attachment":"scroll","background-type":"","background-media":"","overlay-type":"","overlay-color":"","overlay-opacity":"","overlay-gradient":""},"tablet":{"background-color":"","background-image":"","background-repeat":"repeat","background-position":"center center","background-size":"auto","background-attachment":"scroll","background-type":"","background-media":"","overlay-type":"","overlay-color":"","overlay-opacity":"","overlay-gradient":""},"mobile":{"background-color":"","background-image":"","background-repeat":"repeat","background-position":"center center","background-size":"auto","background-attachment":"scroll","background-type":"","background-media":"","overlay-type":"","overlay-color":"","overlay-opacity":"","overlay-gradient":""}},"ast-content-background-meta":{"desktop":{"background-color":"var(--ast-global-color-5)","background-image":"","background-repeat":"repeat","background-position":"center center","background-size":"auto","background-attachment":"scroll","background-type":"","background-media":"","overlay-type":"","overlay-color":"","overlay-opacity":"","overlay-gradient":""},"tablet":{"background-color":"var(--ast-global-color-5)","background-image":"","background-repeat":"repeat","background-position":"center center","background-size":"auto","background-attachment":"scroll","background-type":"","background-media":"","overlay-type":"","overlay-color":"","overlay-opacity":"","overlay-gradient":""},"mobile":{"background-color":"var(--ast-global-color-5)","background-image":"","background-repeat":"repeat","background-position":"center center","background-size":"auto","background-attachment":"scroll","background-type":"","background-media":"","overlay-type":"","overlay-color":"","overlay-opacity":"","overlay-gradient":""}},"footnotes":""},"class_list":["post-144603","page","type-page","status-publish","has-post-thumbnail","hentry"],"_links":{"self":[{"href":"https:\/\/medclinics.com\/de\/wp-json\/wp\/v2\/pages\/144603","targetHints":{"allow":["GET"]}}],"collection":[{"href":"https:\/\/medclinics.com\/de\/wp-json\/wp\/v2\/pages"}],"about":[{"href":"https:\/\/medclinics.com\/de\/wp-json\/wp\/v2\/types\/page"}],"author":[{"embeddable":true,"href":"https:\/\/medclinics.com\/de\/wp-json\/wp\/v2\/users\/4"}],"replies":[{"embeddable":true,"href":"https:\/\/medclinics.com\/de\/wp-json\/wp\/v2\/comments?post=144603"}],"version-history":[{"count":0,"href":"https:\/\/medclinics.com\/de\/wp-json\/wp\/v2\/pages\/144603\/revisions"}],"wp:featuredmedia":[{"embeddable":true,"href":"https:\/\/medclinics.com\/de\/wp-json\/wp\/v2\/media\/86681"}],"wp:attachment":[{"href":"https:\/\/medclinics.com\/de\/wp-json\/wp\/v2\/media?parent=144603"}],"curies":[{"name":"wp","href":"https:\/\/api.w.org\/{rel}","templated":true}]}}