{"id":144441,"date":"2023-04-18T14:56:31","date_gmt":"2023-04-18T14:56:31","guid":{"rendered":"https:\/\/medclinics.com\/filler\/"},"modified":"2024-04-06T11:47:39","modified_gmt":"2024-04-06T08:47:39","slug":"filler","status":"publish","type":"page","link":"https:\/\/medclinics.com\/de\/filler\/","title":{"rendered":"Filler"},"content":{"rendered":"\n<h2 class=\"wp-block-heading\">Sie m\u00f6chten Volumen wiederherstellen und Falten reduzieren? Ziehen Sie Filler in Betracht, die beste L\u00f6sung f\u00fcr ein jugendliches und verj\u00fcngtes Aussehen. <\/h2>\n\n<p><strong>Dies ist unser vollst\u00e4ndiger Leitfaden f\u00fcr injizierbare Filler.<\/strong><\/p>\n\n<p>Diese bemerkenswerten Injektionsbehandlungen k\u00f6nnen Hohlr\u00e4ume aufpolstern, Falten gl\u00e4tten und Ihre nat\u00fcrliche Sch\u00f6nheit unterstreichen. Verabschieden Sie sich von schlaffer Haut und freuen Sie sich auf ein erfrischtes, strahlendes Aussehen. Entdecken Sie die transformative Kraft von Fillern und entdecken Sie eine lebendigere Version von sich selbst.<\/p>\n\n<p><a href=\"https:\/\/en.wikipedia.org\/wiki\/Injectable_filler\" target=\"_blank\" rel=\"noreferrer noopener\">Filler<\/a> sind in der \u00e4sthetischen Medizin schon lange bekannt und haben sich als Alternative zur plastischen Chirurgie bew\u00e4hrt.<br\/>Hyalurons\u00e4ure-Filler l\u00f6sen in der Regel zwei Probleme auf einmal: Sie korrigieren Unebenheiten ohne chirurgischen Eingriff und regen die Produktion der patienteneigenen Hyalurons\u00e4ure an. Filler auf Hyalurons\u00e4urebasis variieren in ihrer Dichte und halten zwischen 6 Monaten und 1 Jahr.<\/p>\n\n<p>MedClinics wird Sie auf dem Weg der Ver\u00e4nderung begleiten! Profitieren Sie von dem unkomplizierten Service und dem umfangreichen Netzwerk.<\/p>\n\n<p>Lesen Sie alles \u00fcber <a href=\"https:\/\/medclinics.com\/de\/lippen-aufspritzen-mit-fillern\/\" target=\"_blank\" data-type=\"page\" data-id=\"89657\" rel=\"noreferrer noopener\">Lippen-Filler<\/a>, die Ihr L\u00e4cheln nicht von den Lippen verschwinden lassen, \u00fcber Augenringe Unterspritzen, die Ihnen zu einem strahlenden Aussehen verhelfen, und \u00fcber Nasolabial-Filler, die schlaffe Wangen verschwinden lassen. Auch Ihre Nase kann mit Fillern eine neue Form erhalten.<\/p>\n\n<p><strong>Lassen Sie sich von zertifizierten Dermatologen in Istanbul in renommierten Kliniken und Sch\u00f6nheitssalons behandeln. <a href=\"#request\" target=\"_blank\" rel=\"noreferrer noopener\">Kontaktieren<\/a> Sie uns jetzt!<\/strong><\/p>\n\n<h2 class=\"wp-block-heading\">Kontaktieren Sie uns, Ihr pers\u00f6nlicher Berater wird Sie durch den Prozess f\u00fchren &amp; beraten!<\/h2>\n\n<p>Gemeinsam mit MedClinics finden Sie die f\u00fcr Sie passende Behandlung. Wir erl\u00e4utern Ihnen alle Einzelheiten und helfen Ihnen, die f\u00fcr Ihre Bed\u00fcrfnisse am besten geeignete Klinik zu finden.<\/p>\n","protected":false},"excerpt":{"rendered":"<p>Sie m\u00f6chten Volumen wiederherstellen und Falten reduzieren? Ziehen Sie Filler in Betracht, die beste L\u00f6sung f\u00fcr ein jugendliches und verj\u00fcngtes [&hellip;]<\/p>\n","protected":false},"author":4,"featured_media":161289,"parent":0,"menu_order":0,"comment_status":"closed","ping_status":"closed","template":"","meta":{"site-sidebar-layout":"default","site-content-layout":"","ast-site-content-layout":"default","site-content-style":"default","site-sidebar-style":"default","ast-global-header-display":"","ast-banner-title-visibility":"","ast-main-header-display":"","ast-hfb-above-header-display":"","ast-hfb-below-header-display":"","ast-hfb-mobile-header-display":"","site-post-title":"","ast-breadcrumbs-content":"","ast-featured-img":"","footer-sml-layout":"","ast-disable-related-posts":"","theme-transparent-header-meta":"","adv-header-id-meta":"","stick-header-meta":"","header-above-stick-meta":"","header-main-stick-meta":"","header-below-stick-meta":"","astra-migrate-meta-layouts":"default","ast-page-background-enabled":"default","ast-page-background-meta":{"desktop":{"background-color":"var(--ast-global-color-4)","background-image":"","background-repeat":"repeat","background-position":"center center","background-size":"auto","background-attachment":"scroll","background-type":"","background-media":"","overlay-type":"","overlay-color":"","overlay-opacity":"","overlay-gradient":""},"tablet":{"background-color":"","background-image":"","background-repeat":"repeat","background-position":"center center","background-size":"auto","background-attachment":"scroll","background-type":"","background-media":"","overlay-type":"","overlay-color":"","overlay-opacity":"","overlay-gradient":""},"mobile":{"background-color":"","background-image":"","background-repeat":"repeat","background-position":"center center","background-size":"auto","background-attachment":"scroll","background-type":"","background-media":"","overlay-type":"","overlay-color":"","overlay-opacity":"","overlay-gradient":""}},"ast-content-background-meta":{"desktop":{"background-color":"var(--ast-global-color-5)","background-image":"","background-repeat":"repeat","background-position":"center center","background-size":"auto","background-attachment":"scroll","background-type":"","background-media":"","overlay-type":"","overlay-color":"","overlay-opacity":"","overlay-gradient":""},"tablet":{"background-color":"var(--ast-global-color-5)","background-image":"","background-repeat":"repeat","background-position":"center center","background-size":"auto","background-attachment":"scroll","background-type":"","background-media":"","overlay-type":"","overlay-color":"","overlay-opacity":"","overlay-gradient":""},"mobile":{"background-color":"var(--ast-global-color-5)","background-image":"","background-repeat":"repeat","background-position":"center center","background-size":"auto","background-attachment":"scroll","background-type":"","background-media":"","overlay-type":"","overlay-color":"","overlay-opacity":"","overlay-gradient":""}},"footnotes":""},"class_list":["post-144441","page","type-page","status-publish","has-post-thumbnail","hentry"],"_links":{"self":[{"href":"https:\/\/medclinics.com\/de\/wp-json\/wp\/v2\/pages\/144441","targetHints":{"allow":["GET"]}}],"collection":[{"href":"https:\/\/medclinics.com\/de\/wp-json\/wp\/v2\/pages"}],"about":[{"href":"https:\/\/medclinics.com\/de\/wp-json\/wp\/v2\/types\/page"}],"author":[{"embeddable":true,"href":"https:\/\/medclinics.com\/de\/wp-json\/wp\/v2\/users\/4"}],"replies":[{"embeddable":true,"href":"https:\/\/medclinics.com\/de\/wp-json\/wp\/v2\/comments?post=144441"}],"version-history":[{"count":0,"href":"https:\/\/medclinics.com\/de\/wp-json\/wp\/v2\/pages\/144441\/revisions"}],"wp:featuredmedia":[{"embeddable":true,"href":"https:\/\/medclinics.com\/de\/wp-json\/wp\/v2\/media\/161289"}],"wp:attachment":[{"href":"https:\/\/medclinics.com\/de\/wp-json\/wp\/v2\/media?parent=144441"}],"curies":[{"name":"wp","href":"https:\/\/api.w.org\/{rel}","templated":true}]}}