{"id":144435,"date":"2023-04-18T15:31:17","date_gmt":"2023-04-18T12:31:17","guid":{"rendered":"https:\/\/medclinics.com\/behandlung-zur-hauterneuerung\/"},"modified":"2025-01-29T13:15:26","modified_gmt":"2025-01-29T10:15:26","slug":"behandlung-zur-hauterneuerung","status":"publish","type":"page","link":"https:\/\/medclinics.com\/de\/behandlung-zur-hauterneuerung\/","title":{"rendered":"Behandlung zur Hauterneuerung"},"content":{"rendered":"\n<h2 class=\"wp-block-heading\">Entdecken Sie die Geheimnisse makelloser Haut mit modernen Techniken zur Hauterneuerung!<\/h2>\n\n<figure class=\"wp-block-image size-full\"><img fetchpriority=\"high\" decoding=\"async\" width=\"1000\" height=\"700\" src=\"https:\/\/medclinics.com\/wp-content\/uploads\/2023\/04\/skin-care-2.jpg\" alt=\"Hauterneuerung in Istanbul in der T&#xFC;rkei\" class=\"wp-image-47821\" srcset=\"https:\/\/medclinics.com\/wp-content\/uploads\/2023\/04\/skin-care-2.jpg 1000w, https:\/\/medclinics.com\/wp-content\/uploads\/2023\/04\/skin-care-2-500x350.jpg 500w, https:\/\/medclinics.com\/wp-content\/uploads\/2023\/04\/skin-care-2-768x538.jpg 768w\" sizes=\"(max-width: 1000px) 100vw, 1000px\" \/><\/figure>\n\n<p>Die Hauterneuerung ist seit jeher ein zentrales Thema im Bereich der Hautpflege. Im Zuge des technologischen Fortschritts werden neue Techniken entwickelt, um die Haut zu revitalisieren und ihr ein jugendliches Aussehen zu verleihen.<\/p>\n\n<p>F\u00fcr die Hauterneuerung gibt es heutzutage verschiedene Techniken. <a href=\"https:\/\/medclinics.com\/de\/chemisches-peeling\/\" data-type=\"page\" data-id=\"93269\">Chemische Peelings<\/a> beispielsweise verwenden Chemikalien, um die \u00e4u\u00dfere Hautschicht zu entfernen. Dadurch wird die glattere Haut darunter sichtbar.<\/p>\n\n<p>Der Mikrodermabrasion wird nachgesagt, dass sie die <a href=\"https:\/\/pubmed.ncbi.nlm.nih.gov\/?term=collagen\" target=\"_blank\" rel=\"noreferrer noopener\">Kollagenproduktion<\/a> anregt. Zugleich werden abgestorbene Zellen entfernt. Dies kann zu einer Verringerung von feinen Linien, Falten oder Sonnensch\u00e4den f\u00fchren.<\/p>\n\n<figure class=\"wp-block-image size-large\"><img decoding=\"async\" width=\"1024\" height=\"683\" src=\"https:\/\/medclinics.com\/wp-content\/uploads\/2025\/01\/Adsiz-tasarim-4-1024x683.jpg\" alt=\"Hauterneuerungsbehandlung in istanbul 2025\" class=\"wp-image-173521\" srcset=\"https:\/\/medclinics.com\/wp-content\/uploads\/2025\/01\/Adsiz-tasarim-4-1024x683.jpg 1024w, https:\/\/medclinics.com\/wp-content\/uploads\/2025\/01\/Adsiz-tasarim-4-300x200.jpg 300w, https:\/\/medclinics.com\/wp-content\/uploads\/2025\/01\/Adsiz-tasarim-4-768x512.jpg 768w, https:\/\/medclinics.com\/wp-content\/uploads\/2025\/01\/Adsiz-tasarim-4.jpg 1200w\" sizes=\"(max-width: 1024px) 100vw, 1024px\" \/><\/figure>\n\n<p>Aknenarben oder ungleichm\u00e4\u00dfiger Hautton werden mit Laserresurfacing behandelt. Dabei werden auch gesch\u00e4digte Hautschichten entfernt und das Wachstum neuer Zellen gef\u00f6rdert.<\/p>\n\n<p>Beim Microneedling, z. B. <a href=\"https:\/\/medclinics.com\/de\/morpheus8-4\/\" target=\"_blank\" data-type=\"page\" data-id=\"89799\" rel=\"noreferrer noopener\">Morpheus8<\/a>, werden mit winzigen Nadeln winzige Einstiche in die Haut gesetzt, um Elastin und Kollagen zu stimulieren. Dadurch wird die Narbenbildung reduziert und feine Linien und Falten werden gemildert.<\/p>\n\n<p>Radiofrequenzbehandlungen erw\u00e4rmen und straffen die tieferen Hautschichten und sorgen f\u00fcr ein jugendlicheres Aussehen.<\/p>\n\n<h2 class=\"wp-block-heading\">Kontaktieren Sie uns, Ihr pers\u00f6nlicher Berater wird Sie durch den Prozess f\u00fchren &amp; beraten!<\/h2>\n\n<p>Gemeinsam mit MedClinics finden Sie die f\u00fcr Sie passende Behandlung. Wir erl\u00e4utern Ihnen alle Einzelheiten und helfen Ihnen, die f\u00fcr Ihre Bed\u00fcrfnisse am besten geeignete Klinik zu finden.<\/p>\n","protected":false},"excerpt":{"rendered":"<p>Entdecken Sie die Geheimnisse makelloser Haut mit modernen Techniken zur Hauterneuerung! Die Hauterneuerung ist seit jeher ein zentrales Thema im [&hellip;]<\/p>\n","protected":false},"author":4,"featured_media":53446,"parent":0,"menu_order":0,"comment_status":"closed","ping_status":"closed","template":"","meta":{"site-sidebar-layout":"default","site-content-layout":"","ast-site-content-layout":"default","site-content-style":"default","site-sidebar-style":"default","ast-global-header-display":"","ast-banner-title-visibility":"","ast-main-header-display":"","ast-hfb-above-header-display":"","ast-hfb-below-header-display":"","ast-hfb-mobile-header-display":"","site-post-title":"","ast-breadcrumbs-content":"","ast-featured-img":"","footer-sml-layout":"","ast-disable-related-posts":"","theme-transparent-header-meta":"","adv-header-id-meta":"","stick-header-meta":"","header-above-stick-meta":"","header-main-stick-meta":"","header-below-stick-meta":"","astra-migrate-meta-layouts":"default","ast-page-background-enabled":"default","ast-page-background-meta":{"desktop":{"background-color":"var(--ast-global-color-4)","background-image":"","background-repeat":"repeat","background-position":"center center","background-size":"auto","background-attachment":"scroll","background-type":"","background-media":"","overlay-type":"","overlay-color":"","overlay-opacity":"","overlay-gradient":""},"tablet":{"background-color":"","background-image":"","background-repeat":"repeat","background-position":"center center","background-size":"auto","background-attachment":"scroll","background-type":"","background-media":"","overlay-type":"","overlay-color":"","overlay-opacity":"","overlay-gradient":""},"mobile":{"background-color":"","background-image":"","background-repeat":"repeat","background-position":"center center","background-size":"auto","background-attachment":"scroll","background-type":"","background-media":"","overlay-type":"","overlay-color":"","overlay-opacity":"","overlay-gradient":""}},"ast-content-background-meta":{"desktop":{"background-color":"var(--ast-global-color-5)","background-image":"","background-repeat":"repeat","background-position":"center center","background-size":"auto","background-attachment":"scroll","background-type":"","background-media":"","overlay-type":"","overlay-color":"","overlay-opacity":"","overlay-gradient":""},"tablet":{"background-color":"var(--ast-global-color-5)","background-image":"","background-repeat":"repeat","background-position":"center center","background-size":"auto","background-attachment":"scroll","background-type":"","background-media":"","overlay-type":"","overlay-color":"","overlay-opacity":"","overlay-gradient":""},"mobile":{"background-color":"var(--ast-global-color-5)","background-image":"","background-repeat":"repeat","background-position":"center center","background-size":"auto","background-attachment":"scroll","background-type":"","background-media":"","overlay-type":"","overlay-color":"","overlay-opacity":"","overlay-gradient":""}},"footnotes":""},"class_list":["post-144435","page","type-page","status-publish","has-post-thumbnail","hentry"],"_links":{"self":[{"href":"https:\/\/medclinics.com\/de\/wp-json\/wp\/v2\/pages\/144435","targetHints":{"allow":["GET"]}}],"collection":[{"href":"https:\/\/medclinics.com\/de\/wp-json\/wp\/v2\/pages"}],"about":[{"href":"https:\/\/medclinics.com\/de\/wp-json\/wp\/v2\/types\/page"}],"author":[{"embeddable":true,"href":"https:\/\/medclinics.com\/de\/wp-json\/wp\/v2\/users\/4"}],"replies":[{"embeddable":true,"href":"https:\/\/medclinics.com\/de\/wp-json\/wp\/v2\/comments?post=144435"}],"version-history":[{"count":0,"href":"https:\/\/medclinics.com\/de\/wp-json\/wp\/v2\/pages\/144435\/revisions"}],"wp:featuredmedia":[{"embeddable":true,"href":"https:\/\/medclinics.com\/de\/wp-json\/wp\/v2\/media\/53446"}],"wp:attachment":[{"href":"https:\/\/medclinics.com\/de\/wp-json\/wp\/v2\/media?parent=144435"}],"curies":[{"name":"wp","href":"https:\/\/api.w.org\/{rel}","templated":true}]}}