{"id":144419,"date":"2023-04-18T15:37:07","date_gmt":"2023-04-18T12:37:07","guid":{"rendered":"https:\/\/medclinics.com\/nicht-chirurgische-operationen\/"},"modified":"2025-01-29T13:15:43","modified_gmt":"2025-01-29T10:15:43","slug":"nicht-chirurgische-operationen","status":"publish","type":"page","link":"https:\/\/medclinics.com\/de\/nicht-chirurgische-operationen\/","title":{"rendered":"Nicht-chirurgische Operationen"},"content":{"rendered":"\n<h2 class=\"wp-block-heading\">Entfesseln Sie Ihr Sch\u00f6nheitspotenzial mit der Kraft der nicht-chirurgischen Operationen!<\/h2>\n\n<figure class=\"wp-block-image size-large\"><img fetchpriority=\"high\" decoding=\"async\" width=\"1440\" height=\"470\" src=\"https:\/\/medclinics.com\/wp-content\/uploads\/2023\/02\/fake-eye-lashes-istanbul.jpg\" alt=\"nicht-chirurgische Operationen in Istanbul in der T&#xFC;rkei\" class=\"wp-image-53818\" srcset=\"https:\/\/medclinics.com\/wp-content\/uploads\/2023\/02\/fake-eye-lashes-istanbul.jpg 1440w, https:\/\/medclinics.com\/wp-content\/uploads\/2023\/02\/fake-eye-lashes-istanbul-500x163.jpg 500w, https:\/\/medclinics.com\/wp-content\/uploads\/2023\/02\/fake-eye-lashes-istanbul-1024x334.jpg 1024w, https:\/\/medclinics.com\/wp-content\/uploads\/2023\/02\/fake-eye-lashes-istanbul-768x251.jpg 768w\" sizes=\"(max-width: 1440px) 100vw, 1440px\" \/><\/figure>\n\n<div style=\"height:13px\" aria-hidden=\"true\" class=\"wp-block-spacer\"><\/div>\n\n<p>Nicht-chirurgische Eingriffe wie Nagelprothesen, <a href=\"https:\/\/medclinics.com\/de\/falsche-wimpern\/\">k\u00fcnstliche Wimpern<\/a>, Haarverl\u00e4ngerungen, <a href=\"https:\/\/pubmed.ncbi.nlm.nih.gov\/?term=microblading\" target=\"_blank\" rel=\"noreferrer noopener\">Microblading<\/a> und <a href=\"https:\/\/medclinics.com\/de\/microshading-2\/\">Microshading<\/a> bieten nicht-invasive Methoden zur Verbesserung des Aussehens. <a href=\"https:\/\/medclinics.com\/de\/prothesennagel\/\">Nagelprothesen<\/a> sind synthetische Verl\u00e4ngerungen, die auf nat\u00fcrliche N\u00e4gel aufgebracht werden.<\/p>\n\n<p><a href=\"https:\/\/medclinics.com\/de\/falsche-wimpern\/\" data-type=\"page\" data-id=\"90217\">Falsche Wimpern<\/a> k\u00f6nnen sowohl f\u00fcr l\u00e4ngere als auch f\u00fcr l\u00e4ngere Wimpern sorgen. Die Erweiterungen geben die L\u00e4nge der nat\u00fcrlichen Haare und erh\u00f6hen ihr Volumen.  Microblading und Schattierung verbessern die Augenbrauen mit semipermanenten Techniken.<\/p>\n\n<figure class=\"wp-block-image size-large\"><img decoding=\"async\" width=\"1024\" height=\"683\" src=\"https:\/\/medclinics.com\/wp-content\/uploads\/2025\/01\/Adsiz-tasarim-7-1024x683.jpg\" alt=\"Nicht-chirurgische Operationen in Istanbul 2025\" class=\"wp-image-173546\" srcset=\"https:\/\/medclinics.com\/wp-content\/uploads\/2025\/01\/Adsiz-tasarim-7-1024x683.jpg 1024w, https:\/\/medclinics.com\/wp-content\/uploads\/2025\/01\/Adsiz-tasarim-7-300x200.jpg 300w, https:\/\/medclinics.com\/wp-content\/uploads\/2025\/01\/Adsiz-tasarim-7-768x512.jpg 768w, https:\/\/medclinics.com\/wp-content\/uploads\/2025\/01\/Adsiz-tasarim-7.jpg 1200w\" sizes=\"(max-width: 1024px) 100vw, 1024px\" \/><figcaption class=\"wp-element-caption\">Nicht-chirurgische Operationen in Istanbul 2025<\/figcaption><\/figure>\n\n<h3 class=\"wp-block-heading\">Kontaktieren Sie uns. Ihr pers\u00f6nlicher Berater steht Ihnen w\u00e4hrend des gesamten Verfahrens mit Rat und Tat zur Seite!<\/h3>\n\n<p>Zusammen mit MedClinics k\u00f6nnen Sie die effektivste Behandlung und nicht-chirurgische Operation finden, die Ihren Bed\u00fcrfnissen entspricht. Wir gehen auf alle Einzelheiten ein und helfen Ihnen, den besten Sch\u00f6nheitssalon zu finden, der Ihren spezifischen Anforderungen entspricht.<\/p>\n","protected":false},"excerpt":{"rendered":"<p>Entfesseln Sie Ihr Sch\u00f6nheitspotenzial mit der Kraft der nicht-chirurgischen Operationen! Nicht-chirurgische Eingriffe wie Nagelprothesen, k\u00fcnstliche Wimpern, Haarverl\u00e4ngerungen, Microblading und Microshading [&hellip;]<\/p>\n","protected":false},"author":4,"featured_media":20417,"parent":0,"menu_order":0,"comment_status":"closed","ping_status":"closed","template":"","meta":{"site-sidebar-layout":"default","site-content-layout":"","ast-site-content-layout":"default","site-content-style":"default","site-sidebar-style":"default","ast-global-header-display":"","ast-banner-title-visibility":"","ast-main-header-display":"","ast-hfb-above-header-display":"","ast-hfb-below-header-display":"","ast-hfb-mobile-header-display":"","site-post-title":"","ast-breadcrumbs-content":"","ast-featured-img":"","footer-sml-layout":"","ast-disable-related-posts":"","theme-transparent-header-meta":"","adv-header-id-meta":"","stick-header-meta":"","header-above-stick-meta":"","header-main-stick-meta":"","header-below-stick-meta":"","astra-migrate-meta-layouts":"default","ast-page-background-enabled":"default","ast-page-background-meta":{"desktop":{"background-color":"var(--ast-global-color-4)","background-image":"","background-repeat":"repeat","background-position":"center center","background-size":"auto","background-attachment":"scroll","background-type":"","background-media":"","overlay-type":"","overlay-color":"","overlay-opacity":"","overlay-gradient":""},"tablet":{"background-color":"","background-image":"","background-repeat":"repeat","background-position":"center center","background-size":"auto","background-attachment":"scroll","background-type":"","background-media":"","overlay-type":"","overlay-color":"","overlay-opacity":"","overlay-gradient":""},"mobile":{"background-color":"","background-image":"","background-repeat":"repeat","background-position":"center center","background-size":"auto","background-attachment":"scroll","background-type":"","background-media":"","overlay-type":"","overlay-color":"","overlay-opacity":"","overlay-gradient":""}},"ast-content-background-meta":{"desktop":{"background-color":"var(--ast-global-color-5)","background-image":"","background-repeat":"repeat","background-position":"center center","background-size":"auto","background-attachment":"scroll","background-type":"","background-media":"","overlay-type":"","overlay-color":"","overlay-opacity":"","overlay-gradient":""},"tablet":{"background-color":"var(--ast-global-color-5)","background-image":"","background-repeat":"repeat","background-position":"center center","background-size":"auto","background-attachment":"scroll","background-type":"","background-media":"","overlay-type":"","overlay-color":"","overlay-opacity":"","overlay-gradient":""},"mobile":{"background-color":"var(--ast-global-color-5)","background-image":"","background-repeat":"repeat","background-position":"center center","background-size":"auto","background-attachment":"scroll","background-type":"","background-media":"","overlay-type":"","overlay-color":"","overlay-opacity":"","overlay-gradient":""}},"footnotes":""},"class_list":["post-144419","page","type-page","status-publish","has-post-thumbnail","hentry"],"_links":{"self":[{"href":"https:\/\/medclinics.com\/de\/wp-json\/wp\/v2\/pages\/144419","targetHints":{"allow":["GET"]}}],"collection":[{"href":"https:\/\/medclinics.com\/de\/wp-json\/wp\/v2\/pages"}],"about":[{"href":"https:\/\/medclinics.com\/de\/wp-json\/wp\/v2\/types\/page"}],"author":[{"embeddable":true,"href":"https:\/\/medclinics.com\/de\/wp-json\/wp\/v2\/users\/4"}],"replies":[{"embeddable":true,"href":"https:\/\/medclinics.com\/de\/wp-json\/wp\/v2\/comments?post=144419"}],"version-history":[{"count":0,"href":"https:\/\/medclinics.com\/de\/wp-json\/wp\/v2\/pages\/144419\/revisions"}],"wp:featuredmedia":[{"embeddable":true,"href":"https:\/\/medclinics.com\/de\/wp-json\/wp\/v2\/media\/20417"}],"wp:attachment":[{"href":"https:\/\/medclinics.com\/de\/wp-json\/wp\/v2\/media?parent=144419"}],"curies":[{"name":"wp","href":"https:\/\/api.w.org\/{rel}","templated":true}]}}