{"id":144413,"date":"2023-04-18T15:00:04","date_gmt":"2023-04-18T15:00:04","guid":{"rendered":"https:\/\/medclinics.com\/muskelrelaxans-faltenbehandlung\/"},"modified":"2024-04-01T15:51:50","modified_gmt":"2024-04-01T12:51:50","slug":"muskelrelaxans-faltenbehandlung","status":"publish","type":"page","link":"https:\/\/medclinics.com\/de\/muskelrelaxans-faltenbehandlung\/","title":{"rendered":"Muskelrelaxans &amp; Faltenbehandlung"},"content":{"rendered":"\n<h2 class=\"wp-block-heading\">Das Alter sollte kein Geheimnis sein, aber Ihr Gesicht ist ein Spiegelbild der Jugend in Ihrer Seele!<\/h2>\n\n<h3 class=\"wp-block-heading\"><strong><strong>Wenden Sie die Faltenbehandlung an und Sie werden in k\u00fcrzester Zeit um ein Jahr j\u00fcnger aussehen, zu einem erschwinglichen Preis und mit minimalen Kosten!<\/strong><\/strong><\/h3>\n\n<figure class=\"wp-block-image size-full\"><img fetchpriority=\"high\" decoding=\"async\" width=\"1000\" height=\"595\" src=\"https:\/\/medclinics.com\/wp-content\/uploads\/2023\/04\/muscle-relaxant-in-istanbul-in-turkey.webp\" alt=\"Muskelrelaxans &amp;amp; Faltenbehandlung in istanbul in der t&#xFC;rkei\" class=\"wp-image-52965\" srcset=\"https:\/\/medclinics.com\/wp-content\/uploads\/2023\/04\/muscle-relaxant-in-istanbul-in-turkey.webp 1000w, https:\/\/medclinics.com\/wp-content\/uploads\/2023\/04\/muscle-relaxant-in-istanbul-in-turkey-500x298.webp 500w, https:\/\/medclinics.com\/wp-content\/uploads\/2023\/04\/muscle-relaxant-in-istanbul-in-turkey-768x457.webp 768w\" sizes=\"(max-width: 1000px) 100vw, 1000px\" \/><\/figure>\n\n<p>In den letzten Jahren hat die Zahl der \u00e4sthetischen Behandlungen erheblich zugenommen, und die Tendenz ist steigend. Wer w\u00fcrde nicht gerne 10 Jahre j\u00fcnger aussehen, und das ohne Operation?<\/p>\n\n<p>So ist das ber\u00fchmte <a href=\"https:\/\/en.wikipedia.org\/wiki\/Botulinum_toxin\" target=\"_blank\" rel=\"noreferrer noopener\">Muskelrelaxans<\/a>, das st\u00e4rkste bekannte Nervengift, in der Kosmetikindustrie l\u00e4ngst unverzichtbar geworden. Es hemmt die \u00dcbertragung der Erregung von den Nerven auf den Muskel und l\u00e4sst Falten durch eine kleine Injektion an der richtigen Stelle verschwinden. Es wird u. a. zur <a href=\"https:\/\/medclinics.com\/de\/faltenbehandlung-mit-muskelrelaxans\/\" target=\"_blank\" data-type=\"page\" data-id=\"87987\" rel=\"noreferrer noopener\">Faltenbehandlung<\/a> eingesetzt, um Zornesfalten, Kr\u00e4henf\u00fc\u00dfe, Erdbeerkinn und Stirnfalten zu beseitigen.<\/p>\n\n<p>Es wird jedoch nicht nur zu kosmetischen Zwecken eingesetzt, sondern auch zur Bek\u00e4mpfung von Migr\u00e4ne, Z\u00e4hneknirschen oder extremen Schwei\u00dff\u00fc\u00dfen und -h\u00e4nden.<\/p>\n\n<p>Muskelrelaxans ist ein Nervengift, das nur von erfahrenen \u00c4rzten verwendet werden darf. In hoher Dosierung und in den falschen H\u00e4nden kann es sehr gef\u00e4hrlich sein.<\/p>\n\n<p>Bei MedClinics finden Sie die bekanntesten und besten \u00c4rzte, Kliniken und Sch\u00f6nheitssalons, die seit Jahren Spezialisten auf ihrem Gebiet sind. Profitieren Sie von unserer Erfahrung und lassen Sie sich von uns beraten. Rufen Sie jetzt an und erf\u00fcllen Sie sich Ihren Traum von ewiger Jugend!<\/p>\n\n<h2 class=\"wp-block-heading\">Kontaktieren Sie uns, Ihr pers\u00f6nlicher Berater wird Sie durch den Prozess f\u00fchren &amp; beraten!<\/h2>\n\n<p>Gemeinsam mit MedClinics finden Sie die f\u00fcr Sie passende Behandlung. Wir erl\u00e4utern Ihnen alle Einzelheiten und helfen Ihnen, die f\u00fcr Ihre Bed\u00fcrfnisse am besten geeignete Klinik zu finden.<br\/><\/p>\n","protected":false},"excerpt":{"rendered":"<p>Das Alter sollte kein Geheimnis sein, aber Ihr Gesicht ist ein Spiegelbild der Jugend in Ihrer Seele! Wenden Sie die [&hellip;]<\/p>\n","protected":false},"author":4,"featured_media":98766,"parent":0,"menu_order":0,"comment_status":"closed","ping_status":"closed","template":"","meta":{"site-sidebar-layout":"default","site-content-layout":"","ast-site-content-layout":"default","site-content-style":"default","site-sidebar-style":"default","ast-global-header-display":"","ast-banner-title-visibility":"","ast-main-header-display":"","ast-hfb-above-header-display":"","ast-hfb-below-header-display":"","ast-hfb-mobile-header-display":"","site-post-title":"","ast-breadcrumbs-content":"","ast-featured-img":"","footer-sml-layout":"","ast-disable-related-posts":"","theme-transparent-header-meta":"","adv-header-id-meta":"","stick-header-meta":"","header-above-stick-meta":"","header-main-stick-meta":"","header-below-stick-meta":"","astra-migrate-meta-layouts":"default","ast-page-background-enabled":"default","ast-page-background-meta":{"desktop":{"background-color":"var(--ast-global-color-4)","background-image":"","background-repeat":"repeat","background-position":"center center","background-size":"auto","background-attachment":"scroll","background-type":"","background-media":"","overlay-type":"","overlay-color":"","overlay-opacity":"","overlay-gradient":""},"tablet":{"background-color":"","background-image":"","background-repeat":"repeat","background-position":"center center","background-size":"auto","background-attachment":"scroll","background-type":"","background-media":"","overlay-type":"","overlay-color":"","overlay-opacity":"","overlay-gradient":""},"mobile":{"background-color":"","background-image":"","background-repeat":"repeat","background-position":"center center","background-size":"auto","background-attachment":"scroll","background-type":"","background-media":"","overlay-type":"","overlay-color":"","overlay-opacity":"","overlay-gradient":""}},"ast-content-background-meta":{"desktop":{"background-color":"var(--ast-global-color-5)","background-image":"","background-repeat":"repeat","background-position":"center center","background-size":"auto","background-attachment":"scroll","background-type":"","background-media":"","overlay-type":"","overlay-color":"","overlay-opacity":"","overlay-gradient":""},"tablet":{"background-color":"var(--ast-global-color-5)","background-image":"","background-repeat":"repeat","background-position":"center center","background-size":"auto","background-attachment":"scroll","background-type":"","background-media":"","overlay-type":"","overlay-color":"","overlay-opacity":"","overlay-gradient":""},"mobile":{"background-color":"var(--ast-global-color-5)","background-image":"","background-repeat":"repeat","background-position":"center center","background-size":"auto","background-attachment":"scroll","background-type":"","background-media":"","overlay-type":"","overlay-color":"","overlay-opacity":"","overlay-gradient":""}},"footnotes":""},"class_list":["post-144413","page","type-page","status-publish","has-post-thumbnail","hentry"],"_links":{"self":[{"href":"https:\/\/medclinics.com\/de\/wp-json\/wp\/v2\/pages\/144413","targetHints":{"allow":["GET"]}}],"collection":[{"href":"https:\/\/medclinics.com\/de\/wp-json\/wp\/v2\/pages"}],"about":[{"href":"https:\/\/medclinics.com\/de\/wp-json\/wp\/v2\/types\/page"}],"author":[{"embeddable":true,"href":"https:\/\/medclinics.com\/de\/wp-json\/wp\/v2\/users\/4"}],"replies":[{"embeddable":true,"href":"https:\/\/medclinics.com\/de\/wp-json\/wp\/v2\/comments?post=144413"}],"version-history":[{"count":0,"href":"https:\/\/medclinics.com\/de\/wp-json\/wp\/v2\/pages\/144413\/revisions"}],"wp:featuredmedia":[{"embeddable":true,"href":"https:\/\/medclinics.com\/de\/wp-json\/wp\/v2\/media\/98766"}],"wp:attachment":[{"href":"https:\/\/medclinics.com\/de\/wp-json\/wp\/v2\/media?parent=144413"}],"curies":[{"name":"wp","href":"https:\/\/api.w.org\/{rel}","templated":true}]}}